{"id":5525,"date":"2022-07-21T11:24:25","date_gmt":"2022-07-21T15:24:25","guid":{"rendered":"https:\/\/www.sherex.com\/ueber-sherex-fastening-solutions\/sherex-vereinigtes-koenigreich\/"},"modified":"2024-11-13T06:15:58","modified_gmt":"2024-11-13T10:15:58","slug":"sherex-vereinigtes-koenigreich","status":"publish","type":"page","link":"https:\/\/www.sherex.com\/de\/ueber-sherex-fastening-solutions\/sherex-vereinigtes-koenigreich\/","title":{"rendered":"Sherex Vereinigtes K\u00f6nigreich"},"content":{"rendered":"<h2><img loading=\"lazy\" decoding=\"async\" width=\"800\" height=\"229\" class=\"aligncenter size-full wp-image-2283\" src=\"https:\/\/www.sherex.com\/wp-content\/uploads\/SherexUK-Page-header.png\" title=\"Sherex Vereinigtes K\u00f6nigreich\" alt=\"Sherex Vereinigtes K\u00f6nigreich\" srcset=\"https:\/\/www.sherex.com\/wp-content\/uploads\/SherexUK-Page-header.png 800w, https:\/\/www.sherex.com\/wp-content\/uploads\/SherexUK-Page-header-500x143.png 500w, https:\/\/www.sherex.com\/wp-content\/uploads\/SherexUK-Page-header-768x220.png 768w\" sizes=\"auto, (max-width: 709px) 85vw, (max-width: 909px) 67vw, (max-width: 1362px) 62vw, 840px\" \/><\/h2>\n<h2 style=\"text-align: center;\">Nietmuttern, Befestigungselemente, Keilsicherungsscheiben und Werkzeuge f\u00fcr das Vereinigte K\u00f6nigreich und Irland<\/h2>\n<p><strong>Sherex UK<\/strong> ist ein Vertriebs-, Kundendienst-, Entwicklungs-, Lager- und Vertriebszentrum von Sherex f\u00fcr Befestigungsprodukte mit Sitz in Burnley, England.<\/p>\n<p><img loading=\"lazy\" decoding=\"async\" class=\"alignleft wp-image-2293\" src=\"https:\/\/www.sherex.com\/wp-content\/uploads\/Adam-Glaser-CAH-787x1024.png\" title=\"Sherex Befestigungstechnik\" alt=\"Sherex Befestigungstechnik\" width=\"232\" height=\"302\" srcset=\"https:\/\/www.sherex.com\/wp-content\/uploads\/Adam-Glaser-CAH-787x1024.png 787w, https:\/\/www.sherex.com\/wp-content\/uploads\/Adam-Glaser-CAH-500x651.png 500w, https:\/\/www.sherex.com\/wp-content\/uploads\/Adam-Glaser-CAH-768x999.png 768w, https:\/\/www.sherex.com\/wp-content\/uploads\/Adam-Glaser-CAH.png 800w\" sizes=\"auto, (max-width: 709px) 85vw, (max-width: 909px) 67vw, (max-width: 1362px) 62vw, 840px\" \/>Von unserem Standort in England aus kann Sherex Kunden aus ganz Gro\u00dfbritannien, Irland und Europa unterst\u00fctzen, die von schnelleren Lieferzeiten und engagierterem technischen und ingenieurtechnischen Support profitieren.<\/p>\n<p>Sherex hat im Laufe der Jahre Hunderte von Befestigungskunden und -projekten in Europa unterst\u00fctzt und dieser Standort bringt uns n\u00e4her an sie und unsere Partner heran. Von unserem Standort Sherex UK erhalten Sie schnellere Lieferzeiten f\u00fcr alle Produkte, einschlie\u00dflich <a href=\"https:\/\/fasteners.sherex.com\/category\/blind-rivet-nuts\">Nietmuttern<\/a>, <a href=\"https:\/\/www.sherex.com\/de\/einpressmuttern\/\">Clinchmuttern<\/a>, <a href=\"https:\/\/www.sherex.com\/de\/befestigungsinstallationssysteme\/\">Disc-Lock\u00ae und TEC Series\u00ae Keilsicherungsprodukte<\/a> und alle <a href=\"https:\/\/www.sherex.com\/de\/befestigungsinstallationssysteme\/\">Befestigungsinstallationssysteme<\/a>.<\/p>\n<p>Ein weiterer Vorteil von Sherex UK ist die M\u00f6glichkeit, noch enger mit unserem Partner Dejond zusammenzuarbeiten, einem Industrielieferanten von Nichteisenmetallen, Bau- und Befestigungssystemen und Hersteller von Tubtara\u00ae-Nietmuttern.<\/p>\n<p>Sherex UK ist die erste Niederlassung von Sherex in Europa. Sherex hat k\u00fcrzlich <a href=\"https:\/\/www.sherex.com\/de\/ueber-sherex-fastening-solutions\/sherex-polen\/\">Sherex Poland<\/a> mit Sitz in Warschau hinzugef\u00fcgt. Sherex Poland bietet von seinem Standort in Warschau aus auch Vertrieb, Lagerhaltung, Kundendienst und technischen Support f\u00fcr Kunden in Europa, die sich aufgrund des Brexits mit den logistischen Komplexit\u00e4ten auseinandersetzen m\u00fcssen.<\/p>\n<p>Dies ist nun der sechste Sherex-Standort und ein wichtiger Teil der <a href=\"https:\/\/www.sherex.com\/de\/globale-abdeckung\/\">global-coverage\/&#8220;>globalen Abdeckung von Sherex<\/a>, um unseren Partnern auf der ganzen Welt die besten Befestigungselemente herzustellen und bereitzustellen.<\/p>\n<p>Kontaktieren Sie <a href=\"mailto:salesuk@sherex.com\">salesuk@sherex.com<\/a>, um zu erfahren, wie Sherex UK europ\u00e4ischen Herstellern helfen kann, die Qualit\u00e4t ihrer Produkte durch hochwertige Befestigungsl\u00f6sungen zu verbessern.<\/p>\n","protected":false},"excerpt":{"rendered":"<p>Nietmuttern, Befestigungselemente, Keilsicherungsscheiben und Werkzeuge f\u00fcr das Vereinigte K\u00f6nigreich und Irland Sherex UK ist ein Vertriebs-, Kundendienst-, Entwicklungs-, Lager- und Vertriebszentrum von Sherex f\u00fcr Befestigungsprodukte mit Sitz in Burnley, England. Von unserem Standort in England aus kann Sherex Kunden aus ganz Gro\u00dfbritannien, Irland und Europa unterst\u00fctzen, die von schnelleren Lieferzeiten und engagierterem technischen und ingenieurtechnischen [&hellip;]<\/p>\n","protected":false},"author":17,"featured_media":0,"parent":5520,"menu_order":0,"comment_status":"closed","ping_status":"closed","template":"","meta":{"_acf_changed":false,"om_disable_all_campaigns":false,"inline_featured_image":false,"_monsterinsights_skip_tracking":false,"_monsterinsights_sitenote_active":false,"_monsterinsights_sitenote_note":"","_monsterinsights_sitenote_category":0,"_uf_show_specific_survey":0,"_uf_disable_surveys":false,"footnotes":""},"class_list":["post-5525","page","type-page","status-publish","hentry"],"acf":[],"yoast_head":"<!-- This site is optimized with the Yoast SEO plugin v27.4 - https:\/\/yoast.com\/product\/yoast-seo-wordpress\/ -->\n<title>Sherex Vereinigtes K\u00f6nigreich - Sherex Fastening Solutions<\/title>\n<meta name=\"description\" content=\"Sherex UK ist ein Verkaufs-, Vertriebs-, Entwicklungs- und Kundensupportzentrum mit Sitz in Burnley (Gro\u00dfbritannien), das Gro\u00dfbritannien, Irland und die EU unterst\u00fctzt.\" \/>\n<meta name=\"robots\" content=\"index, follow, max-snippet:-1, max-image-preview:large, max-video-preview:-1\" \/>\n<link rel=\"canonical\" href=\"https:\/\/www.sherex.com\/de\/ueber-sherex-fastening-solutions\/sherex-vereinigtes-koenigreich\/\" \/>\n<meta property=\"og:locale\" content=\"de_DE\" \/>\n<meta property=\"og:type\" content=\"article\" \/>\n<meta property=\"og:title\" content=\"Sherex Vereinigtes K\u00f6nigreich - Sherex Fastening Solutions\" \/>\n<meta property=\"og:description\" content=\"Sherex UK ist ein Verkaufs-, Vertriebs-, Entwicklungs- und Kundensupportzentrum mit Sitz in Burnley (Gro\u00dfbritannien), das Gro\u00dfbritannien, Irland und die EU unterst\u00fctzt.\" \/>\n<meta property=\"og:url\" content=\"https:\/\/www.sherex.com\/de\/ueber-sherex-fastening-solutions\/sherex-vereinigtes-koenigreich\/\" \/>\n<meta property=\"og:site_name\" content=\"Sherex Fastening Solutions\" \/>\n<meta property=\"article:modified_time\" content=\"2024-11-13T10:15:58+00:00\" \/>\n<meta property=\"og:image\" content=\"https:\/\/www.sherex.com\/wp-content\/uploads\/SherexUK-Page-header.png\" \/>\n<meta name=\"twitter:label1\" content=\"Est. reading time\" \/>\n\t<meta name=\"twitter:data1\" content=\"3 Minuten\" \/>\n<script type=\"application\/ld+json\" class=\"yoast-schema-graph\">{\"@context\":\"https:\\\/\\\/schema.org\",\"@graph\":[{\"@type\":\"WebPage\",\"@id\":\"https:\\\/\\\/www.sherex.com\\\/de\\\/ueber-sherex-fastening-solutions\\\/sherex-vereinigtes-koenigreich\\\/\",\"url\":\"https:\\\/\\\/www.sherex.com\\\/de\\\/ueber-sherex-fastening-solutions\\\/sherex-vereinigtes-koenigreich\\\/\",\"name\":\"Sherex Vereinigtes K\u00f6nigreich - Sherex Fastening Solutions\",\"isPartOf\":{\"@id\":\"https:\\\/\\\/www.sherex.com\\\/de\\\/#website\"},\"primaryImageOfPage\":{\"@id\":\"https:\\\/\\\/www.sherex.com\\\/de\\\/ueber-sherex-fastening-solutions\\\/sherex-vereinigtes-koenigreich\\\/#primaryimage\"},\"image\":{\"@id\":\"https:\\\/\\\/www.sherex.com\\\/de\\\/ueber-sherex-fastening-solutions\\\/sherex-vereinigtes-koenigreich\\\/#primaryimage\"},\"thumbnailUrl\":\"https:\\\/\\\/www.sherex.com\\\/wp-content\\\/uploads\\\/SherexUK-Page-header.png\",\"datePublished\":\"2022-07-21T15:24:25+00:00\",\"dateModified\":\"2024-11-13T10:15:58+00:00\",\"description\":\"Sherex UK ist ein Verkaufs-, Vertriebs-, Entwicklungs- und Kundensupportzentrum mit Sitz in Burnley (Gro\u00dfbritannien), das Gro\u00dfbritannien, Irland und die EU unterst\u00fctzt.\",\"breadcrumb\":{\"@id\":\"https:\\\/\\\/www.sherex.com\\\/de\\\/ueber-sherex-fastening-solutions\\\/sherex-vereinigtes-koenigreich\\\/#breadcrumb\"},\"inLanguage\":\"de-DE\",\"potentialAction\":[{\"@type\":\"ReadAction\",\"target\":[\"https:\\\/\\\/www.sherex.com\\\/de\\\/ueber-sherex-fastening-solutions\\\/sherex-vereinigtes-koenigreich\\\/\"]}]},{\"@type\":\"ImageObject\",\"inLanguage\":\"de-DE\",\"@id\":\"https:\\\/\\\/www.sherex.com\\\/de\\\/ueber-sherex-fastening-solutions\\\/sherex-vereinigtes-koenigreich\\\/#primaryimage\",\"url\":\"https:\\\/\\\/www.sherex.com\\\/wp-content\\\/uploads\\\/SherexUK-Page-header.png\",\"contentUrl\":\"https:\\\/\\\/www.sherex.com\\\/wp-content\\\/uploads\\\/SherexUK-Page-header.png\"},{\"@type\":\"BreadcrumbList\",\"@id\":\"https:\\\/\\\/www.sherex.com\\\/de\\\/ueber-sherex-fastening-solutions\\\/sherex-vereinigtes-koenigreich\\\/#breadcrumb\",\"itemListElement\":[{\"@type\":\"ListItem\",\"position\":1,\"name\":\"Home\",\"item\":\"https:\\\/\\\/www.sherex.com\\\/de\\\/\"},{\"@type\":\"ListItem\",\"position\":2,\"name\":\"\u00dcber Sherex Fastening Solutions\",\"item\":\"https:\\\/\\\/www.sherex.com\\\/de\\\/ueber-sherex-fastening-solutions\\\/\"},{\"@type\":\"ListItem\",\"position\":3,\"name\":\"Sherex Vereinigtes K\u00f6nigreich\"}]},{\"@type\":\"WebSite\",\"@id\":\"https:\\\/\\\/www.sherex.com\\\/de\\\/#website\",\"url\":\"https:\\\/\\\/www.sherex.com\\\/de\\\/\",\"name\":\"Sherex Fastening Solutions\",\"description\":\"\",\"potentialAction\":[{\"@type\":\"SearchAction\",\"target\":{\"@type\":\"EntryPoint\",\"urlTemplate\":\"https:\\\/\\\/www.sherex.com\\\/de\\\/?s={search_term_string}\"},\"query-input\":{\"@type\":\"PropertyValueSpecification\",\"valueRequired\":true,\"valueName\":\"search_term_string\"}}],\"inLanguage\":\"de-DE\"}]}<\/script>\n<!-- \/ Yoast SEO plugin. -->","yoast_head_json":{"title":"Sherex Vereinigtes K\u00f6nigreich - Sherex Fastening Solutions","description":"Sherex UK ist ein Verkaufs-, Vertriebs-, Entwicklungs- und Kundensupportzentrum mit Sitz in Burnley (Gro\u00dfbritannien), das Gro\u00dfbritannien, Irland und die EU unterst\u00fctzt.","robots":{"index":"index","follow":"follow","max-snippet":"max-snippet:-1","max-image-preview":"max-image-preview:large","max-video-preview":"max-video-preview:-1"},"canonical":"https:\/\/www.sherex.com\/de\/ueber-sherex-fastening-solutions\/sherex-vereinigtes-koenigreich\/","og_locale":"de_DE","og_type":"article","og_title":"Sherex Vereinigtes K\u00f6nigreich - Sherex Fastening Solutions","og_description":"Sherex UK ist ein Verkaufs-, Vertriebs-, Entwicklungs- und Kundensupportzentrum mit Sitz in Burnley (Gro\u00dfbritannien), das Gro\u00dfbritannien, Irland und die EU unterst\u00fctzt.","og_url":"https:\/\/www.sherex.com\/de\/ueber-sherex-fastening-solutions\/sherex-vereinigtes-koenigreich\/","og_site_name":"Sherex Fastening Solutions","article_modified_time":"2024-11-13T10:15:58+00:00","og_image":[{"url":"https:\/\/www.sherex.com\/wp-content\/uploads\/SherexUK-Page-header.png","type":"","width":"","height":""}],"twitter_misc":{"Est. reading time":"3 Minuten"},"schema":{"@context":"https:\/\/schema.org","@graph":[{"@type":"WebPage","@id":"https:\/\/www.sherex.com\/de\/ueber-sherex-fastening-solutions\/sherex-vereinigtes-koenigreich\/","url":"https:\/\/www.sherex.com\/de\/ueber-sherex-fastening-solutions\/sherex-vereinigtes-koenigreich\/","name":"Sherex Vereinigtes K\u00f6nigreich - Sherex Fastening Solutions","isPartOf":{"@id":"https:\/\/www.sherex.com\/de\/#website"},"primaryImageOfPage":{"@id":"https:\/\/www.sherex.com\/de\/ueber-sherex-fastening-solutions\/sherex-vereinigtes-koenigreich\/#primaryimage"},"image":{"@id":"https:\/\/www.sherex.com\/de\/ueber-sherex-fastening-solutions\/sherex-vereinigtes-koenigreich\/#primaryimage"},"thumbnailUrl":"https:\/\/www.sherex.com\/wp-content\/uploads\/SherexUK-Page-header.png","datePublished":"2022-07-21T15:24:25+00:00","dateModified":"2024-11-13T10:15:58+00:00","description":"Sherex UK ist ein Verkaufs-, Vertriebs-, Entwicklungs- und Kundensupportzentrum mit Sitz in Burnley (Gro\u00dfbritannien), das Gro\u00dfbritannien, Irland und die EU unterst\u00fctzt.","breadcrumb":{"@id":"https:\/\/www.sherex.com\/de\/ueber-sherex-fastening-solutions\/sherex-vereinigtes-koenigreich\/#breadcrumb"},"inLanguage":"de-DE","potentialAction":[{"@type":"ReadAction","target":["https:\/\/www.sherex.com\/de\/ueber-sherex-fastening-solutions\/sherex-vereinigtes-koenigreich\/"]}]},{"@type":"ImageObject","inLanguage":"de-DE","@id":"https:\/\/www.sherex.com\/de\/ueber-sherex-fastening-solutions\/sherex-vereinigtes-koenigreich\/#primaryimage","url":"https:\/\/www.sherex.com\/wp-content\/uploads\/SherexUK-Page-header.png","contentUrl":"https:\/\/www.sherex.com\/wp-content\/uploads\/SherexUK-Page-header.png"},{"@type":"BreadcrumbList","@id":"https:\/\/www.sherex.com\/de\/ueber-sherex-fastening-solutions\/sherex-vereinigtes-koenigreich\/#breadcrumb","itemListElement":[{"@type":"ListItem","position":1,"name":"Home","item":"https:\/\/www.sherex.com\/de\/"},{"@type":"ListItem","position":2,"name":"\u00dcber Sherex Fastening Solutions","item":"https:\/\/www.sherex.com\/de\/ueber-sherex-fastening-solutions\/"},{"@type":"ListItem","position":3,"name":"Sherex Vereinigtes K\u00f6nigreich"}]},{"@type":"WebSite","@id":"https:\/\/www.sherex.com\/de\/#website","url":"https:\/\/www.sherex.com\/de\/","name":"Sherex Fastening Solutions","description":"","potentialAction":[{"@type":"SearchAction","target":{"@type":"EntryPoint","urlTemplate":"https:\/\/www.sherex.com\/de\/?s={search_term_string}"},"query-input":{"@type":"PropertyValueSpecification","valueRequired":true,"valueName":"search_term_string"}}],"inLanguage":"de-DE"}]}},"_links":{"self":[{"href":"https:\/\/www.sherex.com\/de\/wp-json\/wp\/v2\/pages\/5525","targetHints":{"allow":["GET"]}}],"collection":[{"href":"https:\/\/www.sherex.com\/de\/wp-json\/wp\/v2\/pages"}],"about":[{"href":"https:\/\/www.sherex.com\/de\/wp-json\/wp\/v2\/types\/page"}],"author":[{"embeddable":true,"href":"https:\/\/www.sherex.com\/de\/wp-json\/wp\/v2\/users\/17"}],"replies":[{"embeddable":true,"href":"https:\/\/www.sherex.com\/de\/wp-json\/wp\/v2\/comments?post=5525"}],"version-history":[{"count":0,"href":"https:\/\/www.sherex.com\/de\/wp-json\/wp\/v2\/pages\/5525\/revisions"}],"up":[{"embeddable":true,"href":"https:\/\/www.sherex.com\/de\/wp-json\/wp\/v2\/pages\/5520"}],"wp:attachment":[{"href":"https:\/\/www.sherex.com\/de\/wp-json\/wp\/v2\/media?parent=5525"}],"curies":[{"name":"wp","href":"https:\/\/api.w.org\/{rel}","templated":true}]}}