{"id":5532,"date":"2023-04-13T15:04:49","date_gmt":"2023-04-13T19:04:49","guid":{"rendered":"https:\/\/www.sherex.com\/kompressionsbegrenzer\/"},"modified":"2024-11-15T08:21:48","modified_gmt":"2024-11-15T12:21:48","slug":"kompressionsbegrenzer","status":"publish","type":"page","link":"https:\/\/www.sherex.com\/de\/kompressionsbegrenzer\/","title":{"rendered":"Kompressionsbegrenzer"},"content":{"rendered":"<p><img loading=\"lazy\" decoding=\"async\" class=\" wp-image-2550 aligncenter\" src=\"https:\/\/www.sherex.com\/wp-content\/uploads\/Compression-Limiter-collage.png\" title=\"Kompressionsbegrenzer\" alt=\"Kompressionsbegrenzer\" width=\"709\" height=\"180\" srcset=\"https:\/\/www.sherex.com\/wp-content\/uploads\/Compression-Limiter-collage.png 1000w, https:\/\/www.sherex.com\/wp-content\/uploads\/Compression-Limiter-collage-500x127.png 500w, https:\/\/www.sherex.com\/wp-content\/uploads\/Compression-Limiter-collage-768x195.png 768w\" sizes=\"auto, (max-width: 709px) 85vw, (max-width: 909px) 67vw, (max-width: 1362px) 62vw, 840px\" \/><\/p>\n<p>Kompressionsbegrenzer k\u00f6nnen eine wesentliche Komponente bei der Verbindungsmontage sein, da sie eine \u00dcberbeanspruchung des Grundmaterials und einen Verlust der Klemmkraft des Befestigungselements w\u00e4hrend der Installation verhindern. Diese zylindrischen oder ringf\u00f6rmigen Komponenten, die normalerweise aus Stahl, Edelstahl, Messing oder Aluminium bestehen, arbeiten in Verbindung mit Befestigungselementen wie <a href=\"https:\/\/fasteners.sherex.com\/category\/blind-rivet-nuts\">Blindnietmuttern<\/a>, um w\u00e4hrend der Montage eine Kraft\u00fcbertragung von Metall auf Metall zu gew\u00e4hrleisten. Dadurch wird sichergestellt, dass das umgebende Material unbesch\u00e4digt bleibt und das Gewindebefestigungselement aufgrund \u00fcberm\u00e4\u00dfigen Drucks oder \u00fcberm\u00e4\u00dfiger Kraft nicht verformt oder herauszieht\/herausdr\u00fcckt.<\/p>\n<p><img loading=\"lazy\" decoding=\"async\" class=\" wp-image-2545 alignright\" src=\"https:\/\/www.sherex.com\/wp-content\/uploads\/Compression-Limiter-Diagram.jpg\" title=\"Kompressionsbegrenzer\" alt=\"Kompressionsbegrenzer\" width=\"368\" height=\"185\" srcset=\"https:\/\/www.sherex.com\/wp-content\/uploads\/Compression-Limiter-Diagram.jpg 594w, https:\/\/www.sherex.com\/wp-content\/uploads\/Compression-Limiter-Diagram-500x252.jpg 500w\" sizes=\"auto, (max-width: 709px) 85vw, (max-width: 909px) 67vw, (max-width: 1362px) 62vw, 840px\" \/>Kompressionsbegrenzer sind so konzipiert, dass sie eine L\u00fccke f\u00fcr eine Metall-auf-Metall-Last\u00fcbertragung f\u00fcllen, um den Verschluss und das Material vor Besch\u00e4digungen zu sch\u00fctzen. Wenn der Verschluss festgezogen wird, wird der Kompressionsbegrenzer zwischen dem Verschlusskopf und den zu verbindenden Metallteilen zusammengedr\u00fcckt, um eine kompakte Baugruppe zu bilden.<\/p>\n<p>Kompressionsbegrenzer werden h\u00e4ufig in der Automobil-, Luft- und Raumfahrtindustrie, <a href=\"https:\/\/www.sherex.com\/de\/loesungen-fuer-bau-und-landwirtschaftsmaschinen\/\">Bau- und Landmaschinen<\/a> und im allgemeinen Bauwesen eingesetzt, wo hohe Festigkeit und Zuverl\u00e4ssigkeit entscheidend sind. Sie sind besonders n\u00fctzlich in Anwendungen, bei denen die Verbindung erheblichen Belastungen oder Spannungen standhalten muss, wie z. B. bei Strukturverbindungen oder Motorkomponenten.<\/p>\n<p><a href=\"https:\/\/fasteners.sherex.com\/\/viewitems\/blind-rivet-nuts\/specialty-fasteners\">Sherex entwickelt kundenspezifische<\/a> Kompressionsbegrenzer f\u00fcr jede Anwendung und ber\u00fccksichtigt dabei spezifische Material-, Ma\u00df- und Leistungsanforderungen. Wenn Sie weitere Informationen zu den Kompressionsbegrenzern von Sherex w\u00fcnschen oder sich die sofort verf\u00fcgbaren Artikel ansehen m\u00f6chten, f\u00fcllen Sie bitte das nachstehende Formular aus.<\/p>\n<p>&nbsp;<\/p>\n<div class=\"wpforms-container wpforms-container-full\" id=\"wpforms-7237\"><form id=\"wpforms-form-7237\" class=\"wpforms-validate wpforms-form\" data-formid=\"7237\" method=\"post\" enctype=\"multipart\/form-data\" action=\"\/de\/wp-json\/wp\/v2\/pages\/5532\" data-token=\"a5e61efbb4af8d7f40a9800b59d986ec\" data-token-time=\"1776673021\"><noscript class=\"wpforms-error-noscript\">Please enable JavaScript in your browser to complete this form.<\/noscript><div class=\"wpforms-field-container\"><div id=\"wpforms-7237-field_0-container\" class=\"wpforms-field wpforms-field-name\" data-field-id=\"0\"><label class=\"wpforms-field-label\">Name <span class=\"wpforms-required-label\">*<\/span><\/label><div class=\"wpforms-field-row wpforms-field-medium\"><div class=\"wpforms-field-row-block wpforms-first wpforms-one-half\"><input type=\"text\" id=\"wpforms-7237-field_0\" class=\"wpforms-field-name-first wpforms-field-required\" name=\"wpforms[fields][0][first]\" required><label for=\"wpforms-7237-field_0\" class=\"wpforms-field-sublabel after\">First<\/label><\/div><div class=\"wpforms-field-row-block wpforms-one-half\"><input type=\"text\" id=\"wpforms-7237-field_0-last\" class=\"wpforms-field-name-last wpforms-field-required\" name=\"wpforms[fields][0][last]\" required><label for=\"wpforms-7237-field_0-last\" class=\"wpforms-field-sublabel after\">Last<\/label><\/div><\/div><\/div><div id=\"wpforms-7237-field_1-container\" class=\"wpforms-field wpforms-field-email\" data-field-id=\"1\"><label class=\"wpforms-field-label\" for=\"wpforms-7237-field_1\">E-Mail <span class=\"wpforms-required-label\">*<\/span><\/label><input type=\"email\" id=\"wpforms-7237-field_1\" class=\"wpforms-field-medium wpforms-field-required\" name=\"wpforms[fields][1]\" spellcheck=\"false\" required><\/div><div id=\"wpforms-7237-field_4-container\" class=\"wpforms-field wpforms-field-number\" data-field-id=\"4\"><label class=\"wpforms-field-label\" for=\"wpforms-7237-field_4\">Telefonnummer <span class=\"wpforms-required-label\">*<\/span><\/label><input type=\"number\" id=\"wpforms-7237-field_4\" class=\"wpforms-field-medium wpforms-field-required\" name=\"wpforms[fields][4]\" step=\"any\" required><\/div><div id=\"wpforms-7237-field_2-container\" class=\"wpforms-field wpforms-field-textarea\" data-field-id=\"2\"><label class=\"wpforms-field-label\" for=\"wpforms-7237-field_2\">Kommentar oder Nachricht <span class=\"wpforms-required-label\">*<\/span><\/label><textarea id=\"wpforms-7237-field_2\" class=\"wpforms-field-medium wpforms-field-required\" name=\"wpforms[fields][2]\" required><\/textarea><div class=\"wpforms-field-description\">Kompressionsbegrenzer Anfrage<\/div><\/div><\/div><!-- .wpforms-field-container --><div class=\"wpforms-field wpforms-field-hp\"><label for=\"wpforms-7237-field-hp\" class=\"wpforms-field-label\">Comment<\/label><input type=\"text\" name=\"wpforms[hp]\" id=\"wpforms-7237-field-hp\" class=\"wpforms-field-medium\"><\/div><div class=\"wpforms-submit-container\" ><input type=\"hidden\" name=\"wpforms[id]\" value=\"7237\"><input type=\"hidden\" name=\"page_title\" value=\"\"><input type=\"hidden\" name=\"page_url\" value=\"https:\/\/www.sherex.com\/de\/wp-json\/wp\/v2\/pages\/5532\"><input type=\"hidden\" name=\"url_referer\" value=\"\"><button type=\"submit\" name=\"wpforms[submit]\" id=\"wpforms-submit-7237\" class=\"wpforms-submit\" data-alt-text=\"Sending...\" data-submit-text=\"Einreichen\" aria-live=\"assertive\" value=\"wpforms-submit\">Einreichen<\/button><\/div><input type=\"hidden\" id=\"ct_checkjs_wpforms_d2ed45a52bc0edfa11c2064e9edee8bf\" name=\"ct_checkjs_wpforms\" value=\"0\" \/><script>setTimeout(function(){var ct_input_name = \"ct_checkjs_wpforms_d2ed45a52bc0edfa11c2064e9edee8bf\";if (document.getElementById(ct_input_name) !== null) {var ct_input_value = document.getElementById(ct_input_name).value;document.getElementById(ct_input_name).value = document.getElementById(ct_input_name).value.replace(ct_input_value, '1991771696');}}, 1000);<\/script><input\n                    class=\"apbct_special_field apbct_email_id__wp_wpforms\"\n                    name=\"apbct__email_id__wp_wpforms\"\n                    aria-label=\"apbct__label_id__wp_wpforms\"\n                    type=\"text\" size=\"30\" maxlength=\"200\" autocomplete=\"off\"\n                    value=\"\"\n                \/><\/form><\/div>  <!-- .wpforms-container -->\n","protected":false},"excerpt":{"rendered":"<p>Kompressionsbegrenzer k\u00f6nnen eine wesentliche Komponente bei der Verbindungsmontage sein, da sie eine \u00dcberbeanspruchung des Grundmaterials und einen Verlust der Klemmkraft des Befestigungselements w\u00e4hrend der Installation verhindern. Diese zylindrischen oder ringf\u00f6rmigen Komponenten, die normalerweise aus Stahl, Edelstahl, Messing oder Aluminium bestehen, arbeiten in Verbindung mit Befestigungselementen wie Blindnietmuttern, um w\u00e4hrend der Montage eine Kraft\u00fcbertragung von Metall [&hellip;]<\/p>\n","protected":false},"author":17,"featured_media":0,"parent":0,"menu_order":0,"comment_status":"closed","ping_status":"closed","template":"","meta":{"_acf_changed":false,"om_disable_all_campaigns":false,"inline_featured_image":false,"_monsterinsights_skip_tracking":false,"_monsterinsights_sitenote_active":false,"_monsterinsights_sitenote_note":"","_monsterinsights_sitenote_category":0,"_uf_show_specific_survey":0,"_uf_disable_surveys":false,"footnotes":""},"class_list":["post-5532","page","type-page","status-publish","hentry"],"acf":[],"yoast_head":"<!-- This site is optimized with the Yoast SEO plugin v27.4 - https:\/\/yoast.com\/product\/yoast-seo-wordpress\/ -->\n<title>Kompressionsbegrenzer | Kundenspezifische Kompressionsbegrenzer | Sherex<\/title>\n<meta name=\"description\" content=\"Sherex stellt Kompressionsbegrenzer f\u00fcr eine Vielzahl von Branchen her. Bitte kontaktieren Sie uns, um zu erfahren, wie wir Ihnen bei Ihrer Befestigungsanwendung helfen k\u00f6nnen.\" \/>\n<meta name=\"robots\" content=\"index, follow, max-snippet:-1, max-image-preview:large, max-video-preview:-1\" \/>\n<link rel=\"canonical\" href=\"https:\/\/www.sherex.com\/de\/kompressionsbegrenzer\/\" \/>\n<meta property=\"og:locale\" content=\"de_DE\" \/>\n<meta property=\"og:type\" content=\"article\" \/>\n<meta property=\"og:title\" content=\"Kompressionsbegrenzer | Kundenspezifische Kompressionsbegrenzer | Sherex\" \/>\n<meta property=\"og:description\" content=\"Sherex stellt Kompressionsbegrenzer f\u00fcr eine Vielzahl von Branchen her. Bitte kontaktieren Sie uns, um zu erfahren, wie wir Ihnen bei Ihrer Befestigungsanwendung helfen k\u00f6nnen.\" \/>\n<meta property=\"og:url\" content=\"https:\/\/www.sherex.com\/de\/kompressionsbegrenzer\/\" \/>\n<meta property=\"og:site_name\" content=\"Sherex Fastening Solutions\" \/>\n<meta property=\"article:modified_time\" content=\"2024-11-15T12:21:48+00:00\" \/>\n<meta property=\"og:image\" content=\"https:\/\/www.sherex.com\/wp-content\/uploads\/Compression-Limiter-collage.png\" \/>\n<meta name=\"twitter:label1\" content=\"Est. reading time\" \/>\n\t<meta name=\"twitter:data1\" content=\"2 Minuten\" \/>\n<script type=\"application\/ld+json\" class=\"yoast-schema-graph\">{\"@context\":\"https:\\\/\\\/schema.org\",\"@graph\":[{\"@type\":\"WebPage\",\"@id\":\"https:\\\/\\\/www.sherex.com\\\/de\\\/kompressionsbegrenzer\\\/\",\"url\":\"https:\\\/\\\/www.sherex.com\\\/de\\\/kompressionsbegrenzer\\\/\",\"name\":\"Kompressionsbegrenzer | Kundenspezifische Kompressionsbegrenzer | Sherex\",\"isPartOf\":{\"@id\":\"https:\\\/\\\/www.sherex.com\\\/de\\\/#website\"},\"primaryImageOfPage\":{\"@id\":\"https:\\\/\\\/www.sherex.com\\\/de\\\/kompressionsbegrenzer\\\/#primaryimage\"},\"image\":{\"@id\":\"https:\\\/\\\/www.sherex.com\\\/de\\\/kompressionsbegrenzer\\\/#primaryimage\"},\"thumbnailUrl\":\"https:\\\/\\\/www.sherex.com\\\/wp-content\\\/uploads\\\/Compression-Limiter-collage.png\",\"datePublished\":\"2023-04-13T19:04:49+00:00\",\"dateModified\":\"2024-11-15T12:21:48+00:00\",\"description\":\"Sherex stellt Kompressionsbegrenzer f\u00fcr eine Vielzahl von Branchen her. Bitte kontaktieren Sie uns, um zu erfahren, wie wir Ihnen bei Ihrer Befestigungsanwendung helfen k\u00f6nnen.\",\"breadcrumb\":{\"@id\":\"https:\\\/\\\/www.sherex.com\\\/de\\\/kompressionsbegrenzer\\\/#breadcrumb\"},\"inLanguage\":\"de-DE\",\"potentialAction\":[{\"@type\":\"ReadAction\",\"target\":[\"https:\\\/\\\/www.sherex.com\\\/de\\\/kompressionsbegrenzer\\\/\"]}]},{\"@type\":\"ImageObject\",\"inLanguage\":\"de-DE\",\"@id\":\"https:\\\/\\\/www.sherex.com\\\/de\\\/kompressionsbegrenzer\\\/#primaryimage\",\"url\":\"https:\\\/\\\/www.sherex.com\\\/wp-content\\\/uploads\\\/Compression-Limiter-collage.png\",\"contentUrl\":\"https:\\\/\\\/www.sherex.com\\\/wp-content\\\/uploads\\\/Compression-Limiter-collage.png\"},{\"@type\":\"BreadcrumbList\",\"@id\":\"https:\\\/\\\/www.sherex.com\\\/de\\\/kompressionsbegrenzer\\\/#breadcrumb\",\"itemListElement\":[{\"@type\":\"ListItem\",\"position\":1,\"name\":\"Home\",\"item\":\"https:\\\/\\\/www.sherex.com\\\/de\\\/\"},{\"@type\":\"ListItem\",\"position\":2,\"name\":\"Kompressionsbegrenzer\"}]},{\"@type\":\"WebSite\",\"@id\":\"https:\\\/\\\/www.sherex.com\\\/de\\\/#website\",\"url\":\"https:\\\/\\\/www.sherex.com\\\/de\\\/\",\"name\":\"Sherex Fastening Solutions\",\"description\":\"\",\"potentialAction\":[{\"@type\":\"SearchAction\",\"target\":{\"@type\":\"EntryPoint\",\"urlTemplate\":\"https:\\\/\\\/www.sherex.com\\\/de\\\/?s={search_term_string}\"},\"query-input\":{\"@type\":\"PropertyValueSpecification\",\"valueRequired\":true,\"valueName\":\"search_term_string\"}}],\"inLanguage\":\"de-DE\"}]}<\/script>\n<!-- \/ Yoast SEO plugin. -->","yoast_head_json":{"title":"Kompressionsbegrenzer | Kundenspezifische Kompressionsbegrenzer | Sherex","description":"Sherex stellt Kompressionsbegrenzer f\u00fcr eine Vielzahl von Branchen her. Bitte kontaktieren Sie uns, um zu erfahren, wie wir Ihnen bei Ihrer Befestigungsanwendung helfen k\u00f6nnen.","robots":{"index":"index","follow":"follow","max-snippet":"max-snippet:-1","max-image-preview":"max-image-preview:large","max-video-preview":"max-video-preview:-1"},"canonical":"https:\/\/www.sherex.com\/de\/kompressionsbegrenzer\/","og_locale":"de_DE","og_type":"article","og_title":"Kompressionsbegrenzer | Kundenspezifische Kompressionsbegrenzer | Sherex","og_description":"Sherex stellt Kompressionsbegrenzer f\u00fcr eine Vielzahl von Branchen her. Bitte kontaktieren Sie uns, um zu erfahren, wie wir Ihnen bei Ihrer Befestigungsanwendung helfen k\u00f6nnen.","og_url":"https:\/\/www.sherex.com\/de\/kompressionsbegrenzer\/","og_site_name":"Sherex Fastening Solutions","article_modified_time":"2024-11-15T12:21:48+00:00","og_image":[{"url":"https:\/\/www.sherex.com\/wp-content\/uploads\/Compression-Limiter-collage.png","type":"","width":"","height":""}],"twitter_misc":{"Est. reading time":"2 Minuten"},"schema":{"@context":"https:\/\/schema.org","@graph":[{"@type":"WebPage","@id":"https:\/\/www.sherex.com\/de\/kompressionsbegrenzer\/","url":"https:\/\/www.sherex.com\/de\/kompressionsbegrenzer\/","name":"Kompressionsbegrenzer | Kundenspezifische Kompressionsbegrenzer | Sherex","isPartOf":{"@id":"https:\/\/www.sherex.com\/de\/#website"},"primaryImageOfPage":{"@id":"https:\/\/www.sherex.com\/de\/kompressionsbegrenzer\/#primaryimage"},"image":{"@id":"https:\/\/www.sherex.com\/de\/kompressionsbegrenzer\/#primaryimage"},"thumbnailUrl":"https:\/\/www.sherex.com\/wp-content\/uploads\/Compression-Limiter-collage.png","datePublished":"2023-04-13T19:04:49+00:00","dateModified":"2024-11-15T12:21:48+00:00","description":"Sherex stellt Kompressionsbegrenzer f\u00fcr eine Vielzahl von Branchen her. Bitte kontaktieren Sie uns, um zu erfahren, wie wir Ihnen bei Ihrer Befestigungsanwendung helfen k\u00f6nnen.","breadcrumb":{"@id":"https:\/\/www.sherex.com\/de\/kompressionsbegrenzer\/#breadcrumb"},"inLanguage":"de-DE","potentialAction":[{"@type":"ReadAction","target":["https:\/\/www.sherex.com\/de\/kompressionsbegrenzer\/"]}]},{"@type":"ImageObject","inLanguage":"de-DE","@id":"https:\/\/www.sherex.com\/de\/kompressionsbegrenzer\/#primaryimage","url":"https:\/\/www.sherex.com\/wp-content\/uploads\/Compression-Limiter-collage.png","contentUrl":"https:\/\/www.sherex.com\/wp-content\/uploads\/Compression-Limiter-collage.png"},{"@type":"BreadcrumbList","@id":"https:\/\/www.sherex.com\/de\/kompressionsbegrenzer\/#breadcrumb","itemListElement":[{"@type":"ListItem","position":1,"name":"Home","item":"https:\/\/www.sherex.com\/de\/"},{"@type":"ListItem","position":2,"name":"Kompressionsbegrenzer"}]},{"@type":"WebSite","@id":"https:\/\/www.sherex.com\/de\/#website","url":"https:\/\/www.sherex.com\/de\/","name":"Sherex Fastening Solutions","description":"","potentialAction":[{"@type":"SearchAction","target":{"@type":"EntryPoint","urlTemplate":"https:\/\/www.sherex.com\/de\/?s={search_term_string}"},"query-input":{"@type":"PropertyValueSpecification","valueRequired":true,"valueName":"search_term_string"}}],"inLanguage":"de-DE"}]}},"_links":{"self":[{"href":"https:\/\/www.sherex.com\/de\/wp-json\/wp\/v2\/pages\/5532","targetHints":{"allow":["GET"]}}],"collection":[{"href":"https:\/\/www.sherex.com\/de\/wp-json\/wp\/v2\/pages"}],"about":[{"href":"https:\/\/www.sherex.com\/de\/wp-json\/wp\/v2\/types\/page"}],"author":[{"embeddable":true,"href":"https:\/\/www.sherex.com\/de\/wp-json\/wp\/v2\/users\/17"}],"replies":[{"embeddable":true,"href":"https:\/\/www.sherex.com\/de\/wp-json\/wp\/v2\/comments?post=5532"}],"version-history":[{"count":0,"href":"https:\/\/www.sherex.com\/de\/wp-json\/wp\/v2\/pages\/5532\/revisions"}],"wp:attachment":[{"href":"https:\/\/www.sherex.com\/de\/wp-json\/wp\/v2\/media?parent=5532"}],"curies":[{"name":"wp","href":"https:\/\/api.w.org\/{rel}","templated":true}]}}