{"id":5535,"date":"2023-07-27T13:14:37","date_gmt":"2023-07-27T17:14:37","guid":{"rendered":"https:\/\/www.sherex.com\/disc-lock-m22-sicherheitsradmutter\/"},"modified":"2025-08-01T17:10:29","modified_gmt":"2025-08-01T21:10:29","slug":"disc-lock-m22-sicherheitsradmutter","status":"publish","type":"page","link":"https:\/\/www.sherex.com\/de\/disc-lock-m22-sicherheitsradmutter\/","title":{"rendered":"Disc-Lock M22 Sicherheitsradmutter"},"content":{"rendered":"<p><img loading=\"lazy\" decoding=\"async\" class=\"aligncenter wp-image-2638 size-full\" src=\"https:\/\/www.sherex.com\/wp-content\/uploads\/M22-Disc-Lock-Safety-Wheel-Nut-pg-banner.png\" alt=\"Disc-Lock M22 Sicherheitsradmutter\" title=\"Disc-Lock M22 Sicherheitsradmutter\" width=\"800\" height=\"183\" srcset=\"https:\/\/www.sherex.com\/wp-content\/uploads\/M22-Disc-Lock-Safety-Wheel-Nut-pg-banner.png 800w, https:\/\/www.sherex.com\/wp-content\/uploads\/M22-Disc-Lock-Safety-Wheel-Nut-pg-banner-500x114.png 500w, https:\/\/www.sherex.com\/wp-content\/uploads\/M22-Disc-Lock-Safety-Wheel-Nut-pg-banner-768x176.png 768w\" sizes=\"auto, (max-width: 709px) 85vw, (max-width: 909px) 67vw, (max-width: 1362px) 62vw, 840px\" \/><\/p>\n<p>Die <a href=\"https:\/\/fasteners.sherex.com\/item\/disc-lock-wedge-locking-nuts\/disc-lock-three-piece-wedge-locking-nuts\/ln-sw-m22x1-5g\">M22-Sicherheitsradmutter<\/a> von Disc-Lock ist eine dreiteilige, keilf\u00f6rmige Radsicherungsmutter der Klasse 10, die das L\u00f6sen von R\u00e4dern und letztendlich gef\u00e4hrliche Radabbr\u00fcche durch Vibrationen verhindert. Sie sind als Ersatz f\u00fcr herk\u00f6mmliche Radmuttern an Nutz- und Milit\u00e4rfahrzeugen konzipiert.<\/p>\n<p><img loading=\"lazy\" decoding=\"async\" class=\"aligncenter wp-image-2639 \" src=\"https:\/\/www.sherex.com\/wp-content\/uploads\/Wheel-Nut-Bunch-500x212.jpg\" alt=\"Disc-Lock M22 Sicherheitsradmutter\" title=\"Disc-Lock M22 Sicherheitsradmutter\" width=\"328\" height=\"139\" srcset=\"https:\/\/www.sherex.com\/wp-content\/uploads\/Wheel-Nut-Bunch-500x212.jpg 500w, https:\/\/www.sherex.com\/wp-content\/uploads\/Wheel-Nut-Bunch-1024x435.jpg 1024w, https:\/\/www.sherex.com\/wp-content\/uploads\/Wheel-Nut-Bunch-768x326.jpg 768w, https:\/\/www.sherex.com\/wp-content\/uploads\/Wheel-Nut-Bunch-1536x652.jpg 1536w, https:\/\/www.sherex.com\/wp-content\/uploads\/Wheel-Nut-Bunch-2048x870.jpg 2048w\" sizes=\"auto, (max-width: 709px) 85vw, (max-width: 909px) 67vw, (max-width: 1362px) 62vw, 840px\" \/><\/p>\n<p><strong>So funktioniert die Sicherheitsradmutter von Disc-Lock<\/strong><\/p>\n<p>Nutzfahrzeuge sind f\u00fcr ein viel anstrengenderes Leben gebaut als nicht-Nutzfahrzeuge, aber die Radmuttern, die Nutzfahrzeuge verwenden, haben die gleiche Leistung wie leichtere Autos und Lastwagen. Nutzfahrzeuge m\u00fcssen mehr Vibrationen, Gewicht, Bremsen, Hitze, seitliche Biegung durch Kurvenfahrten und mehr Beschleunigung und Bremsen bei schwerer Last bew\u00e4ltigen. Diese Faktoren tragen zum Setzen und L\u00f6sen normaler verschraubter Radbaugruppen bei.<\/p>\n<p><img loading=\"lazy\" decoding=\"async\" class=\"wp-image-1454 alignright\" src=\"https:\/\/www.sherex.com\/wp-content\/uploads\/Locking-Nut-Technology-300x200.jpg\" title=\"Sicherungsmuttern-Technologie\" alt=\"Sicherungsmuttern-Technologie\" width=\"200\" height=\"133\" \/>Wenn sich die Mutter zu l\u00f6sen beginnt, verwenden die Sicherheitsradmuttern von Disc-Lock die <a href=\"https:\/\/www.sherex.com\/de\/keilsicherungsscheiben-und-muttern-verhinderung-des-loesens-durch-vibrationen\/\">Keilverriegelungstechnologie<\/a>, um die Klemmkraft aufrechtzuerhalten, da die Mutter den Keil nicht \u00fcberwinden und sich l\u00f6sen kann. Die ineinandergreifenden Nocken der Sicherheitsradmutter erzeugen einen Keileffekt, da die Nockenwinkel gr\u00f6\u00dfer sind als die Gewindesteigung, wodurch die Verbindung gesichert wird.<\/p>\n<p>Die Sicherheitsradmuttern von Disc-Lock sind eine einfache und effektive M\u00f6glichkeit, Radabrisse bei Sattelschleppern, Bussen, M\u00fcllwagen, Muldenkippern und Milit\u00e4rfahrzeugen zu verhindern. Sie sind eine kosteng\u00fcnstige Investition im Vergleich zu dem Geld, das man bei teuren Rechtsstreitigkeiten spart, wenn sich ein Rad abl\u00f6st \u2013 das NTSB sch\u00e4tzt, dass jedes Jahr etwa 750 bis 1.000 Lastwagen in Radabrisse verwickelt sind.<\/p>\n<p>Bei allen Fahrzeugen, die eine Disc-Lock-Radmutter verwenden, ist es bisher zu keinem Radabriss gekommen. <a href=\"https:\/\/www.sherex.com\/wp-content\/uploads\/Wheel-Nut-Case-Study.pdf\" target=\"_blank\" rel=\"noopener\">Lesen Sie unsere Fallstudie<\/a> \u00fcber eine Schulbusflotte, die durch die Verwendung von Sicherheitsradmuttern an ihren Bussen kostspielige Rechtsstreitigkeiten vermieden hat.<\/p>\n","protected":false},"excerpt":{"rendered":"<p>Die M22-Sicherheitsradmutter von Disc-Lock ist eine dreiteilige, keilf\u00f6rmige Radsicherungsmutter der Klasse 10, die das L\u00f6sen von R\u00e4dern und letztendlich gef\u00e4hrliche Radabbr\u00fcche durch Vibrationen verhindert. Sie sind als Ersatz f\u00fcr herk\u00f6mmliche Radmuttern an Nutz- und Milit\u00e4rfahrzeugen konzipiert. So funktioniert die Sicherheitsradmutter von Disc-Lock Nutzfahrzeuge sind f\u00fcr ein viel anstrengenderes Leben gebaut als nicht-Nutzfahrzeuge, aber die Radmuttern, [&hellip;]<\/p>\n","protected":false},"author":17,"featured_media":0,"parent":0,"menu_order":0,"comment_status":"closed","ping_status":"closed","template":"","meta":{"_acf_changed":false,"om_disable_all_campaigns":false,"inline_featured_image":false,"_monsterinsights_skip_tracking":false,"_monsterinsights_sitenote_active":false,"_monsterinsights_sitenote_note":"","_monsterinsights_sitenote_category":0,"_uf_show_specific_survey":0,"_uf_disable_surveys":false,"footnotes":""},"class_list":["post-5535","page","type-page","status-publish","hentry"],"acf":[],"yoast_head":"<!-- This site is optimized with the Yoast SEO plugin v27.4 - https:\/\/yoast.com\/product\/yoast-seo-wordpress\/ -->\n<title>Disc-Lock M22 Sicherheitsradmutter - Sherex Fastening Solutions<\/title>\n<meta name=\"description\" content=\"Die Disc-Lock-Sicherheitsradmutter verhindert das Abspringen des Rades durch die Verwendung einer Keilverriegelungstechnologie, die das Rad sicher h\u00e4lt! Wird von vielen LKW-Flotten verwendet!\" \/>\n<meta name=\"robots\" content=\"index, follow, max-snippet:-1, max-image-preview:large, max-video-preview:-1\" \/>\n<link rel=\"canonical\" href=\"https:\/\/www.sherex.com\/de\/disc-lock-m22-sicherheitsradmutter\/\" \/>\n<meta property=\"og:locale\" content=\"de_DE\" \/>\n<meta property=\"og:type\" content=\"article\" \/>\n<meta property=\"og:title\" content=\"Disc-Lock M22 Sicherheitsradmutter - Sherex Fastening Solutions\" \/>\n<meta property=\"og:description\" content=\"Die Disc-Lock-Sicherheitsradmutter verhindert das Abspringen des Rades durch die Verwendung einer Keilverriegelungstechnologie, die das Rad sicher h\u00e4lt! Wird von vielen LKW-Flotten verwendet!\" \/>\n<meta property=\"og:url\" content=\"https:\/\/www.sherex.com\/de\/disc-lock-m22-sicherheitsradmutter\/\" \/>\n<meta property=\"og:site_name\" content=\"Sherex Fastening Solutions\" \/>\n<meta property=\"article:modified_time\" content=\"2025-08-01T21:10:29+00:00\" \/>\n<meta property=\"og:image\" content=\"https:\/\/www.sherex.com\/wp-content\/uploads\/M22-Disc-Lock-Safety-Wheel-Nut-pg-banner.png\" \/>\n\t<meta property=\"og:image:width\" content=\"800\" \/>\n\t<meta property=\"og:image:height\" content=\"183\" \/>\n\t<meta property=\"og:image:type\" content=\"image\/png\" \/>\n<meta name=\"twitter:label1\" content=\"Est. reading time\" \/>\n\t<meta name=\"twitter:data1\" content=\"3 Minuten\" \/>\n<script type=\"application\/ld+json\" class=\"yoast-schema-graph\">{\"@context\":\"https:\\\/\\\/schema.org\",\"@graph\":[{\"@type\":\"WebPage\",\"@id\":\"https:\\\/\\\/www.sherex.com\\\/de\\\/disc-lock-m22-sicherheitsradmutter\\\/\",\"url\":\"https:\\\/\\\/www.sherex.com\\\/de\\\/disc-lock-m22-sicherheitsradmutter\\\/\",\"name\":\"Disc-Lock M22 Sicherheitsradmutter - Sherex Fastening Solutions\",\"isPartOf\":{\"@id\":\"https:\\\/\\\/www.sherex.com\\\/de\\\/#website\"},\"primaryImageOfPage\":{\"@id\":\"https:\\\/\\\/www.sherex.com\\\/de\\\/disc-lock-m22-sicherheitsradmutter\\\/#primaryimage\"},\"image\":{\"@id\":\"https:\\\/\\\/www.sherex.com\\\/de\\\/disc-lock-m22-sicherheitsradmutter\\\/#primaryimage\"},\"thumbnailUrl\":\"https:\\\/\\\/www.sherex.com\\\/wp-content\\\/uploads\\\/M22-Disc-Lock-Safety-Wheel-Nut-pg-banner.png\",\"datePublished\":\"2023-07-27T17:14:37+00:00\",\"dateModified\":\"2025-08-01T21:10:29+00:00\",\"description\":\"Die Disc-Lock-Sicherheitsradmutter verhindert das Abspringen des Rades durch die Verwendung einer Keilverriegelungstechnologie, die das Rad sicher h\u00e4lt! Wird von vielen LKW-Flotten verwendet!\",\"breadcrumb\":{\"@id\":\"https:\\\/\\\/www.sherex.com\\\/de\\\/disc-lock-m22-sicherheitsradmutter\\\/#breadcrumb\"},\"inLanguage\":\"de-DE\",\"potentialAction\":[{\"@type\":\"ReadAction\",\"target\":[\"https:\\\/\\\/www.sherex.com\\\/de\\\/disc-lock-m22-sicherheitsradmutter\\\/\"]}]},{\"@type\":\"ImageObject\",\"inLanguage\":\"de-DE\",\"@id\":\"https:\\\/\\\/www.sherex.com\\\/de\\\/disc-lock-m22-sicherheitsradmutter\\\/#primaryimage\",\"url\":\"https:\\\/\\\/www.sherex.com\\\/wp-content\\\/uploads\\\/M22-Disc-Lock-Safety-Wheel-Nut-pg-banner.png\",\"contentUrl\":\"https:\\\/\\\/www.sherex.com\\\/wp-content\\\/uploads\\\/M22-Disc-Lock-Safety-Wheel-Nut-pg-banner.png\"},{\"@type\":\"BreadcrumbList\",\"@id\":\"https:\\\/\\\/www.sherex.com\\\/de\\\/disc-lock-m22-sicherheitsradmutter\\\/#breadcrumb\",\"itemListElement\":[{\"@type\":\"ListItem\",\"position\":1,\"name\":\"Home\",\"item\":\"https:\\\/\\\/www.sherex.com\\\/de\\\/\"},{\"@type\":\"ListItem\",\"position\":2,\"name\":\"Disc-Lock M22 Sicherheitsradmutter\"}]},{\"@type\":\"WebSite\",\"@id\":\"https:\\\/\\\/www.sherex.com\\\/de\\\/#website\",\"url\":\"https:\\\/\\\/www.sherex.com\\\/de\\\/\",\"name\":\"Sherex Fastening Solutions\",\"description\":\"\",\"potentialAction\":[{\"@type\":\"SearchAction\",\"target\":{\"@type\":\"EntryPoint\",\"urlTemplate\":\"https:\\\/\\\/www.sherex.com\\\/de\\\/?s={search_term_string}\"},\"query-input\":{\"@type\":\"PropertyValueSpecification\",\"valueRequired\":true,\"valueName\":\"search_term_string\"}}],\"inLanguage\":\"de-DE\"}]}<\/script>\n<!-- \/ Yoast SEO plugin. -->","yoast_head_json":{"title":"Disc-Lock M22 Sicherheitsradmutter - Sherex Fastening Solutions","description":"Die Disc-Lock-Sicherheitsradmutter verhindert das Abspringen des Rades durch die Verwendung einer Keilverriegelungstechnologie, die das Rad sicher h\u00e4lt! Wird von vielen LKW-Flotten verwendet!","robots":{"index":"index","follow":"follow","max-snippet":"max-snippet:-1","max-image-preview":"max-image-preview:large","max-video-preview":"max-video-preview:-1"},"canonical":"https:\/\/www.sherex.com\/de\/disc-lock-m22-sicherheitsradmutter\/","og_locale":"de_DE","og_type":"article","og_title":"Disc-Lock M22 Sicherheitsradmutter - Sherex Fastening Solutions","og_description":"Die Disc-Lock-Sicherheitsradmutter verhindert das Abspringen des Rades durch die Verwendung einer Keilverriegelungstechnologie, die das Rad sicher h\u00e4lt! Wird von vielen LKW-Flotten verwendet!","og_url":"https:\/\/www.sherex.com\/de\/disc-lock-m22-sicherheitsradmutter\/","og_site_name":"Sherex Fastening Solutions","article_modified_time":"2025-08-01T21:10:29+00:00","og_image":[{"width":800,"height":183,"url":"https:\/\/www.sherex.com\/wp-content\/uploads\/M22-Disc-Lock-Safety-Wheel-Nut-pg-banner.png","type":"image\/png"}],"twitter_misc":{"Est. reading time":"3 Minuten"},"schema":{"@context":"https:\/\/schema.org","@graph":[{"@type":"WebPage","@id":"https:\/\/www.sherex.com\/de\/disc-lock-m22-sicherheitsradmutter\/","url":"https:\/\/www.sherex.com\/de\/disc-lock-m22-sicherheitsradmutter\/","name":"Disc-Lock M22 Sicherheitsradmutter - Sherex Fastening Solutions","isPartOf":{"@id":"https:\/\/www.sherex.com\/de\/#website"},"primaryImageOfPage":{"@id":"https:\/\/www.sherex.com\/de\/disc-lock-m22-sicherheitsradmutter\/#primaryimage"},"image":{"@id":"https:\/\/www.sherex.com\/de\/disc-lock-m22-sicherheitsradmutter\/#primaryimage"},"thumbnailUrl":"https:\/\/www.sherex.com\/wp-content\/uploads\/M22-Disc-Lock-Safety-Wheel-Nut-pg-banner.png","datePublished":"2023-07-27T17:14:37+00:00","dateModified":"2025-08-01T21:10:29+00:00","description":"Die Disc-Lock-Sicherheitsradmutter verhindert das Abspringen des Rades durch die Verwendung einer Keilverriegelungstechnologie, die das Rad sicher h\u00e4lt! Wird von vielen LKW-Flotten verwendet!","breadcrumb":{"@id":"https:\/\/www.sherex.com\/de\/disc-lock-m22-sicherheitsradmutter\/#breadcrumb"},"inLanguage":"de-DE","potentialAction":[{"@type":"ReadAction","target":["https:\/\/www.sherex.com\/de\/disc-lock-m22-sicherheitsradmutter\/"]}]},{"@type":"ImageObject","inLanguage":"de-DE","@id":"https:\/\/www.sherex.com\/de\/disc-lock-m22-sicherheitsradmutter\/#primaryimage","url":"https:\/\/www.sherex.com\/wp-content\/uploads\/M22-Disc-Lock-Safety-Wheel-Nut-pg-banner.png","contentUrl":"https:\/\/www.sherex.com\/wp-content\/uploads\/M22-Disc-Lock-Safety-Wheel-Nut-pg-banner.png"},{"@type":"BreadcrumbList","@id":"https:\/\/www.sherex.com\/de\/disc-lock-m22-sicherheitsradmutter\/#breadcrumb","itemListElement":[{"@type":"ListItem","position":1,"name":"Home","item":"https:\/\/www.sherex.com\/de\/"},{"@type":"ListItem","position":2,"name":"Disc-Lock M22 Sicherheitsradmutter"}]},{"@type":"WebSite","@id":"https:\/\/www.sherex.com\/de\/#website","url":"https:\/\/www.sherex.com\/de\/","name":"Sherex Fastening Solutions","description":"","potentialAction":[{"@type":"SearchAction","target":{"@type":"EntryPoint","urlTemplate":"https:\/\/www.sherex.com\/de\/?s={search_term_string}"},"query-input":{"@type":"PropertyValueSpecification","valueRequired":true,"valueName":"search_term_string"}}],"inLanguage":"de-DE"}]}},"_links":{"self":[{"href":"https:\/\/www.sherex.com\/de\/wp-json\/wp\/v2\/pages\/5535","targetHints":{"allow":["GET"]}}],"collection":[{"href":"https:\/\/www.sherex.com\/de\/wp-json\/wp\/v2\/pages"}],"about":[{"href":"https:\/\/www.sherex.com\/de\/wp-json\/wp\/v2\/types\/page"}],"author":[{"embeddable":true,"href":"https:\/\/www.sherex.com\/de\/wp-json\/wp\/v2\/users\/17"}],"replies":[{"embeddable":true,"href":"https:\/\/www.sherex.com\/de\/wp-json\/wp\/v2\/comments?post=5535"}],"version-history":[{"count":0,"href":"https:\/\/www.sherex.com\/de\/wp-json\/wp\/v2\/pages\/5535\/revisions"}],"wp:attachment":[{"href":"https:\/\/www.sherex.com\/de\/wp-json\/wp\/v2\/media?parent=5535"}],"curies":[{"name":"wp","href":"https:\/\/api.w.org\/{rel}","templated":true}]}}