{"id":5539,"date":"2023-11-20T15:39:28","date_gmt":"2023-11-20T19:39:28","guid":{"rendered":"https:\/\/www.sherex.com\/befestigungsloesungen-fuer-verbundwerkstoffe\/"},"modified":"2024-11-18T06:12:19","modified_gmt":"2024-11-18T10:12:19","slug":"befestigungsloesungen-fuer-verbundwerkstoffe","status":"publish","type":"page","link":"https:\/\/www.sherex.com\/de\/befestigungsloesungen-fuer-verbundwerkstoffe\/","title":{"rendered":"Befestigungsl\u00f6sungen f\u00fcr Verbundwerkstoffe"},"content":{"rendered":"<p><img loading=\"lazy\" decoding=\"async\" class=\"aligncenter wp-image-2731 \" src=\"https:\/\/www.sherex.com\/wp-content\/uploads\/Solutions-for-Composite-Graphic.jpg\" title=\"Befestigungsl\u00f6sungen f\u00fcr Verbundwerkstoffe\" alt=\"Befestigungsl\u00f6sungen f\u00fcr Verbundwerkstoffe\" width=\"799\" height=\"248\" srcset=\"https:\/\/www.sherex.com\/wp-content\/uploads\/Solutions-for-Composite-Graphic.jpg 967w, https:\/\/www.sherex.com\/wp-content\/uploads\/Solutions-for-Composite-Graphic-500x155.jpg 500w, https:\/\/www.sherex.com\/wp-content\/uploads\/Solutions-for-Composite-Graphic-768x238.jpg 768w\" sizes=\"auto, (max-width: 709px) 85vw, (max-width: 909px) 67vw, (max-width: 1362px) 62vw, 840px\" \/><\/p>\n<p>Verbundwerkstoffe erfreuen sich bei <a href=\"https:\/\/www.sherex.com\/de\/befestigungsloesungen-fuer-die-elektrofahrzeugindustrie\/\">Automobilen<\/a> immer gr\u00f6\u00dferer Beliebtheit, Luft- und Raumfahrt, erneuerbare Energien, <a href=\"https:\/\/www.sherex.com\/de\/befestigungsloesungen-fuer-die-schwerlast-lkw-industrie\/\">Schwerlastwagen<\/a> und allgemeine Industrieanwendungen. Verbundwerkstoffe sind nicht nur stark, sondern auch leicht, was Fahrzeuge, Flugzeuge und Lastwagen kraftstoffeffizienter machen und ihre Ladung l\u00e4nger halten kann.<\/p>\n<p>Verbundwerkstoffe sind au\u00dferdem sehr vielseitig, da sie sich leicht in komplizierte Formen bringen lassen und im Vergleich zu anderen weicheren Metallen auch ziemlich widerstandsf\u00e4hig gegen Erm\u00fcdung und Witterung sind.<\/p>\n<p>Mit all diesen Vorteilen und ihrer steigenden Beliebtheit sind <a href=\"https:\/\/fasteners.sherex.com\/category\/blind-rivet-nuts\">Nietmuttern<\/a> ein gro\u00dfartiges Befestigungsmittel f\u00fcr Verbundwerkstoffe und es gibt eine Vielzahl von Befestigungsprodukten, die au\u00dfergew\u00f6hnlich gut mit Kunststoff und Verbundwerkstoffen funktionieren.<\/p>\n<p>Sehen Sie sich unten die Best Practice-Befestigungselemente von Sherex f\u00fcr Verbundwerkstoffe an:<\/p>\n<p style=\"text-align: center;\"><strong><a href=\"#opt\" class=\"smooth-scroll\">Optisert<\/a> | <a href=\"#cpb\" class=\"smooth-scroll\">CPB-Serie<\/a> | <a href=\"#riv\" class=\"smooth-scroll\">RIV-FLOAT<\/a> | <a href=\"#studs\" class=\"smooth-scroll\">Nietmutterbolzen<\/a> | <\/strong><a href=\"#tubtara\" class=\"smooth-scroll\"><strong> Tubtara<\/strong><\/a><\/p>\n","protected":false},"excerpt":{"rendered":"<p>Verbundwerkstoffe erfreuen sich bei Automobilen immer gr\u00f6\u00dferer Beliebtheit, Luft- und Raumfahrt, erneuerbare Energien, Schwerlastwagen und allgemeine Industrieanwendungen. Verbundwerkstoffe sind nicht nur stark, sondern auch leicht, was Fahrzeuge, Flugzeuge und Lastwagen kraftstoffeffizienter machen und ihre Ladung l\u00e4nger halten kann. Verbundwerkstoffe sind au\u00dferdem sehr vielseitig, da sie sich leicht in komplizierte Formen bringen lassen und im Vergleich [&hellip;]<\/p>\n","protected":false},"author":17,"featured_media":0,"parent":0,"menu_order":0,"comment_status":"closed","ping_status":"closed","template":"","meta":{"_acf_changed":false,"om_disable_all_campaigns":false,"inline_featured_image":false,"_monsterinsights_skip_tracking":false,"_monsterinsights_sitenote_active":false,"_monsterinsights_sitenote_note":"","_monsterinsights_sitenote_category":0,"_uf_show_specific_survey":0,"_uf_disable_surveys":false,"footnotes":""},"class_list":["post-5539","page","type-page","status-publish","hentry"],"acf":[],"yoast_head":"<!-- This site is optimized with the Yoast SEO plugin v27.6 - https:\/\/yoast.com\/product\/yoast-seo-wordpress\/ -->\n<title>Befestigungsl\u00f6sungen f\u00fcr Verbundwerkstoffe - Sherex Fastening Solutions<\/title>\n<meta name=\"robots\" content=\"index, follow, max-snippet:-1, max-image-preview:large, max-video-preview:-1\" \/>\n<link rel=\"canonical\" href=\"https:\/\/www.sherex.com\/de\/befestigungsloesungen-fuer-verbundwerkstoffe\/\" \/>\n<meta property=\"og:locale\" content=\"de_DE\" \/>\n<meta property=\"og:type\" content=\"article\" \/>\n<meta property=\"og:title\" content=\"Befestigungsl\u00f6sungen f\u00fcr Verbundwerkstoffe - Sherex Fastening Solutions\" \/>\n<meta property=\"og:description\" content=\"Verbundwerkstoffe erfreuen sich bei Automobilen immer gr\u00f6\u00dferer Beliebtheit, Luft- und Raumfahrt, erneuerbare Energien, Schwerlastwagen und allgemeine Industrieanwendungen. Verbundwerkstoffe sind nicht nur stark, sondern auch leicht, was Fahrzeuge, Flugzeuge und Lastwagen kraftstoffeffizienter machen und ihre Ladung l\u00e4nger halten kann. Verbundwerkstoffe sind au\u00dferdem sehr vielseitig, da sie sich leicht in komplizierte Formen bringen lassen und im Vergleich [&hellip;]\" \/>\n<meta property=\"og:url\" content=\"https:\/\/www.sherex.com\/de\/befestigungsloesungen-fuer-verbundwerkstoffe\/\" \/>\n<meta property=\"og:site_name\" content=\"Sherex Fastening Solutions\" \/>\n<meta property=\"article:modified_time\" content=\"2024-11-18T10:12:19+00:00\" \/>\n<meta property=\"og:image\" content=\"https:\/\/www.sherex.com\/wp-content\/uploads\/Solutions-for-Composite-Graphic.jpg\" \/>\n<meta name=\"twitter:label1\" content=\"Est. reading time\" \/>\n\t<meta name=\"twitter:data1\" content=\"3 Minuten\" \/>\n<script type=\"application\/ld+json\" class=\"yoast-schema-graph\">{\"@context\":\"https:\\\/\\\/schema.org\",\"@graph\":[{\"@type\":\"WebPage\",\"@id\":\"https:\\\/\\\/www.sherex.com\\\/de\\\/befestigungsloesungen-fuer-verbundwerkstoffe\\\/\",\"url\":\"https:\\\/\\\/www.sherex.com\\\/de\\\/befestigungsloesungen-fuer-verbundwerkstoffe\\\/\",\"name\":\"Befestigungsl\u00f6sungen f\u00fcr Verbundwerkstoffe - Sherex Fastening Solutions\",\"isPartOf\":{\"@id\":\"https:\\\/\\\/www.sherex.com\\\/de\\\/#website\"},\"primaryImageOfPage\":{\"@id\":\"https:\\\/\\\/www.sherex.com\\\/de\\\/befestigungsloesungen-fuer-verbundwerkstoffe\\\/#primaryimage\"},\"image\":{\"@id\":\"https:\\\/\\\/www.sherex.com\\\/de\\\/befestigungsloesungen-fuer-verbundwerkstoffe\\\/#primaryimage\"},\"thumbnailUrl\":\"https:\\\/\\\/www.sherex.com\\\/wp-content\\\/uploads\\\/Solutions-for-Composite-Graphic.jpg\",\"datePublished\":\"2023-11-20T19:39:28+00:00\",\"dateModified\":\"2024-11-18T10:12:19+00:00\",\"breadcrumb\":{\"@id\":\"https:\\\/\\\/www.sherex.com\\\/de\\\/befestigungsloesungen-fuer-verbundwerkstoffe\\\/#breadcrumb\"},\"inLanguage\":\"de-DE\",\"potentialAction\":[{\"@type\":\"ReadAction\",\"target\":[\"https:\\\/\\\/www.sherex.com\\\/de\\\/befestigungsloesungen-fuer-verbundwerkstoffe\\\/\"]}]},{\"@type\":\"ImageObject\",\"inLanguage\":\"de-DE\",\"@id\":\"https:\\\/\\\/www.sherex.com\\\/de\\\/befestigungsloesungen-fuer-verbundwerkstoffe\\\/#primaryimage\",\"url\":\"https:\\\/\\\/www.sherex.com\\\/wp-content\\\/uploads\\\/Solutions-for-Composite-Graphic.jpg\",\"contentUrl\":\"https:\\\/\\\/www.sherex.com\\\/wp-content\\\/uploads\\\/Solutions-for-Composite-Graphic.jpg\"},{\"@type\":\"BreadcrumbList\",\"@id\":\"https:\\\/\\\/www.sherex.com\\\/de\\\/befestigungsloesungen-fuer-verbundwerkstoffe\\\/#breadcrumb\",\"itemListElement\":[{\"@type\":\"ListItem\",\"position\":1,\"name\":\"Home\",\"item\":\"https:\\\/\\\/www.sherex.com\\\/de\\\/\"},{\"@type\":\"ListItem\",\"position\":2,\"name\":\"Befestigungsl\u00f6sungen f\u00fcr Verbundwerkstoffe\"}]},{\"@type\":\"WebSite\",\"@id\":\"https:\\\/\\\/www.sherex.com\\\/de\\\/#website\",\"url\":\"https:\\\/\\\/www.sherex.com\\\/de\\\/\",\"name\":\"Sherex Fastening Solutions\",\"description\":\"\",\"potentialAction\":[{\"@type\":\"SearchAction\",\"target\":{\"@type\":\"EntryPoint\",\"urlTemplate\":\"https:\\\/\\\/www.sherex.com\\\/de\\\/?s={search_term_string}\"},\"query-input\":{\"@type\":\"PropertyValueSpecification\",\"valueRequired\":true,\"valueName\":\"search_term_string\"}}],\"inLanguage\":\"de-DE\"}]}<\/script>\n<!-- \/ Yoast SEO plugin. -->","yoast_head_json":{"title":"Befestigungsl\u00f6sungen f\u00fcr Verbundwerkstoffe - Sherex Fastening Solutions","robots":{"index":"index","follow":"follow","max-snippet":"max-snippet:-1","max-image-preview":"max-image-preview:large","max-video-preview":"max-video-preview:-1"},"canonical":"https:\/\/www.sherex.com\/de\/befestigungsloesungen-fuer-verbundwerkstoffe\/","og_locale":"de_DE","og_type":"article","og_title":"Befestigungsl\u00f6sungen f\u00fcr Verbundwerkstoffe - Sherex Fastening Solutions","og_description":"Verbundwerkstoffe erfreuen sich bei Automobilen immer gr\u00f6\u00dferer Beliebtheit, Luft- und Raumfahrt, erneuerbare Energien, Schwerlastwagen und allgemeine Industrieanwendungen. Verbundwerkstoffe sind nicht nur stark, sondern auch leicht, was Fahrzeuge, Flugzeuge und Lastwagen kraftstoffeffizienter machen und ihre Ladung l\u00e4nger halten kann. Verbundwerkstoffe sind au\u00dferdem sehr vielseitig, da sie sich leicht in komplizierte Formen bringen lassen und im Vergleich [&hellip;]","og_url":"https:\/\/www.sherex.com\/de\/befestigungsloesungen-fuer-verbundwerkstoffe\/","og_site_name":"Sherex Fastening Solutions","article_modified_time":"2024-11-18T10:12:19+00:00","og_image":[{"url":"https:\/\/www.sherex.com\/wp-content\/uploads\/Solutions-for-Composite-Graphic.jpg","type":"","width":"","height":""}],"twitter_misc":{"Est. reading time":"3 Minuten"},"schema":{"@context":"https:\/\/schema.org","@graph":[{"@type":"WebPage","@id":"https:\/\/www.sherex.com\/de\/befestigungsloesungen-fuer-verbundwerkstoffe\/","url":"https:\/\/www.sherex.com\/de\/befestigungsloesungen-fuer-verbundwerkstoffe\/","name":"Befestigungsl\u00f6sungen f\u00fcr Verbundwerkstoffe - Sherex Fastening Solutions","isPartOf":{"@id":"https:\/\/www.sherex.com\/de\/#website"},"primaryImageOfPage":{"@id":"https:\/\/www.sherex.com\/de\/befestigungsloesungen-fuer-verbundwerkstoffe\/#primaryimage"},"image":{"@id":"https:\/\/www.sherex.com\/de\/befestigungsloesungen-fuer-verbundwerkstoffe\/#primaryimage"},"thumbnailUrl":"https:\/\/www.sherex.com\/wp-content\/uploads\/Solutions-for-Composite-Graphic.jpg","datePublished":"2023-11-20T19:39:28+00:00","dateModified":"2024-11-18T10:12:19+00:00","breadcrumb":{"@id":"https:\/\/www.sherex.com\/de\/befestigungsloesungen-fuer-verbundwerkstoffe\/#breadcrumb"},"inLanguage":"de-DE","potentialAction":[{"@type":"ReadAction","target":["https:\/\/www.sherex.com\/de\/befestigungsloesungen-fuer-verbundwerkstoffe\/"]}]},{"@type":"ImageObject","inLanguage":"de-DE","@id":"https:\/\/www.sherex.com\/de\/befestigungsloesungen-fuer-verbundwerkstoffe\/#primaryimage","url":"https:\/\/www.sherex.com\/wp-content\/uploads\/Solutions-for-Composite-Graphic.jpg","contentUrl":"https:\/\/www.sherex.com\/wp-content\/uploads\/Solutions-for-Composite-Graphic.jpg"},{"@type":"BreadcrumbList","@id":"https:\/\/www.sherex.com\/de\/befestigungsloesungen-fuer-verbundwerkstoffe\/#breadcrumb","itemListElement":[{"@type":"ListItem","position":1,"name":"Home","item":"https:\/\/www.sherex.com\/de\/"},{"@type":"ListItem","position":2,"name":"Befestigungsl\u00f6sungen f\u00fcr Verbundwerkstoffe"}]},{"@type":"WebSite","@id":"https:\/\/www.sherex.com\/de\/#website","url":"https:\/\/www.sherex.com\/de\/","name":"Sherex Fastening Solutions","description":"","potentialAction":[{"@type":"SearchAction","target":{"@type":"EntryPoint","urlTemplate":"https:\/\/www.sherex.com\/de\/?s={search_term_string}"},"query-input":{"@type":"PropertyValueSpecification","valueRequired":true,"valueName":"search_term_string"}}],"inLanguage":"de-DE"}]}},"_links":{"self":[{"href":"https:\/\/www.sherex.com\/de\/wp-json\/wp\/v2\/pages\/5539","targetHints":{"allow":["GET"]}}],"collection":[{"href":"https:\/\/www.sherex.com\/de\/wp-json\/wp\/v2\/pages"}],"about":[{"href":"https:\/\/www.sherex.com\/de\/wp-json\/wp\/v2\/types\/page"}],"author":[{"embeddable":true,"href":"https:\/\/www.sherex.com\/de\/wp-json\/wp\/v2\/users\/17"}],"replies":[{"embeddable":true,"href":"https:\/\/www.sherex.com\/de\/wp-json\/wp\/v2\/comments?post=5539"}],"version-history":[{"count":0,"href":"https:\/\/www.sherex.com\/de\/wp-json\/wp\/v2\/pages\/5539\/revisions"}],"wp:attachment":[{"href":"https:\/\/www.sherex.com\/de\/wp-json\/wp\/v2\/media?parent=5539"}],"curies":[{"name":"wp","href":"https:\/\/api.w.org\/{rel}","templated":true}]}}