{"id":5540,"date":"2024-04-15T16:32:31","date_gmt":"2024-04-15T20:32:31","guid":{"rendered":"https:\/\/www.sherex.com\/befestigungsloesungen-fuer-solar-und-batteriespeicher\/"},"modified":"2024-11-18T06:04:08","modified_gmt":"2024-11-18T10:04:08","slug":"befestigungsloesungen-fuer-solar-und-batteriespeicher","status":"publish","type":"page","link":"https:\/\/www.sherex.com\/de\/befestigungsloesungen-fuer-solar-und-batteriespeicher\/","title":{"rendered":"Befestigungsl\u00f6sungen f\u00fcr Solar- und Batteriespeicher"},"content":{"rendered":"<p><img loading=\"lazy\" decoding=\"async\" class=\"aligncenter wp-image-2902\" src=\"https:\/\/www.sherex.com\/wp-content\/uploads\/Solutions-for-Solar-and-Battery-Storagev2.jpg\" alt=\"Befestigungsl\u00f6sungen f\u00fcr Solar- und Batteriespeicher\" title=\"Befestigungsl\u00f6sungen f\u00fcr Solar- und Batteriespeicher\" width=\"604\" height=\"263\" srcset=\"https:\/\/www.sherex.com\/wp-content\/uploads\/Solutions-for-Solar-and-Battery-Storagev2.jpg 999w, https:\/\/www.sherex.com\/wp-content\/uploads\/Solutions-for-Solar-and-Battery-Storagev2-500x218.jpg 500w, https:\/\/www.sherex.com\/wp-content\/uploads\/Solutions-for-Solar-and-Battery-Storagev2-768x334.jpg 768w\" sizes=\"auto, (max-width: 709px) 85vw, (max-width: 909px) 67vw, (max-width: 1362px) 62vw, 840px\" \/><\/p>\n<p>Sherex verf\u00fcgt \u00fcber umfassende Erfahrung in der Solarbranche. Jedes Jahr werden Millionen von <a href=\"https:\/\/fasteners.sherex.com\/category\/blind-rivet-nuts\">Nietmuttern<\/a> und <a href=\"https:\/\/www.sherex.com\/de\/keilsicherungsscheiben-und-muttern-verhinderung-des-loesens-durch-vibrationen\/\">Keilsicherungsscheiben und -muttern<\/a> in Regalsystemen und Batteriespeichersystemen in den USA und Europa verwendet.<\/p>\n<p>Da Solarenergie eine der effizientesten Optionen f\u00fcr saubere Energie weltweit ist, hat ihre Beliebtheit bei Eigenheimbesitzern, Gesch\u00e4ftsinhabern und Energieversorgern stetig zugenommen. Laut SEIA stammte im Jahr 2023 \u00fcber die H\u00e4lfte der gesamten neuen Stromerzeugungskapazit\u00e4t in den USA aus Solarenergie. Weltweit wird die Solarenergie bis 2027 voraussichtlich die Kohleenergie \u00fcbertreffen, eine unglaubliche Leistung, da es noch nicht lange her ist, dass Kohlekraft die Welt dominierte.<\/p>\n<p>Je mehr Solaranlagen eingesetzt werden, desto mehr suchen auch mehr nach M\u00f6glichkeiten, effizienter zu werden. Sherex-Produkte helfen Regalherstellern und Solarunternehmen, die Regal- und Batteriespeichersysteme effizient zusammenzubauen und zu sichern. Alle Produktlinien von Sherex wurden in der Solarenergie- und Speicherbranche eingesetzt \u2013 Nietmuttern, <a href=\"https:\/\/www.sherex.com\/de\/befestigungsinstallationssysteme\/\">Werkzeug- und Automatisierungssysteme<\/a> sowie die Keilsicherungsscheiben der TEC-Serie und Disc-Lock.<\/p>\n<p>&nbsp;<\/p>\n<p style=\"text-align: center;\"><a href=\"#hex\" class=\"smooth-scroll\">Vollk\u00f6rper-Nietmuttern<\/a> | <a href=\"#specials\" class=\"smooth-scroll\">Sherex-Sonderprodukte<\/a> | <a href=\"#washers\" class=\"smooth-scroll\">Disc-Lock-Scheiben<\/a> | <a href=\"#tec\" class=\"smooth-scroll\">Unterlegscheiben der TEC-Serie<\/a> | <a href=\"#nuts\" class=\"smooth-scroll\">Disc-Lock-Muttern<\/a><br \/>\n<a href=\"#opt\" class=\"smooth-scroll\">Optisert<\/a> | <a href=\"#flex\" class=\"smooth-scroll\">FLEX-5-Handwerkzeuge<\/a> | <a href=\"#auto\" class=\"smooth-scroll\">Automatisierungssysteme<\/a><\/p>\n<p>&nbsp;<\/p>\n","protected":false},"excerpt":{"rendered":"<p>Sherex verf\u00fcgt \u00fcber umfassende Erfahrung in der Solarbranche. Jedes Jahr werden Millionen von Nietmuttern und Keilsicherungsscheiben und -muttern in Regalsystemen und Batteriespeichersystemen in den USA und Europa verwendet. Da Solarenergie eine der effizientesten Optionen f\u00fcr saubere Energie weltweit ist, hat ihre Beliebtheit bei Eigenheimbesitzern, Gesch\u00e4ftsinhabern und Energieversorgern stetig zugenommen. Laut SEIA stammte im Jahr 2023 [&hellip;]<\/p>\n","protected":false},"author":17,"featured_media":0,"parent":0,"menu_order":0,"comment_status":"closed","ping_status":"closed","template":"","meta":{"_acf_changed":false,"om_disable_all_campaigns":false,"inline_featured_image":false,"_monsterinsights_skip_tracking":false,"_monsterinsights_sitenote_active":false,"_monsterinsights_sitenote_note":"","_monsterinsights_sitenote_category":0,"_uf_show_specific_survey":0,"_uf_disable_surveys":false,"footnotes":""},"class_list":["post-5540","page","type-page","status-publish","hentry"],"acf":[],"yoast_head":"<!-- This site is optimized with the Yoast SEO plugin v27.4 - https:\/\/yoast.com\/product\/yoast-seo-wordpress\/ -->\n<title>Befestigungsl\u00f6sungen f\u00fcr Solar- und Batteriespeicher - Sherex Fastening Solutions<\/title>\n<meta name=\"description\" content=\"Sherex stellt Nietmuttern und Keilsicherungsscheiben f\u00fcr die Solar- und Batteriespeicherbranche her. Erfahren Sie, wie wir helfen k\u00f6nnen!\" \/>\n<meta name=\"robots\" content=\"index, follow, max-snippet:-1, max-image-preview:large, max-video-preview:-1\" \/>\n<link rel=\"canonical\" href=\"https:\/\/www.sherex.com\/de\/befestigungsloesungen-fuer-solar-und-batteriespeicher\/\" \/>\n<meta property=\"og:locale\" content=\"de_DE\" \/>\n<meta property=\"og:type\" content=\"article\" \/>\n<meta property=\"og:title\" content=\"Befestigungsl\u00f6sungen f\u00fcr Solar- und Batteriespeicher - Sherex Fastening Solutions\" \/>\n<meta property=\"og:description\" content=\"Sherex stellt Nietmuttern und Keilsicherungsscheiben f\u00fcr die Solar- und Batteriespeicherbranche her. Erfahren Sie, wie wir helfen k\u00f6nnen!\" \/>\n<meta property=\"og:url\" content=\"https:\/\/www.sherex.com\/de\/befestigungsloesungen-fuer-solar-und-batteriespeicher\/\" \/>\n<meta property=\"og:site_name\" content=\"Sherex Fastening Solutions\" \/>\n<meta property=\"article:modified_time\" content=\"2024-11-18T10:04:08+00:00\" \/>\n<meta property=\"og:image\" content=\"https:\/\/www.sherex.com\/wp-content\/uploads\/Solutions-for-Solar-and-Battery-Storagev2.jpg\" \/>\n<meta name=\"twitter:label1\" content=\"Est. reading time\" \/>\n\t<meta name=\"twitter:data1\" content=\"6 Minuten\" \/>\n<script type=\"application\/ld+json\" class=\"yoast-schema-graph\">{\"@context\":\"https:\\\/\\\/schema.org\",\"@graph\":[{\"@type\":\"WebPage\",\"@id\":\"https:\\\/\\\/www.sherex.com\\\/de\\\/befestigungsloesungen-fuer-solar-und-batteriespeicher\\\/\",\"url\":\"https:\\\/\\\/www.sherex.com\\\/de\\\/befestigungsloesungen-fuer-solar-und-batteriespeicher\\\/\",\"name\":\"Befestigungsl\u00f6sungen f\u00fcr Solar- und Batteriespeicher - Sherex Fastening Solutions\",\"isPartOf\":{\"@id\":\"https:\\\/\\\/www.sherex.com\\\/de\\\/#website\"},\"primaryImageOfPage\":{\"@id\":\"https:\\\/\\\/www.sherex.com\\\/de\\\/befestigungsloesungen-fuer-solar-und-batteriespeicher\\\/#primaryimage\"},\"image\":{\"@id\":\"https:\\\/\\\/www.sherex.com\\\/de\\\/befestigungsloesungen-fuer-solar-und-batteriespeicher\\\/#primaryimage\"},\"thumbnailUrl\":\"https:\\\/\\\/www.sherex.com\\\/wp-content\\\/uploads\\\/Solutions-for-Solar-and-Battery-Storagev2.jpg\",\"datePublished\":\"2024-04-15T20:32:31+00:00\",\"dateModified\":\"2024-11-18T10:04:08+00:00\",\"description\":\"Sherex stellt Nietmuttern und Keilsicherungsscheiben f\u00fcr die Solar- und Batteriespeicherbranche her. Erfahren Sie, wie wir helfen k\u00f6nnen!\",\"breadcrumb\":{\"@id\":\"https:\\\/\\\/www.sherex.com\\\/de\\\/befestigungsloesungen-fuer-solar-und-batteriespeicher\\\/#breadcrumb\"},\"inLanguage\":\"de-DE\",\"potentialAction\":[{\"@type\":\"ReadAction\",\"target\":[\"https:\\\/\\\/www.sherex.com\\\/de\\\/befestigungsloesungen-fuer-solar-und-batteriespeicher\\\/\"]}]},{\"@type\":\"ImageObject\",\"inLanguage\":\"de-DE\",\"@id\":\"https:\\\/\\\/www.sherex.com\\\/de\\\/befestigungsloesungen-fuer-solar-und-batteriespeicher\\\/#primaryimage\",\"url\":\"https:\\\/\\\/www.sherex.com\\\/wp-content\\\/uploads\\\/Solutions-for-Solar-and-Battery-Storagev2.jpg\",\"contentUrl\":\"https:\\\/\\\/www.sherex.com\\\/wp-content\\\/uploads\\\/Solutions-for-Solar-and-Battery-Storagev2.jpg\"},{\"@type\":\"BreadcrumbList\",\"@id\":\"https:\\\/\\\/www.sherex.com\\\/de\\\/befestigungsloesungen-fuer-solar-und-batteriespeicher\\\/#breadcrumb\",\"itemListElement\":[{\"@type\":\"ListItem\",\"position\":1,\"name\":\"Home\",\"item\":\"https:\\\/\\\/www.sherex.com\\\/de\\\/\"},{\"@type\":\"ListItem\",\"position\":2,\"name\":\"Befestigungsl\u00f6sungen f\u00fcr Solar- und Batteriespeicher\"}]},{\"@type\":\"WebSite\",\"@id\":\"https:\\\/\\\/www.sherex.com\\\/de\\\/#website\",\"url\":\"https:\\\/\\\/www.sherex.com\\\/de\\\/\",\"name\":\"Sherex Fastening Solutions\",\"description\":\"\",\"potentialAction\":[{\"@type\":\"SearchAction\",\"target\":{\"@type\":\"EntryPoint\",\"urlTemplate\":\"https:\\\/\\\/www.sherex.com\\\/de\\\/?s={search_term_string}\"},\"query-input\":{\"@type\":\"PropertyValueSpecification\",\"valueRequired\":true,\"valueName\":\"search_term_string\"}}],\"inLanguage\":\"de-DE\"}]}<\/script>\n<!-- \/ Yoast SEO plugin. -->","yoast_head_json":{"title":"Befestigungsl\u00f6sungen f\u00fcr Solar- und Batteriespeicher - Sherex Fastening Solutions","description":"Sherex stellt Nietmuttern und Keilsicherungsscheiben f\u00fcr die Solar- und Batteriespeicherbranche her. Erfahren Sie, wie wir helfen k\u00f6nnen!","robots":{"index":"index","follow":"follow","max-snippet":"max-snippet:-1","max-image-preview":"max-image-preview:large","max-video-preview":"max-video-preview:-1"},"canonical":"https:\/\/www.sherex.com\/de\/befestigungsloesungen-fuer-solar-und-batteriespeicher\/","og_locale":"de_DE","og_type":"article","og_title":"Befestigungsl\u00f6sungen f\u00fcr Solar- und Batteriespeicher - Sherex Fastening Solutions","og_description":"Sherex stellt Nietmuttern und Keilsicherungsscheiben f\u00fcr die Solar- und Batteriespeicherbranche her. Erfahren Sie, wie wir helfen k\u00f6nnen!","og_url":"https:\/\/www.sherex.com\/de\/befestigungsloesungen-fuer-solar-und-batteriespeicher\/","og_site_name":"Sherex Fastening Solutions","article_modified_time":"2024-11-18T10:04:08+00:00","og_image":[{"url":"https:\/\/www.sherex.com\/wp-content\/uploads\/Solutions-for-Solar-and-Battery-Storagev2.jpg","type":"","width":"","height":""}],"twitter_misc":{"Est. reading time":"6 Minuten"},"schema":{"@context":"https:\/\/schema.org","@graph":[{"@type":"WebPage","@id":"https:\/\/www.sherex.com\/de\/befestigungsloesungen-fuer-solar-und-batteriespeicher\/","url":"https:\/\/www.sherex.com\/de\/befestigungsloesungen-fuer-solar-und-batteriespeicher\/","name":"Befestigungsl\u00f6sungen f\u00fcr Solar- und Batteriespeicher - Sherex Fastening Solutions","isPartOf":{"@id":"https:\/\/www.sherex.com\/de\/#website"},"primaryImageOfPage":{"@id":"https:\/\/www.sherex.com\/de\/befestigungsloesungen-fuer-solar-und-batteriespeicher\/#primaryimage"},"image":{"@id":"https:\/\/www.sherex.com\/de\/befestigungsloesungen-fuer-solar-und-batteriespeicher\/#primaryimage"},"thumbnailUrl":"https:\/\/www.sherex.com\/wp-content\/uploads\/Solutions-for-Solar-and-Battery-Storagev2.jpg","datePublished":"2024-04-15T20:32:31+00:00","dateModified":"2024-11-18T10:04:08+00:00","description":"Sherex stellt Nietmuttern und Keilsicherungsscheiben f\u00fcr die Solar- und Batteriespeicherbranche her. Erfahren Sie, wie wir helfen k\u00f6nnen!","breadcrumb":{"@id":"https:\/\/www.sherex.com\/de\/befestigungsloesungen-fuer-solar-und-batteriespeicher\/#breadcrumb"},"inLanguage":"de-DE","potentialAction":[{"@type":"ReadAction","target":["https:\/\/www.sherex.com\/de\/befestigungsloesungen-fuer-solar-und-batteriespeicher\/"]}]},{"@type":"ImageObject","inLanguage":"de-DE","@id":"https:\/\/www.sherex.com\/de\/befestigungsloesungen-fuer-solar-und-batteriespeicher\/#primaryimage","url":"https:\/\/www.sherex.com\/wp-content\/uploads\/Solutions-for-Solar-and-Battery-Storagev2.jpg","contentUrl":"https:\/\/www.sherex.com\/wp-content\/uploads\/Solutions-for-Solar-and-Battery-Storagev2.jpg"},{"@type":"BreadcrumbList","@id":"https:\/\/www.sherex.com\/de\/befestigungsloesungen-fuer-solar-und-batteriespeicher\/#breadcrumb","itemListElement":[{"@type":"ListItem","position":1,"name":"Home","item":"https:\/\/www.sherex.com\/de\/"},{"@type":"ListItem","position":2,"name":"Befestigungsl\u00f6sungen f\u00fcr Solar- und Batteriespeicher"}]},{"@type":"WebSite","@id":"https:\/\/www.sherex.com\/de\/#website","url":"https:\/\/www.sherex.com\/de\/","name":"Sherex Fastening Solutions","description":"","potentialAction":[{"@type":"SearchAction","target":{"@type":"EntryPoint","urlTemplate":"https:\/\/www.sherex.com\/de\/?s={search_term_string}"},"query-input":{"@type":"PropertyValueSpecification","valueRequired":true,"valueName":"search_term_string"}}],"inLanguage":"de-DE"}]}},"_links":{"self":[{"href":"https:\/\/www.sherex.com\/de\/wp-json\/wp\/v2\/pages\/5540","targetHints":{"allow":["GET"]}}],"collection":[{"href":"https:\/\/www.sherex.com\/de\/wp-json\/wp\/v2\/pages"}],"about":[{"href":"https:\/\/www.sherex.com\/de\/wp-json\/wp\/v2\/types\/page"}],"author":[{"embeddable":true,"href":"https:\/\/www.sherex.com\/de\/wp-json\/wp\/v2\/users\/17"}],"replies":[{"embeddable":true,"href":"https:\/\/www.sherex.com\/de\/wp-json\/wp\/v2\/comments?post=5540"}],"version-history":[{"count":0,"href":"https:\/\/www.sherex.com\/de\/wp-json\/wp\/v2\/pages\/5540\/revisions"}],"wp:attachment":[{"href":"https:\/\/www.sherex.com\/de\/wp-json\/wp\/v2\/media?parent=5540"}],"curies":[{"name":"wp","href":"https:\/\/api.w.org\/{rel}","templated":true}]}}