{"id":5543,"date":"2018-05-10T18:05:50","date_gmt":"2018-05-10T22:05:50","guid":{"rendered":"https:\/\/www.sherex.com\/globale-abdeckung\/"},"modified":"2025-11-06T11:23:32","modified_gmt":"2025-11-06T15:23:32","slug":"globale-abdeckung","status":"publish","type":"page","link":"https:\/\/www.sherex.com\/de\/globale-abdeckung\/","title":{"rendered":"Globale Abdeckung"},"content":{"rendered":"<h4 style=\"text-align: center;\">Produktions-, Verkaufs- und Vertriebseinrichtungen von Sherex<\/h4>\n<p>Sherex Fastening Solutions ist ein globaler Hersteller von Befestigungselementen mit Hauptsitz in Buffalo, NY. Sherex verf\u00fcgt \u00fcber f\u00fcnf Standorte auf der ganzen Welt, darunter zwei strategische Produktionsst\u00e4tten in Akron, Ohio, und Chungli, Taiwan.<\/p>\n<p>Unser Standort <strong><a href=\"#taiwan\">Sherex Taiwan<\/a><\/strong> ist nach IATF 16949:2016 und ISO 14001 zertifiziert und verf\u00fcgt \u00fcber ein nach ISO 17025 akkreditiertes Labor. Unsere Einrichtung <strong><a href=\"#akron\">Sherex Akron<\/a><\/strong> ist nach ISO 9001:2015 zertifiziert und entspricht AS 9100.<\/p>\n<p>Sherex verf\u00fcgt au\u00dferdem \u00fcber vier Verkaufs- und Vertriebsb\u00fcros: den Hauptsitz in Buffalo, NY, <strong><a href=\"https:\/\/www.sherex.com\/de\/ueber-sherex-fastening-solutions\/sherex-vereinigtes-koenigreich\/\">Sherex UK<\/a><\/strong> in Burnley, Gro\u00dfbritannien, <strong><a href=\"#mexico\">Sherex Mexico<\/a><\/strong> in Santiago de Queretaro und <strong><a href=\"https:\/\/www.sherex.com\/de\/ueber-sherex-fastening-solutions\/sherex-polen\/\">Sherex Poland<\/a><\/strong>, mit Sitz in Warschau, Polen.<\/p>\n<p>Mit Produktionsst\u00e4tten in den USA und Taiwan sowie Vertrieb und Distribution in Nordamerika und Europa ist Sherex weltweit aufgestellt, um schnell auf die Bed\u00fcrfnisse unserer Kunden zu reagieren und neue und schwierige technische Befestigungsprojekte zu realisieren.<\/p>\n<p><a href=\"https:\/\/www.sherex.com\/de\/kontaktieren-sie-uns\/\"><strong>Kontaktieren Sie uns<\/strong><\/a>, um weitere Informationen dar\u00fcber zu erhalten, wie wir Ihnen bei der L\u00f6sung schwieriger Befestigungsprobleme helfen k\u00f6nnen.<\/p>\n<p><a name=\"akron\"><\/a><br \/>\n<a name=\"taiwan\"><\/a><\/p>\n","protected":false},"excerpt":{"rendered":"<p>Produktions-, Verkaufs- und Vertriebseinrichtungen von Sherex Sherex Fastening Solutions ist ein globaler Hersteller von Befestigungselementen mit Hauptsitz in Buffalo, NY. Sherex verf\u00fcgt \u00fcber f\u00fcnf Standorte auf der ganzen Welt, darunter zwei strategische Produktionsst\u00e4tten in Akron, Ohio, und Chungli, Taiwan. Unser Standort Sherex Taiwan ist nach IATF 16949:2016 und ISO 14001 zertifiziert und verf\u00fcgt \u00fcber ein [&hellip;]<\/p>\n","protected":false},"author":19,"featured_media":0,"parent":0,"menu_order":0,"comment_status":"closed","ping_status":"closed","template":"","meta":{"_acf_changed":false,"om_disable_all_campaigns":false,"inline_featured_image":false,"_monsterinsights_skip_tracking":false,"_monsterinsights_sitenote_active":false,"_monsterinsights_sitenote_note":"","_monsterinsights_sitenote_category":0,"_uf_show_specific_survey":0,"_uf_disable_surveys":false,"footnotes":""},"class_list":["post-5543","page","type-page","status-publish","hentry"],"acf":[],"yoast_head":"<!-- This site is optimized with the Yoast SEO plugin v27.4 - https:\/\/yoast.com\/product\/yoast-seo-wordpress\/ -->\n<title>Globale Verkaufs- und Vertriebsabdeckung | Sherex Fastening Solutions<\/title>\n<meta name=\"description\" content=\"Sherex Fastening verf\u00fcgt \u00fcber globale Produktions- und Vertriebskapazit\u00e4ten auf der ganzen Welt, um Ihnen die Lieferung hochwertiger Verbindungselemente zu erm\u00f6glichen. Kontaktieren Sie uns!\" \/>\n<meta name=\"robots\" content=\"index, follow, max-snippet:-1, max-image-preview:large, max-video-preview:-1\" \/>\n<link rel=\"canonical\" href=\"https:\/\/www.sherex.com\/de\/globale-abdeckung\/\" \/>\n<meta property=\"og:locale\" content=\"de_DE\" \/>\n<meta property=\"og:type\" content=\"article\" \/>\n<meta property=\"og:title\" content=\"Globale Verkaufs- und Vertriebsabdeckung | Sherex Fastening Solutions\" \/>\n<meta property=\"og:description\" content=\"Sherex Fastening verf\u00fcgt \u00fcber globale Produktions- und Vertriebskapazit\u00e4ten auf der ganzen Welt, um Ihnen die Lieferung hochwertiger Verbindungselemente zu erm\u00f6glichen. Kontaktieren Sie uns!\" \/>\n<meta property=\"og:url\" content=\"https:\/\/www.sherex.com\/de\/globale-abdeckung\/\" \/>\n<meta property=\"og:site_name\" content=\"Sherex Fastening Solutions\" \/>\n<meta property=\"article:modified_time\" content=\"2025-11-06T15:23:32+00:00\" \/>\n<meta name=\"twitter:label1\" content=\"Est. reading time\" \/>\n\t<meta name=\"twitter:data1\" content=\"2 Minuten\" \/>\n<script type=\"application\/ld+json\" class=\"yoast-schema-graph\">{\"@context\":\"https:\\\/\\\/schema.org\",\"@graph\":[{\"@type\":\"WebPage\",\"@id\":\"https:\\\/\\\/www.sherex.com\\\/de\\\/globale-abdeckung\\\/\",\"url\":\"https:\\\/\\\/www.sherex.com\\\/de\\\/globale-abdeckung\\\/\",\"name\":\"Globale Verkaufs- und Vertriebsabdeckung | Sherex Fastening Solutions\",\"isPartOf\":{\"@id\":\"https:\\\/\\\/www.sherex.com\\\/de\\\/#website\"},\"datePublished\":\"2018-05-10T22:05:50+00:00\",\"dateModified\":\"2025-11-06T15:23:32+00:00\",\"description\":\"Sherex Fastening verf\u00fcgt \u00fcber globale Produktions- und Vertriebskapazit\u00e4ten auf der ganzen Welt, um Ihnen die Lieferung hochwertiger Verbindungselemente zu erm\u00f6glichen. Kontaktieren Sie uns!\",\"breadcrumb\":{\"@id\":\"https:\\\/\\\/www.sherex.com\\\/de\\\/globale-abdeckung\\\/#breadcrumb\"},\"inLanguage\":\"de-DE\",\"potentialAction\":[{\"@type\":\"ReadAction\",\"target\":[\"https:\\\/\\\/www.sherex.com\\\/de\\\/globale-abdeckung\\\/\"]}]},{\"@type\":\"BreadcrumbList\",\"@id\":\"https:\\\/\\\/www.sherex.com\\\/de\\\/globale-abdeckung\\\/#breadcrumb\",\"itemListElement\":[{\"@type\":\"ListItem\",\"position\":1,\"name\":\"Home\",\"item\":\"https:\\\/\\\/www.sherex.com\\\/de\\\/\"},{\"@type\":\"ListItem\",\"position\":2,\"name\":\"Globale Abdeckung\"}]},{\"@type\":\"WebSite\",\"@id\":\"https:\\\/\\\/www.sherex.com\\\/de\\\/#website\",\"url\":\"https:\\\/\\\/www.sherex.com\\\/de\\\/\",\"name\":\"Sherex Fastening Solutions\",\"description\":\"\",\"potentialAction\":[{\"@type\":\"SearchAction\",\"target\":{\"@type\":\"EntryPoint\",\"urlTemplate\":\"https:\\\/\\\/www.sherex.com\\\/de\\\/?s={search_term_string}\"},\"query-input\":{\"@type\":\"PropertyValueSpecification\",\"valueRequired\":true,\"valueName\":\"search_term_string\"}}],\"inLanguage\":\"de-DE\"}]}<\/script>\n<!-- \/ Yoast SEO plugin. -->","yoast_head_json":{"title":"Globale Verkaufs- und Vertriebsabdeckung | Sherex Fastening Solutions","description":"Sherex Fastening verf\u00fcgt \u00fcber globale Produktions- und Vertriebskapazit\u00e4ten auf der ganzen Welt, um Ihnen die Lieferung hochwertiger Verbindungselemente zu erm\u00f6glichen. Kontaktieren Sie uns!","robots":{"index":"index","follow":"follow","max-snippet":"max-snippet:-1","max-image-preview":"max-image-preview:large","max-video-preview":"max-video-preview:-1"},"canonical":"https:\/\/www.sherex.com\/de\/globale-abdeckung\/","og_locale":"de_DE","og_type":"article","og_title":"Globale Verkaufs- und Vertriebsabdeckung | Sherex Fastening Solutions","og_description":"Sherex Fastening verf\u00fcgt \u00fcber globale Produktions- und Vertriebskapazit\u00e4ten auf der ganzen Welt, um Ihnen die Lieferung hochwertiger Verbindungselemente zu erm\u00f6glichen. Kontaktieren Sie uns!","og_url":"https:\/\/www.sherex.com\/de\/globale-abdeckung\/","og_site_name":"Sherex Fastening Solutions","article_modified_time":"2025-11-06T15:23:32+00:00","twitter_misc":{"Est. reading time":"2 Minuten"},"schema":{"@context":"https:\/\/schema.org","@graph":[{"@type":"WebPage","@id":"https:\/\/www.sherex.com\/de\/globale-abdeckung\/","url":"https:\/\/www.sherex.com\/de\/globale-abdeckung\/","name":"Globale Verkaufs- und Vertriebsabdeckung | Sherex Fastening Solutions","isPartOf":{"@id":"https:\/\/www.sherex.com\/de\/#website"},"datePublished":"2018-05-10T22:05:50+00:00","dateModified":"2025-11-06T15:23:32+00:00","description":"Sherex Fastening verf\u00fcgt \u00fcber globale Produktions- und Vertriebskapazit\u00e4ten auf der ganzen Welt, um Ihnen die Lieferung hochwertiger Verbindungselemente zu erm\u00f6glichen. Kontaktieren Sie uns!","breadcrumb":{"@id":"https:\/\/www.sherex.com\/de\/globale-abdeckung\/#breadcrumb"},"inLanguage":"de-DE","potentialAction":[{"@type":"ReadAction","target":["https:\/\/www.sherex.com\/de\/globale-abdeckung\/"]}]},{"@type":"BreadcrumbList","@id":"https:\/\/www.sherex.com\/de\/globale-abdeckung\/#breadcrumb","itemListElement":[{"@type":"ListItem","position":1,"name":"Home","item":"https:\/\/www.sherex.com\/de\/"},{"@type":"ListItem","position":2,"name":"Globale Abdeckung"}]},{"@type":"WebSite","@id":"https:\/\/www.sherex.com\/de\/#website","url":"https:\/\/www.sherex.com\/de\/","name":"Sherex Fastening Solutions","description":"","potentialAction":[{"@type":"SearchAction","target":{"@type":"EntryPoint","urlTemplate":"https:\/\/www.sherex.com\/de\/?s={search_term_string}"},"query-input":{"@type":"PropertyValueSpecification","valueRequired":true,"valueName":"search_term_string"}}],"inLanguage":"de-DE"}]}},"_links":{"self":[{"href":"https:\/\/www.sherex.com\/de\/wp-json\/wp\/v2\/pages\/5543","targetHints":{"allow":["GET"]}}],"collection":[{"href":"https:\/\/www.sherex.com\/de\/wp-json\/wp\/v2\/pages"}],"about":[{"href":"https:\/\/www.sherex.com\/de\/wp-json\/wp\/v2\/types\/page"}],"author":[{"embeddable":true,"href":"https:\/\/www.sherex.com\/de\/wp-json\/wp\/v2\/users\/19"}],"replies":[{"embeddable":true,"href":"https:\/\/www.sherex.com\/de\/wp-json\/wp\/v2\/comments?post=5543"}],"version-history":[{"count":0,"href":"https:\/\/www.sherex.com\/de\/wp-json\/wp\/v2\/pages\/5543\/revisions"}],"wp:attachment":[{"href":"https:\/\/www.sherex.com\/de\/wp-json\/wp\/v2\/media?parent=5543"}],"curies":[{"name":"wp","href":"https:\/\/api.w.org\/{rel}","templated":true}]}}