{"id":5546,"date":"2023-01-05T12:56:53","date_gmt":"2023-01-05T16:56:53","guid":{"rendered":"https:\/\/www.sherex.com\/optisert-die-neue-nietmutter-mit-rundem-koerper-von-sherex\/"},"modified":"2024-11-14T02:02:53","modified_gmt":"2024-11-14T06:02:53","slug":"optisert-die-neue-nietmutter-mit-rundem-koerper-von-sherex","status":"publish","type":"page","link":"https:\/\/www.sherex.com\/de\/optisert-die-neue-nietmutter-mit-rundem-koerper-von-sherex\/","title":{"rendered":"Optisert \u2013 die neue Nietmutter mit rundem K\u00f6rper von Sherex"},"content":{"rendered":"<h2><img loading=\"lazy\" decoding=\"async\" width=\"1250\" height=\"160\" class=\"aligncenter size-full wp-image-2213\" src=\"https:\/\/www.sherex.com\/wp-content\/uploads\/Optisert-Page-Bannerv2.jpg\" title=\"Optisert Nietmuttern\" alt=\"Optisert Nietmuttern\" srcset=\"https:\/\/www.sherex.com\/wp-content\/uploads\/Optisert-Page-Bannerv2.jpg 1250w, https:\/\/www.sherex.com\/wp-content\/uploads\/Optisert-Page-Bannerv2-500x64.jpg 500w, https:\/\/www.sherex.com\/wp-content\/uploads\/Optisert-Page-Bannerv2-1024x131.jpg 1024w, https:\/\/www.sherex.com\/wp-content\/uploads\/Optisert-Page-Bannerv2-768x98.jpg 768w\" sizes=\"auto, (max-width: 709px) 85vw, (max-width: 909px) 67vw, (max-width: 1362px) 62vw, 840px\" \/><br \/>\n<strong>Der neue Standard ist da.<\/strong><\/h2>\n<p><strong>Optisert\u00ae von Sherex<\/strong> ist eine innovative Blindnietmutter mit rundem K\u00f6rper, die im Vergleich zu typischen Blindnietmuttern mit rundem K\u00f6rper eine <strong>h\u00f6here Festigkeit, Leistung und Ausdrehbarkeit<\/strong> aufweist.<\/p>\n<div id=\"attachment_2414\" style=\"width: 210px\" class=\"wp-caption alignright\"><a href=\"https:\/\/www.sherex.com\/wp-content\/uploads\/Optisert-Brochure.pdf\" target=\"_blank\" rel=\"noopener\"><img loading=\"lazy\" decoding=\"async\" aria-describedby=\"caption-attachment-2414\" class=\"wp-image-2414\" src=\"https:\/\/www.sherex.com\/wp-content\/uploads\/Optisert-Brochure-Cover.png\" alt=\"Optisert-Brosch\u00fcre\" title=\"Optisert-Brosch\u00fcre\" width=\"200\" height=\"259\" srcset=\"https:\/\/www.sherex.com\/wp-content\/uploads\/Optisert-Brochure-Cover.png 628w, https:\/\/www.sherex.com\/wp-content\/uploads\/Optisert-Brochure-Cover-500x646.png 500w\" sizes=\"auto, (max-width: 709px) 85vw, (max-width: 909px) 67vw, (max-width: 1362px) 62vw, 840px\" \/><\/a><p id=\"caption-attachment-2414\" class=\"wp-caption-text\">Optisert-Brosch\u00fcre<\/p><\/div>\n<p>Das Besondere an <a href=\"https:\/\/fasteners.sherex.com\/category\/optisert-series\" target=\"_blank\" rel=\"noopener\">Optisert<\/a> ist die propriet\u00e4re Kombination aus einem konstruierten R\u00e4ndelk\u00f6rper und einem Unterkopfkeildesign. Dies verleiht der Nietmutter einen hervorragenden Halt, sodass sie sich nicht leicht im Grundmaterial dreht. Ihre Festigkeit gegen Herausdrehen ist fast so gro\u00df wie bei einer <a href=\"https:\/\/fasteners.sherex.com\/category\/hex-body-rivet-nuts\">Sechskantnietmutter<\/a>. Die Herausdrehleistung eines M6 Optisert in 3 mm dickem Aluminium wurde mit 18,52 Nm getestet. \u00c4hnliche keilf\u00f6rmige, runde Nietmuttern, die in Aluminiummaterial eingebaut werden, haben einen Herausdrehtest von 12,8, eine Leistungsverbesserung von 44 %.<\/p>\n<p>Das <a href=\"https:\/\/fasteners.sherex.com\/viewitems\/optisert-series\/optisert-closed-end-metric\">zum Patent angemeldete geschlossene Design<\/a> bietet eine abgedichtete Option, bei der die Bei\u00dfwirkung der Keile nicht beeintr\u00e4chtigt wird, und bietet eine bessere Leistung als andere Blindnietmuttern mit rundem K\u00f6rper und geschlossenem Ende auf dem Markt.<\/p>\n<p><img loading=\"lazy\" decoding=\"async\" class=\"alignleft wp-image-2209 \" src=\"https:\/\/www.sherex.com\/wp-content\/uploads\/Optisert-Install-web.gif\" title=\"Optisert installieren\" alt=\"Optisert installieren\" width=\"200\" height=\"163\" \/>Optisert verbessert die Qualit\u00e4t der Anwendungen, in denen der Verschluss verwendet wird, da die Leistung beim Herausdrehen und Herausziehen verbessert wird.<\/p>\n<p>Zu den idealen Anwendungen f\u00fcr Optisert geh\u00f6ren weichere Materialien wie Aluminium, Verbundwerkstoffe, Glasfaser und Kunststoff. Dieser neue Rundk\u00f6rperverschluss wird bereits in der Automobil-, <a href=\"\/de\/befestigungsloesungen-fuer-die-elektrofahrzeugindustrie\/\">Elektrofahrzeug-<\/a> und Schwerlastwagenindustrie verwendet.<\/p>\n<p>Der Standard-Optisert ist in verschiedenen Optionen erh\u00e4ltlich, darunter mit offenem oder geschlossenem Ende und in verschiedenen Beschichtungen.<\/p>\n","protected":false},"excerpt":{"rendered":"<p>Der neue Standard ist da. Optisert\u00ae von Sherex ist eine innovative Blindnietmutter mit rundem K\u00f6rper, die im Vergleich zu typischen Blindnietmuttern mit rundem K\u00f6rper eine h\u00f6here Festigkeit, Leistung und Ausdrehbarkeit aufweist. Das Besondere an Optisert ist die propriet\u00e4re Kombination aus einem konstruierten R\u00e4ndelk\u00f6rper und einem Unterkopfkeildesign. Dies verleiht der Nietmutter einen hervorragenden Halt, sodass sie [&hellip;]<\/p>\n","protected":false},"author":17,"featured_media":0,"parent":0,"menu_order":0,"comment_status":"closed","ping_status":"closed","template":"","meta":{"_acf_changed":false,"om_disable_all_campaigns":false,"inline_featured_image":false,"_monsterinsights_skip_tracking":false,"_monsterinsights_sitenote_active":false,"_monsterinsights_sitenote_note":"","_monsterinsights_sitenote_category":0,"_uf_show_specific_survey":0,"_uf_disable_surveys":false,"footnotes":""},"class_list":["post-5546","page","type-page","status-publish","hentry"],"acf":[],"yoast_head":"<!-- This site is optimized with the Yoast SEO plugin v27.5 - https:\/\/yoast.com\/product\/yoast-seo-wordpress\/ -->\n<title>Optisert | Hochleistungs-Nietmutter | Sherex Fastening Solutions<\/title>\n<meta name=\"description\" content=\"Optisert ist die neue Hochleistungsnietmutter von Sherex und wird die leistungsst\u00e4rkste Blindnietmutter auf dem Markt sein. Finden Sie heraus, warum!\" \/>\n<meta name=\"robots\" content=\"index, follow, max-snippet:-1, max-image-preview:large, max-video-preview:-1\" \/>\n<link rel=\"canonical\" href=\"https:\/\/www.sherex.com\/de\/optisert-die-neue-nietmutter-mit-rundem-koerper-von-sherex\/\" \/>\n<meta property=\"og:locale\" content=\"de_DE\" \/>\n<meta property=\"og:type\" content=\"article\" \/>\n<meta property=\"og:title\" content=\"Optisert | Hochleistungs-Nietmutter | Sherex Fastening Solutions\" \/>\n<meta property=\"og:description\" content=\"Optisert ist die neue Hochleistungsnietmutter von Sherex und wird die leistungsst\u00e4rkste Blindnietmutter auf dem Markt sein. Finden Sie heraus, warum!\" \/>\n<meta property=\"og:url\" content=\"https:\/\/www.sherex.com\/de\/optisert-die-neue-nietmutter-mit-rundem-koerper-von-sherex\/\" \/>\n<meta property=\"og:site_name\" content=\"Sherex Fastening Solutions\" \/>\n<meta property=\"article:modified_time\" content=\"2024-11-14T06:02:53+00:00\" \/>\n<meta property=\"og:image\" content=\"https:\/\/www.sherex.com\/wp-content\/uploads\/Optisert-Page-Bannerv2.jpg\" \/>\n<meta name=\"twitter:label1\" content=\"Est. reading time\" \/>\n\t<meta name=\"twitter:data1\" content=\"4 Minuten\" \/>\n<script type=\"application\/ld+json\" class=\"yoast-schema-graph\">{\"@context\":\"https:\\\/\\\/schema.org\",\"@graph\":[{\"@type\":\"WebPage\",\"@id\":\"https:\\\/\\\/www.sherex.com\\\/de\\\/optisert-die-neue-nietmutter-mit-rundem-koerper-von-sherex\\\/\",\"url\":\"https:\\\/\\\/www.sherex.com\\\/de\\\/optisert-die-neue-nietmutter-mit-rundem-koerper-von-sherex\\\/\",\"name\":\"Optisert | Hochleistungs-Nietmutter | Sherex Fastening Solutions\",\"isPartOf\":{\"@id\":\"https:\\\/\\\/www.sherex.com\\\/de\\\/#website\"},\"primaryImageOfPage\":{\"@id\":\"https:\\\/\\\/www.sherex.com\\\/de\\\/optisert-die-neue-nietmutter-mit-rundem-koerper-von-sherex\\\/#primaryimage\"},\"image\":{\"@id\":\"https:\\\/\\\/www.sherex.com\\\/de\\\/optisert-die-neue-nietmutter-mit-rundem-koerper-von-sherex\\\/#primaryimage\"},\"thumbnailUrl\":\"https:\\\/\\\/www.sherex.com\\\/wp-content\\\/uploads\\\/Optisert-Page-Bannerv2.jpg\",\"datePublished\":\"2023-01-05T16:56:53+00:00\",\"dateModified\":\"2024-11-14T06:02:53+00:00\",\"description\":\"Optisert ist die neue Hochleistungsnietmutter von Sherex und wird die leistungsst\u00e4rkste Blindnietmutter auf dem Markt sein. Finden Sie heraus, warum!\",\"breadcrumb\":{\"@id\":\"https:\\\/\\\/www.sherex.com\\\/de\\\/optisert-die-neue-nietmutter-mit-rundem-koerper-von-sherex\\\/#breadcrumb\"},\"inLanguage\":\"de-DE\",\"potentialAction\":[{\"@type\":\"ReadAction\",\"target\":[\"https:\\\/\\\/www.sherex.com\\\/de\\\/optisert-die-neue-nietmutter-mit-rundem-koerper-von-sherex\\\/\"]}]},{\"@type\":\"ImageObject\",\"inLanguage\":\"de-DE\",\"@id\":\"https:\\\/\\\/www.sherex.com\\\/de\\\/optisert-die-neue-nietmutter-mit-rundem-koerper-von-sherex\\\/#primaryimage\",\"url\":\"https:\\\/\\\/www.sherex.com\\\/wp-content\\\/uploads\\\/Optisert-Page-Bannerv2.jpg\",\"contentUrl\":\"https:\\\/\\\/www.sherex.com\\\/wp-content\\\/uploads\\\/Optisert-Page-Bannerv2.jpg\"},{\"@type\":\"BreadcrumbList\",\"@id\":\"https:\\\/\\\/www.sherex.com\\\/de\\\/optisert-die-neue-nietmutter-mit-rundem-koerper-von-sherex\\\/#breadcrumb\",\"itemListElement\":[{\"@type\":\"ListItem\",\"position\":1,\"name\":\"Home\",\"item\":\"https:\\\/\\\/www.sherex.com\\\/de\\\/\"},{\"@type\":\"ListItem\",\"position\":2,\"name\":\"Optisert \u2013 die neue Nietmutter mit rundem K\u00f6rper von Sherex\"}]},{\"@type\":\"WebSite\",\"@id\":\"https:\\\/\\\/www.sherex.com\\\/de\\\/#website\",\"url\":\"https:\\\/\\\/www.sherex.com\\\/de\\\/\",\"name\":\"Sherex Fastening Solutions\",\"description\":\"\",\"potentialAction\":[{\"@type\":\"SearchAction\",\"target\":{\"@type\":\"EntryPoint\",\"urlTemplate\":\"https:\\\/\\\/www.sherex.com\\\/de\\\/?s={search_term_string}\"},\"query-input\":{\"@type\":\"PropertyValueSpecification\",\"valueRequired\":true,\"valueName\":\"search_term_string\"}}],\"inLanguage\":\"de-DE\"}]}<\/script>\n<!-- \/ Yoast SEO plugin. -->","yoast_head_json":{"title":"Optisert | Hochleistungs-Nietmutter | Sherex Fastening Solutions","description":"Optisert ist die neue Hochleistungsnietmutter von Sherex und wird die leistungsst\u00e4rkste Blindnietmutter auf dem Markt sein. Finden Sie heraus, warum!","robots":{"index":"index","follow":"follow","max-snippet":"max-snippet:-1","max-image-preview":"max-image-preview:large","max-video-preview":"max-video-preview:-1"},"canonical":"https:\/\/www.sherex.com\/de\/optisert-die-neue-nietmutter-mit-rundem-koerper-von-sherex\/","og_locale":"de_DE","og_type":"article","og_title":"Optisert | Hochleistungs-Nietmutter | Sherex Fastening Solutions","og_description":"Optisert ist die neue Hochleistungsnietmutter von Sherex und wird die leistungsst\u00e4rkste Blindnietmutter auf dem Markt sein. Finden Sie heraus, warum!","og_url":"https:\/\/www.sherex.com\/de\/optisert-die-neue-nietmutter-mit-rundem-koerper-von-sherex\/","og_site_name":"Sherex Fastening Solutions","article_modified_time":"2024-11-14T06:02:53+00:00","og_image":[{"url":"https:\/\/www.sherex.com\/wp-content\/uploads\/Optisert-Page-Bannerv2.jpg","type":"","width":"","height":""}],"twitter_misc":{"Est. reading time":"4 Minuten"},"schema":{"@context":"https:\/\/schema.org","@graph":[{"@type":"WebPage","@id":"https:\/\/www.sherex.com\/de\/optisert-die-neue-nietmutter-mit-rundem-koerper-von-sherex\/","url":"https:\/\/www.sherex.com\/de\/optisert-die-neue-nietmutter-mit-rundem-koerper-von-sherex\/","name":"Optisert | Hochleistungs-Nietmutter | Sherex Fastening Solutions","isPartOf":{"@id":"https:\/\/www.sherex.com\/de\/#website"},"primaryImageOfPage":{"@id":"https:\/\/www.sherex.com\/de\/optisert-die-neue-nietmutter-mit-rundem-koerper-von-sherex\/#primaryimage"},"image":{"@id":"https:\/\/www.sherex.com\/de\/optisert-die-neue-nietmutter-mit-rundem-koerper-von-sherex\/#primaryimage"},"thumbnailUrl":"https:\/\/www.sherex.com\/wp-content\/uploads\/Optisert-Page-Bannerv2.jpg","datePublished":"2023-01-05T16:56:53+00:00","dateModified":"2024-11-14T06:02:53+00:00","description":"Optisert ist die neue Hochleistungsnietmutter von Sherex und wird die leistungsst\u00e4rkste Blindnietmutter auf dem Markt sein. Finden Sie heraus, warum!","breadcrumb":{"@id":"https:\/\/www.sherex.com\/de\/optisert-die-neue-nietmutter-mit-rundem-koerper-von-sherex\/#breadcrumb"},"inLanguage":"de-DE","potentialAction":[{"@type":"ReadAction","target":["https:\/\/www.sherex.com\/de\/optisert-die-neue-nietmutter-mit-rundem-koerper-von-sherex\/"]}]},{"@type":"ImageObject","inLanguage":"de-DE","@id":"https:\/\/www.sherex.com\/de\/optisert-die-neue-nietmutter-mit-rundem-koerper-von-sherex\/#primaryimage","url":"https:\/\/www.sherex.com\/wp-content\/uploads\/Optisert-Page-Bannerv2.jpg","contentUrl":"https:\/\/www.sherex.com\/wp-content\/uploads\/Optisert-Page-Bannerv2.jpg"},{"@type":"BreadcrumbList","@id":"https:\/\/www.sherex.com\/de\/optisert-die-neue-nietmutter-mit-rundem-koerper-von-sherex\/#breadcrumb","itemListElement":[{"@type":"ListItem","position":1,"name":"Home","item":"https:\/\/www.sherex.com\/de\/"},{"@type":"ListItem","position":2,"name":"Optisert \u2013 die neue Nietmutter mit rundem K\u00f6rper von Sherex"}]},{"@type":"WebSite","@id":"https:\/\/www.sherex.com\/de\/#website","url":"https:\/\/www.sherex.com\/de\/","name":"Sherex Fastening Solutions","description":"","potentialAction":[{"@type":"SearchAction","target":{"@type":"EntryPoint","urlTemplate":"https:\/\/www.sherex.com\/de\/?s={search_term_string}"},"query-input":{"@type":"PropertyValueSpecification","valueRequired":true,"valueName":"search_term_string"}}],"inLanguage":"de-DE"}]}},"_links":{"self":[{"href":"https:\/\/www.sherex.com\/de\/wp-json\/wp\/v2\/pages\/5546","targetHints":{"allow":["GET"]}}],"collection":[{"href":"https:\/\/www.sherex.com\/de\/wp-json\/wp\/v2\/pages"}],"about":[{"href":"https:\/\/www.sherex.com\/de\/wp-json\/wp\/v2\/types\/page"}],"author":[{"embeddable":true,"href":"https:\/\/www.sherex.com\/de\/wp-json\/wp\/v2\/users\/17"}],"replies":[{"embeddable":true,"href":"https:\/\/www.sherex.com\/de\/wp-json\/wp\/v2\/comments?post=5546"}],"version-history":[{"count":0,"href":"https:\/\/www.sherex.com\/de\/wp-json\/wp\/v2\/pages\/5546\/revisions"}],"wp:attachment":[{"href":"https:\/\/www.sherex.com\/de\/wp-json\/wp\/v2\/media?parent=5546"}],"curies":[{"name":"wp","href":"https:\/\/api.w.org\/{rel}","templated":true}]}}