{"id":5396,"date":"2018-05-10T18:04:07","date_gmt":"2018-05-10T22:04:07","guid":{"rendered":"https:\/\/www.sherex.com\/acerca-de\/"},"modified":"2025-01-10T07:28:08","modified_gmt":"2025-01-10T11:28:08","slug":"acerca-de","status":"publish","type":"page","link":"https:\/\/www.sherex.com\/es\/acerca-de\/","title":{"rendered":"Acerca de las soluciones de fijaci\u00f3n Sherex"},"content":{"rendered":"<h2>Descripci\u00f3n general de la empresa<\/h2>\n<p>Sherex Industries se fund\u00f3 en 1978 en Buffalo, Nueva York, y presta servicios principalmente a los mercados automotor y de energ\u00eda fluida. En 2004, la divisi\u00f3n de tuercas remachables se escindi\u00f3 y se convirti\u00f3 en Sherex Fastening Solutions. A lo largo de nuestros m\u00e1s de 35 a\u00f1os de historia, nos hemos mantenido firmes en nuestra misi\u00f3n de ofrecer soluciones de fijaci\u00f3n de alta calidad al menor costo total de instalaci\u00f3n. Hemos ampliado y mejorado nuestras ofertas y servicios mediante la creaci\u00f3n de productos patentados, la formaci\u00f3n de asociaciones estrat\u00e9gicas y el establecimiento de instalaciones de producci\u00f3n y centros de atenci\u00f3n al cliente de clase mundial en Taiw\u00e1n, M\u00e9xico y Akron, Ohio, Inglaterra y Polonia.<\/p>\n<p>En 2024, PennEngineering adquiri\u00f3 Sherex para convertirse en la marca y empresa l\u00edder en tecnolog\u00eda de fijaci\u00f3n de tuercas remachables. Esto le ha permitido a Sherex asumir la popular l\u00ednea de tuercas remachables ATLAS MaxTite y abrir la capacidad y las capacidades de fabricaci\u00f3n a nivel mundial. Con la adquisici\u00f3n de PennEngineering y la adquisici\u00f3n de la marca ATLAS, Sherex es ahora el mayor fabricante de tuercas remachables de Am\u00e9rica del Norte.<\/p>\n<p><iframe loading=\"lazy\" title=\"Reproductor de v\u00eddeo de YouTube\" src=\"https:\/\/www.youtube.com\/embed\/NvR_CqXAz70\" width=\"560\" height=\"315\" frameborder=\"0\" enablefullscreen=\"allowfullscreen\"><\/iframe ><\/p>\n","protected":false},"excerpt":{"rendered":"<p>Descripci\u00f3n general de la empresa Sherex Industries se fund\u00f3 en 1978 en Buffalo, Nueva York, y presta servicios principalmente a los mercados automotor y de energ\u00eda fluida. En 2004, la divisi\u00f3n de tuercas remachables se escindi\u00f3 y se convirti\u00f3 en Sherex Fastening Solutions. A lo largo de nuestros m\u00e1s de 35 a\u00f1os de historia, nos [&hellip;]<\/p>\n","protected":false},"author":19,"featured_media":0,"parent":0,"menu_order":0,"comment_status":"closed","ping_status":"closed","template":"","meta":{"_acf_changed":false,"om_disable_all_campaigns":false,"inline_featured_image":false,"_monsterinsights_skip_tracking":false,"_monsterinsights_sitenote_active":false,"_monsterinsights_sitenote_note":"","_monsterinsights_sitenote_category":0,"_uf_show_specific_survey":0,"_uf_disable_surveys":false,"footnotes":""},"class_list":["post-5396","page","type-page","status-publish","hentry"],"acf":[],"yoast_head":"<!-- This site is optimized with the Yoast SEO plugin v27.5 - https:\/\/yoast.com\/product\/yoast-seo-wordpress\/ -->\n<title>Acerca de Sherex Fastening Solutions - Tonawanda, Nueva York<\/title>\n<meta name=\"description\" content=\"Sherex Fastening Solutions, LLC, con certificaci\u00f3n ISO 9001 y TS16949, es un fabricante global de soluciones de sujeci\u00f3n de ingenier\u00eda innovadoras, como sujetadores, herramientas y automatizaci\u00f3n, que utiliza sus capacidades de ingenier\u00eda superiores para satisfacer las necesidades espec\u00edficas de los clientes y brindar un servicio y soporte insuperables.\" \/>\n<meta name=\"robots\" content=\"index, follow, max-snippet:-1, max-image-preview:large, max-video-preview:-1\" \/>\n<link rel=\"canonical\" href=\"https:\/\/www.sherex.com\/es\/acerca-de\/\" \/>\n<meta property=\"og:locale\" content=\"es_ES\" \/>\n<meta property=\"og:type\" content=\"article\" \/>\n<meta property=\"og:title\" content=\"Acerca de Sherex Fastening Solutions - Tonawanda, Nueva York\" \/>\n<meta property=\"og:description\" content=\"Sherex Fastening Solutions, LLC, con certificaci\u00f3n ISO 9001 y TS16949, es un fabricante global de soluciones de sujeci\u00f3n de ingenier\u00eda innovadoras, como sujetadores, herramientas y automatizaci\u00f3n, que utiliza sus capacidades de ingenier\u00eda superiores para satisfacer las necesidades espec\u00edficas de los clientes y brindar un servicio y soporte insuperables.\" \/>\n<meta property=\"og:url\" content=\"https:\/\/www.sherex.com\/es\/acerca-de\/\" \/>\n<meta property=\"og:site_name\" content=\"Sherex Fastening Solutions\" \/>\n<meta property=\"article:modified_time\" content=\"2025-01-10T11:28:08+00:00\" \/>\n<meta name=\"twitter:label1\" content=\"Est. reading time\" \/>\n\t<meta name=\"twitter:data1\" content=\"3 minutos\" \/>\n<script type=\"application\/ld+json\" class=\"yoast-schema-graph\">{\"@context\":\"https:\\\/\\\/schema.org\",\"@graph\":[{\"@type\":\"WebPage\",\"@id\":\"https:\\\/\\\/www.sherex.com\\\/es\\\/acerca-de\\\/\",\"url\":\"https:\\\/\\\/www.sherex.com\\\/es\\\/acerca-de\\\/\",\"name\":\"Acerca de Sherex Fastening Solutions - Tonawanda, Nueva York\",\"isPartOf\":{\"@id\":\"https:\\\/\\\/www.sherex.com\\\/es\\\/#website\"},\"datePublished\":\"2018-05-10T22:04:07+00:00\",\"dateModified\":\"2025-01-10T11:28:08+00:00\",\"description\":\"Sherex Fastening Solutions, LLC, con certificaci\u00f3n ISO 9001 y TS16949, es un fabricante global de soluciones de sujeci\u00f3n de ingenier\u00eda innovadoras, como sujetadores, herramientas y automatizaci\u00f3n, que utiliza sus capacidades de ingenier\u00eda superiores para satisfacer las necesidades espec\u00edficas de los clientes y brindar un servicio y soporte insuperables.\",\"breadcrumb\":{\"@id\":\"https:\\\/\\\/www.sherex.com\\\/es\\\/acerca-de\\\/#breadcrumb\"},\"inLanguage\":\"es\",\"potentialAction\":[{\"@type\":\"ReadAction\",\"target\":[\"https:\\\/\\\/www.sherex.com\\\/es\\\/acerca-de\\\/\"]}]},{\"@type\":\"BreadcrumbList\",\"@id\":\"https:\\\/\\\/www.sherex.com\\\/es\\\/acerca-de\\\/#breadcrumb\",\"itemListElement\":[{\"@type\":\"ListItem\",\"position\":1,\"name\":\"Home\",\"item\":\"https:\\\/\\\/www.sherex.com\\\/es\\\/\"},{\"@type\":\"ListItem\",\"position\":2,\"name\":\"Acerca de las soluciones de fijaci\u00f3n Sherex\"}]},{\"@type\":\"WebSite\",\"@id\":\"https:\\\/\\\/www.sherex.com\\\/es\\\/#website\",\"url\":\"https:\\\/\\\/www.sherex.com\\\/es\\\/\",\"name\":\"Sherex Fastening Solutions\",\"description\":\"\",\"potentialAction\":[{\"@type\":\"SearchAction\",\"target\":{\"@type\":\"EntryPoint\",\"urlTemplate\":\"https:\\\/\\\/www.sherex.com\\\/es\\\/?s={search_term_string}\"},\"query-input\":{\"@type\":\"PropertyValueSpecification\",\"valueRequired\":true,\"valueName\":\"search_term_string\"}}],\"inLanguage\":\"es\"}]}<\/script>\n<!-- \/ Yoast SEO plugin. -->","yoast_head_json":{"title":"Acerca de Sherex Fastening Solutions - Tonawanda, Nueva York","description":"Sherex Fastening Solutions, LLC, con certificaci\u00f3n ISO 9001 y TS16949, es un fabricante global de soluciones de sujeci\u00f3n de ingenier\u00eda innovadoras, como sujetadores, herramientas y automatizaci\u00f3n, que utiliza sus capacidades de ingenier\u00eda superiores para satisfacer las necesidades espec\u00edficas de los clientes y brindar un servicio y soporte insuperables.","robots":{"index":"index","follow":"follow","max-snippet":"max-snippet:-1","max-image-preview":"max-image-preview:large","max-video-preview":"max-video-preview:-1"},"canonical":"https:\/\/www.sherex.com\/es\/acerca-de\/","og_locale":"es_ES","og_type":"article","og_title":"Acerca de Sherex Fastening Solutions - Tonawanda, Nueva York","og_description":"Sherex Fastening Solutions, LLC, con certificaci\u00f3n ISO 9001 y TS16949, es un fabricante global de soluciones de sujeci\u00f3n de ingenier\u00eda innovadoras, como sujetadores, herramientas y automatizaci\u00f3n, que utiliza sus capacidades de ingenier\u00eda superiores para satisfacer las necesidades espec\u00edficas de los clientes y brindar un servicio y soporte insuperables.","og_url":"https:\/\/www.sherex.com\/es\/acerca-de\/","og_site_name":"Sherex Fastening Solutions","article_modified_time":"2025-01-10T11:28:08+00:00","twitter_misc":{"Est. reading time":"3 minutos"},"schema":{"@context":"https:\/\/schema.org","@graph":[{"@type":"WebPage","@id":"https:\/\/www.sherex.com\/es\/acerca-de\/","url":"https:\/\/www.sherex.com\/es\/acerca-de\/","name":"Acerca de Sherex Fastening Solutions - Tonawanda, Nueva York","isPartOf":{"@id":"https:\/\/www.sherex.com\/es\/#website"},"datePublished":"2018-05-10T22:04:07+00:00","dateModified":"2025-01-10T11:28:08+00:00","description":"Sherex Fastening Solutions, LLC, con certificaci\u00f3n ISO 9001 y TS16949, es un fabricante global de soluciones de sujeci\u00f3n de ingenier\u00eda innovadoras, como sujetadores, herramientas y automatizaci\u00f3n, que utiliza sus capacidades de ingenier\u00eda superiores para satisfacer las necesidades espec\u00edficas de los clientes y brindar un servicio y soporte insuperables.","breadcrumb":{"@id":"https:\/\/www.sherex.com\/es\/acerca-de\/#breadcrumb"},"inLanguage":"es","potentialAction":[{"@type":"ReadAction","target":["https:\/\/www.sherex.com\/es\/acerca-de\/"]}]},{"@type":"BreadcrumbList","@id":"https:\/\/www.sherex.com\/es\/acerca-de\/#breadcrumb","itemListElement":[{"@type":"ListItem","position":1,"name":"Home","item":"https:\/\/www.sherex.com\/es\/"},{"@type":"ListItem","position":2,"name":"Acerca de las soluciones de fijaci\u00f3n Sherex"}]},{"@type":"WebSite","@id":"https:\/\/www.sherex.com\/es\/#website","url":"https:\/\/www.sherex.com\/es\/","name":"Sherex Fastening Solutions","description":"","potentialAction":[{"@type":"SearchAction","target":{"@type":"EntryPoint","urlTemplate":"https:\/\/www.sherex.com\/es\/?s={search_term_string}"},"query-input":{"@type":"PropertyValueSpecification","valueRequired":true,"valueName":"search_term_string"}}],"inLanguage":"es"}]}},"_links":{"self":[{"href":"https:\/\/www.sherex.com\/es\/wp-json\/wp\/v2\/pages\/5396","targetHints":{"allow":["GET"]}}],"collection":[{"href":"https:\/\/www.sherex.com\/es\/wp-json\/wp\/v2\/pages"}],"about":[{"href":"https:\/\/www.sherex.com\/es\/wp-json\/wp\/v2\/types\/page"}],"author":[{"embeddable":true,"href":"https:\/\/www.sherex.com\/es\/wp-json\/wp\/v2\/users\/19"}],"replies":[{"embeddable":true,"href":"https:\/\/www.sherex.com\/es\/wp-json\/wp\/v2\/comments?post=5396"}],"version-history":[{"count":0,"href":"https:\/\/www.sherex.com\/es\/wp-json\/wp\/v2\/pages\/5396\/revisions"}],"wp:attachment":[{"href":"https:\/\/www.sherex.com\/es\/wp-json\/wp\/v2\/media?parent=5396"}],"curies":[{"name":"wp","href":"https:\/\/api.w.org\/{rel}","templated":true}]}}