{"id":5446,"date":"2021-11-19T17:45:51","date_gmt":"2021-11-19T21:45:51","guid":{"rendered":"https:\/\/www.sherex.com\/soluciones-de-fijacion-para-la-industria-de-vehiculos-electricos\/"},"modified":"2024-11-18T06:29:59","modified_gmt":"2024-11-18T10:29:59","slug":"soluciones-de-fijacion-para-la-industria-de-vehiculos-electricos","status":"publish","type":"page","link":"https:\/\/www.sherex.com\/es\/soluciones-de-fijacion-para-la-industria-de-vehiculos-electricos\/","title":{"rendered":"Soluciones de fijaci\u00f3n para la industria de veh\u00edculos el\u00e9ctricos"},"content":{"rendered":"<p><img loading=\"lazy\" decoding=\"async\" class=\"aligncenter wp-image-2080 \" src=\"https:\/\/www.sherex.com\/wp-content\/uploads\/Electric-Vehicle-Banner-1024x387.jpg\" alt=\"\" width=\"701\" height=\"265\" srcset=\"https:\/\/www.sherex.com\/wp-content\/uploads\/Electric-Vehicle-Banner-1024x387.jpg 1024w, https:\/\/www.sherex.com\/wp-content\/uploads\/Electric-Vehicle-Banner-500x189.jpg 500w, https:\/\/www.sherex.com\/wp-content\/uploads\/Electric-Vehicle-Banner-768x290.jpg 768w, https:\/\/www.sherex.com\/wp-content\/uploads\/Electric-Vehicle-Banner.jpg 1500w\" sizes=\"auto, (max-width: 709px) 85vw, (max-width: 909px) 67vw, (max-width: 1362px) 62vw, 840px\" \/><\/p>\n<p>Sherex es experto en elementos de fijaci\u00f3n para la industria de veh\u00edculos el\u00e9ctricos. A medida que la demanda y la popularidad de los veh\u00edculos el\u00e9ctricos siguen aumentando, Sherex ha estado presente en el proceso para brindar soluciones e innovaciones a algunos de los fabricantes de veh\u00edculos el\u00e9ctricos m\u00e1s importantes del mundo.<\/p>\n<p>Sherex comprende las diferencias y los matices entre los veh\u00edculos el\u00e9ctricos y los veh\u00edculos con motor de combusti\u00f3n, y no es solo la forma en que funcionan los veh\u00edculos la que marca la diferencia. La descarga segura de corrientes el\u00e9ctricas es algo para lo que muchos veh\u00edculos el\u00e9ctricos han confiado en Sherex. Adem\u00e1s, los veh\u00edculos el\u00e9ctricos utilizan m\u00e1s aluminio, compuestos y fibra de carbono que los veh\u00edculos con motor de combusti\u00f3n tradicionales en el pasado. Sherex tiene una amplia gama de <a href=\"https:\/\/fasteners.sherex.com\/category\/fasteners-for-thin-sheet-attachments\">opciones de fijaci\u00f3n para esos materiales de base de l\u00e1minas delgadas<\/a> que har\u00e1n que los veh\u00edculos sean m\u00e1s f\u00e1ciles de ensamblar y, al mismo tiempo, aumentar\u00e1n la resistencia de las uniones.<\/p>\n<p>Adem\u00e1s de los sujetadores, <a href=\"https:\/\/www.sherex.com\/es\/sistemas-de-instalacion-de-fijaciones\/\">Sherex tambi\u00e9n cuenta con las capacidades de herramientas<\/a> que est\u00e1n listas para la l\u00ednea de montaje, incluidas herramientas de monitoreo de rendimiento y sistemas de automatizaci\u00f3n que pueden instalar cientos de sujetadores por hora.<\/p>\n<p>La mayor\u00eda de las soluciones de Sherex eliminan procesos secundarios como la soldadura o la necesidad de colocar una tuerca hexagonal est\u00e1ndar en la parte posterior del perno pasante. <\/p>\n<p style=\"text-align: center;\"><a href=\"https:\/\/www.sherex.com\/wp-content\/uploads\/EV-Graphic-2021.jpg\" target=\"_blank\" rel=\"noopener\" class=\"lightbox\"><img loading=\"lazy\" decoding=\"async\" class=\"aligncenter wp-image-2073 size-medium\" src=\"https:\/\/www.sherex.com\/wp-content\/uploads\/EV-Graphic-2021-500x218.jpg\" alt=\"Sujeciones en veh\u00edculos el\u00e9ctricos\" width=\"500\" height=\"218\" srcset=\"https:\/\/www.sherex.com\/wp-content\/uploads\/EV-Graphic-2021-500x218.jpg 500w, https:\/\/www.sherex.com\/wp-content\/uploads\/EV-Graphic-2021-1024x446.jpg 1024w, https:\/\/www.sherex.com\/wp-content\/uploads\/EV-Graphic-2021-768x335.jpg 768w, https:\/\/www.sherex.com\/wp-content\/uploads\/EV-Graphic-2021.jpg 1500w\" sizes=\"auto, (max-width: 709px) 85vw, (max-width: 909px) 67vw, (max-width: 1362px) 62vw, 840px\" \/><\/a><\/p>\n<p><strong>Soluciones populares para veh\u00edculos el\u00e9ctricos:<\/strong><\/p>\n<p style=\"text-align: center;\"><strong><a href=\"#riv-float\" class=\"smooth-scroll\">RIV-FLOAT\u00ae<\/a> | <a href=\"#clinch\" class=\"smooth-scroll\">Tuercas de remache<\/a> | <a href=\"#rivet nuts\" class=\"smooth-scroll\">Tuercas remachables: tuercas de puesta a tierra<\/a> | <a href=\"#studs\" class=\"smooth-scroll\">Pernos para tuercas remachables<\/a> | <a href=\"#plates\" class=\"smooth-scroll\">Placas para tuercas y pernos<\/a> | <a href=\"#tools\" class=\"smooth-scroll\">Herramientas de automatizaci\u00f3n y monitoreo de procesos<\/a><\/strong><\/p>\n","protected":false},"excerpt":{"rendered":"<p>Sherex es experto en elementos de fijaci\u00f3n para la industria de veh\u00edculos el\u00e9ctricos. A medida que la demanda y la popularidad de los veh\u00edculos el\u00e9ctricos siguen aumentando, Sherex ha estado presente en el proceso para brindar soluciones e innovaciones a algunos de los fabricantes de veh\u00edculos el\u00e9ctricos m\u00e1s importantes del mundo. Sherex comprende las diferencias [&hellip;]<\/p>\n","protected":false},"author":17,"featured_media":0,"parent":0,"menu_order":0,"comment_status":"closed","ping_status":"closed","template":"","meta":{"_acf_changed":false,"om_disable_all_campaigns":false,"inline_featured_image":false,"_monsterinsights_skip_tracking":false,"_monsterinsights_sitenote_active":false,"_monsterinsights_sitenote_note":"","_monsterinsights_sitenote_category":0,"_uf_show_specific_survey":0,"_uf_disable_surveys":false,"footnotes":""},"class_list":["post-5446","page","type-page","status-publish","hentry"],"acf":[],"yoast_head":"<!-- This site is optimized with the Yoast SEO plugin v27.4 - https:\/\/yoast.com\/product\/yoast-seo-wordpress\/ -->\n<title>Tornillos y tuercas remachables para veh\u00edculos el\u00e9ctricos | Soluciones de fijaci\u00f3n Sherex<\/title>\n<meta name=\"description\" content=\"Sherex es un fabricante l\u00edder de elementos de fijaci\u00f3n para veh\u00edculos el\u00e9ctricos. Sherex cuenta con las herramientas y elementos de fijaci\u00f3n adecuados para los mercados de veh\u00edculos el\u00e9ctricos.\" \/>\n<meta name=\"robots\" content=\"index, follow, max-snippet:-1, max-image-preview:large, max-video-preview:-1\" \/>\n<link rel=\"canonical\" href=\"https:\/\/www.sherex.com\/es\/soluciones-de-fijacion-para-la-industria-de-vehiculos-electricos\/\" \/>\n<meta property=\"og:locale\" content=\"es_ES\" \/>\n<meta property=\"og:type\" content=\"article\" \/>\n<meta property=\"og:title\" content=\"Tornillos y tuercas remachables para veh\u00edculos el\u00e9ctricos | Soluciones de fijaci\u00f3n Sherex\" \/>\n<meta property=\"og:description\" content=\"Sherex es un fabricante l\u00edder de elementos de fijaci\u00f3n para veh\u00edculos el\u00e9ctricos. Sherex cuenta con las herramientas y elementos de fijaci\u00f3n adecuados para los mercados de veh\u00edculos el\u00e9ctricos.\" \/>\n<meta property=\"og:url\" content=\"https:\/\/www.sherex.com\/es\/soluciones-de-fijacion-para-la-industria-de-vehiculos-electricos\/\" \/>\n<meta property=\"og:site_name\" content=\"Sherex Fastening Solutions\" \/>\n<meta property=\"article:modified_time\" content=\"2024-11-18T10:29:59+00:00\" \/>\n<meta property=\"og:image\" content=\"https:\/\/www.sherex.com\/wp-content\/uploads\/Electric-Vehicle-Banner-1024x387.jpg\" \/>\n<meta name=\"twitter:label1\" content=\"Est. reading time\" \/>\n\t<meta name=\"twitter:data1\" content=\"5 minutos\" \/>\n<script type=\"application\/ld+json\" class=\"yoast-schema-graph\">{\"@context\":\"https:\\\/\\\/schema.org\",\"@graph\":[{\"@type\":\"WebPage\",\"@id\":\"https:\\\/\\\/www.sherex.com\\\/es\\\/soluciones-de-fijacion-para-la-industria-de-vehiculos-electricos\\\/\",\"url\":\"https:\\\/\\\/www.sherex.com\\\/es\\\/soluciones-de-fijacion-para-la-industria-de-vehiculos-electricos\\\/\",\"name\":\"Tornillos y tuercas remachables para veh\u00edculos el\u00e9ctricos | Soluciones de fijaci\u00f3n Sherex\",\"isPartOf\":{\"@id\":\"https:\\\/\\\/www.sherex.com\\\/es\\\/#website\"},\"primaryImageOfPage\":{\"@id\":\"https:\\\/\\\/www.sherex.com\\\/es\\\/soluciones-de-fijacion-para-la-industria-de-vehiculos-electricos\\\/#primaryimage\"},\"image\":{\"@id\":\"https:\\\/\\\/www.sherex.com\\\/es\\\/soluciones-de-fijacion-para-la-industria-de-vehiculos-electricos\\\/#primaryimage\"},\"thumbnailUrl\":\"https:\\\/\\\/www.sherex.com\\\/wp-content\\\/uploads\\\/Electric-Vehicle-Banner-1024x387.jpg\",\"datePublished\":\"2021-11-19T21:45:51+00:00\",\"dateModified\":\"2024-11-18T10:29:59+00:00\",\"description\":\"Sherex es un fabricante l\u00edder de elementos de fijaci\u00f3n para veh\u00edculos el\u00e9ctricos. Sherex cuenta con las herramientas y elementos de fijaci\u00f3n adecuados para los mercados de veh\u00edculos el\u00e9ctricos.\",\"breadcrumb\":{\"@id\":\"https:\\\/\\\/www.sherex.com\\\/es\\\/soluciones-de-fijacion-para-la-industria-de-vehiculos-electricos\\\/#breadcrumb\"},\"inLanguage\":\"es\",\"potentialAction\":[{\"@type\":\"ReadAction\",\"target\":[\"https:\\\/\\\/www.sherex.com\\\/es\\\/soluciones-de-fijacion-para-la-industria-de-vehiculos-electricos\\\/\"]}]},{\"@type\":\"ImageObject\",\"inLanguage\":\"es\",\"@id\":\"https:\\\/\\\/www.sherex.com\\\/es\\\/soluciones-de-fijacion-para-la-industria-de-vehiculos-electricos\\\/#primaryimage\",\"url\":\"https:\\\/\\\/www.sherex.com\\\/wp-content\\\/uploads\\\/Electric-Vehicle-Banner-1024x387.jpg\",\"contentUrl\":\"https:\\\/\\\/www.sherex.com\\\/wp-content\\\/uploads\\\/Electric-Vehicle-Banner-1024x387.jpg\"},{\"@type\":\"BreadcrumbList\",\"@id\":\"https:\\\/\\\/www.sherex.com\\\/es\\\/soluciones-de-fijacion-para-la-industria-de-vehiculos-electricos\\\/#breadcrumb\",\"itemListElement\":[{\"@type\":\"ListItem\",\"position\":1,\"name\":\"Home\",\"item\":\"https:\\\/\\\/www.sherex.com\\\/es\\\/\"},{\"@type\":\"ListItem\",\"position\":2,\"name\":\"Soluciones de fijaci\u00f3n para la industria de veh\u00edculos el\u00e9ctricos\"}]},{\"@type\":\"WebSite\",\"@id\":\"https:\\\/\\\/www.sherex.com\\\/es\\\/#website\",\"url\":\"https:\\\/\\\/www.sherex.com\\\/es\\\/\",\"name\":\"Sherex Fastening Solutions\",\"description\":\"\",\"potentialAction\":[{\"@type\":\"SearchAction\",\"target\":{\"@type\":\"EntryPoint\",\"urlTemplate\":\"https:\\\/\\\/www.sherex.com\\\/es\\\/?s={search_term_string}\"},\"query-input\":{\"@type\":\"PropertyValueSpecification\",\"valueRequired\":true,\"valueName\":\"search_term_string\"}}],\"inLanguage\":\"es\"}]}<\/script>\n<!-- \/ Yoast SEO plugin. -->","yoast_head_json":{"title":"Tornillos y tuercas remachables para veh\u00edculos el\u00e9ctricos | Soluciones de fijaci\u00f3n Sherex","description":"Sherex es un fabricante l\u00edder de elementos de fijaci\u00f3n para veh\u00edculos el\u00e9ctricos. Sherex cuenta con las herramientas y elementos de fijaci\u00f3n adecuados para los mercados de veh\u00edculos el\u00e9ctricos.","robots":{"index":"index","follow":"follow","max-snippet":"max-snippet:-1","max-image-preview":"max-image-preview:large","max-video-preview":"max-video-preview:-1"},"canonical":"https:\/\/www.sherex.com\/es\/soluciones-de-fijacion-para-la-industria-de-vehiculos-electricos\/","og_locale":"es_ES","og_type":"article","og_title":"Tornillos y tuercas remachables para veh\u00edculos el\u00e9ctricos | Soluciones de fijaci\u00f3n Sherex","og_description":"Sherex es un fabricante l\u00edder de elementos de fijaci\u00f3n para veh\u00edculos el\u00e9ctricos. Sherex cuenta con las herramientas y elementos de fijaci\u00f3n adecuados para los mercados de veh\u00edculos el\u00e9ctricos.","og_url":"https:\/\/www.sherex.com\/es\/soluciones-de-fijacion-para-la-industria-de-vehiculos-electricos\/","og_site_name":"Sherex Fastening Solutions","article_modified_time":"2024-11-18T10:29:59+00:00","og_image":[{"url":"https:\/\/www.sherex.com\/wp-content\/uploads\/Electric-Vehicle-Banner-1024x387.jpg","type":"","width":"","height":""}],"twitter_misc":{"Est. reading time":"5 minutos"},"schema":{"@context":"https:\/\/schema.org","@graph":[{"@type":"WebPage","@id":"https:\/\/www.sherex.com\/es\/soluciones-de-fijacion-para-la-industria-de-vehiculos-electricos\/","url":"https:\/\/www.sherex.com\/es\/soluciones-de-fijacion-para-la-industria-de-vehiculos-electricos\/","name":"Tornillos y tuercas remachables para veh\u00edculos el\u00e9ctricos | Soluciones de fijaci\u00f3n Sherex","isPartOf":{"@id":"https:\/\/www.sherex.com\/es\/#website"},"primaryImageOfPage":{"@id":"https:\/\/www.sherex.com\/es\/soluciones-de-fijacion-para-la-industria-de-vehiculos-electricos\/#primaryimage"},"image":{"@id":"https:\/\/www.sherex.com\/es\/soluciones-de-fijacion-para-la-industria-de-vehiculos-electricos\/#primaryimage"},"thumbnailUrl":"https:\/\/www.sherex.com\/wp-content\/uploads\/Electric-Vehicle-Banner-1024x387.jpg","datePublished":"2021-11-19T21:45:51+00:00","dateModified":"2024-11-18T10:29:59+00:00","description":"Sherex es un fabricante l\u00edder de elementos de fijaci\u00f3n para veh\u00edculos el\u00e9ctricos. Sherex cuenta con las herramientas y elementos de fijaci\u00f3n adecuados para los mercados de veh\u00edculos el\u00e9ctricos.","breadcrumb":{"@id":"https:\/\/www.sherex.com\/es\/soluciones-de-fijacion-para-la-industria-de-vehiculos-electricos\/#breadcrumb"},"inLanguage":"es","potentialAction":[{"@type":"ReadAction","target":["https:\/\/www.sherex.com\/es\/soluciones-de-fijacion-para-la-industria-de-vehiculos-electricos\/"]}]},{"@type":"ImageObject","inLanguage":"es","@id":"https:\/\/www.sherex.com\/es\/soluciones-de-fijacion-para-la-industria-de-vehiculos-electricos\/#primaryimage","url":"https:\/\/www.sherex.com\/wp-content\/uploads\/Electric-Vehicle-Banner-1024x387.jpg","contentUrl":"https:\/\/www.sherex.com\/wp-content\/uploads\/Electric-Vehicle-Banner-1024x387.jpg"},{"@type":"BreadcrumbList","@id":"https:\/\/www.sherex.com\/es\/soluciones-de-fijacion-para-la-industria-de-vehiculos-electricos\/#breadcrumb","itemListElement":[{"@type":"ListItem","position":1,"name":"Home","item":"https:\/\/www.sherex.com\/es\/"},{"@type":"ListItem","position":2,"name":"Soluciones de fijaci\u00f3n para la industria de veh\u00edculos el\u00e9ctricos"}]},{"@type":"WebSite","@id":"https:\/\/www.sherex.com\/es\/#website","url":"https:\/\/www.sherex.com\/es\/","name":"Sherex Fastening Solutions","description":"","potentialAction":[{"@type":"SearchAction","target":{"@type":"EntryPoint","urlTemplate":"https:\/\/www.sherex.com\/es\/?s={search_term_string}"},"query-input":{"@type":"PropertyValueSpecification","valueRequired":true,"valueName":"search_term_string"}}],"inLanguage":"es"}]}},"_links":{"self":[{"href":"https:\/\/www.sherex.com\/es\/wp-json\/wp\/v2\/pages\/5446","targetHints":{"allow":["GET"]}}],"collection":[{"href":"https:\/\/www.sherex.com\/es\/wp-json\/wp\/v2\/pages"}],"about":[{"href":"https:\/\/www.sherex.com\/es\/wp-json\/wp\/v2\/types\/page"}],"author":[{"embeddable":true,"href":"https:\/\/www.sherex.com\/es\/wp-json\/wp\/v2\/users\/17"}],"replies":[{"embeddable":true,"href":"https:\/\/www.sherex.com\/es\/wp-json\/wp\/v2\/comments?post=5446"}],"version-history":[{"count":0,"href":"https:\/\/www.sherex.com\/es\/wp-json\/wp\/v2\/pages\/5446\/revisions"}],"wp:attachment":[{"href":"https:\/\/www.sherex.com\/es\/wp-json\/wp\/v2\/media?parent=5446"}],"curies":[{"name":"wp","href":"https:\/\/api.w.org\/{rel}","templated":true}]}}