{"id":5450,"date":"2023-01-05T12:56:53","date_gmt":"2023-01-05T16:56:53","guid":{"rendered":"https:\/\/www.sherex.com\/optisert-la-nueva-tuerca-remachable-de-cuerpo-redondo-de-sherex\/"},"modified":"2024-11-15T03:27:44","modified_gmt":"2024-11-15T07:27:44","slug":"optisert-la-nueva-tuerca-remachable-de-cuerpo-redondo-de-sherex","status":"publish","type":"page","link":"https:\/\/www.sherex.com\/es\/optisert-la-nueva-tuerca-remachable-de-cuerpo-redondo-de-sherex\/","title":{"rendered":"Optisert: la nueva tuerca remachable de cuerpo redondo de Sherex"},"content":{"rendered":"<h2><img loading=\"lazy\" decoding=\"async\" width=\"1250\" height=\"160\" class=\"aligncenter size-full wp-image-2213\" src=\"https:\/\/www.sherex.com\/wp-content\/uploads\/Optisert-Page-Bannerv2.jpg\" alt=\"Optisert Rivet Nuts\" srcset=\"https:\/\/www.sherex.com\/wp-content\/uploads\/Optisert-Page-Bannerv2.jpg 1250w, https:\/\/www.sherex.com\/wp-content\/uploads\/Optisert-Page-Bannerv2-500x64.jpg 500w, https:\/\/www.sherex.com\/wp-content\/uploads\/Optisert-Page-Bannerv2-1024x131.jpg 1024w, https:\/\/www.sherex.com\/wp-content\/uploads\/Optisert-Page-Bannerv2-768x98.jpg 768w\" sizes=\"auto, (max-width: 709px) 85vw, (max-width: 909px) 67vw, (max-width: 1362px) 62vw, 840px\" \/><br \/>\n<strong>El nuevo est\u00e1ndar ya est\u00e1 aqu\u00ed.<\/strong><\/h2>\n<p><strong>Optisert\u00ae de Sherex<\/strong> es una innovadora tuerca remachable de cuerpo redondo que tiene <strong>resistencia, rendimiento y capacidad de giro superiores<\/strong> a las tuercas remachables de cuerpo redondo est\u00e1ndar t\u00edpicas.<\/p>\n<div id=\"attachment_2414\" style=\"width: 210px\" class=\"wp-caption alignright\"><a href=\"https:\/\/www.sherex.com\/wp-content\/uploads\/Optisert-Brochure.pdf\" target=\"_blank\" rel=\"noopener\"><img loading=\"lazy\" decoding=\"async\" aria-describedby=\"caption-attachment-2414\" class=\"wp-image-2414\" src=\"https:\/\/www.sherex.com\/wp-content\/uploads\/Optisert-Brochure-Cover.png\" alt=\"Optisert Brochure\" width=\"200\" height=\"259\" srcset=\"https:\/\/www.sherex.com\/wp-content\/uploads\/Optisert-Brochure-Cover.png 628w, https:\/\/www.sherex.com\/wp-content\/uploads\/Optisert-Brochure-Cover-500x646.png 500w\" sizes=\"auto, (max-width: 709px) 85vw, (max-width: 909px) 67vw, (max-width: 1362px) 62vw, 840px\" \/><\/a><p id=\"caption-attachment-2414\" class=\"wp-caption-text\">Folleto de Optisert<\/p><\/div>\n<p>Lo que hace \u00fanico a <a href=\"https:\/\/fasteners.sherex.com\/category\/optisert-series\" target=\"_blank\" rel=\"noopener\">Optisert<\/a> es la combinaci\u00f3n patentada de un cuerpo moleteado dise\u00f1ado y un dise\u00f1o de cu\u00f1a debajo de la cabeza. Esto le da a la tuerca remachable un agarre superior para evitar que gire f\u00e1cilmente en el material base. Su resistencia para evitar que gire es casi tan grande como la del uso de una <a href=\"https:\/\/fasteners.sherex.com\/category\/hex-body-rivet-nuts\">tuerca remachable de cuerpo hexagonal<\/a>. El rendimiento de giro de un Optisert M6 en aluminio de 3 mm de espesor se ha probado a 18,52 Nm. Las tuercas remachables de cuerpo redondo con cu\u00f1a similares instaladas en material de aluminio tienen una prueba de giro de 12,8, una mejora del rendimiento del 44 %.<\/p>\n<p>El <a href=\"https:\/\/fasteners.sherex.com\/viewitems\/optisert-series\/optisert-closed-end-metric\">dise\u00f1o de extremo cerrado pendiente de patente<\/a> proporciona una opci\u00f3n sellada que no compromete el efecto de mordida de las cu\u00f1as, brindando un rendimiento superior a otras tuercas remachables de extremo cerrado y cuerpo redondo en el mercado.<\/p>\n<p><img loading=\"lazy\" decoding=\"async\" class=\"alignleft wp-image-2209 \" src=\"https:\/\/www.sherex.com\/wp-content\/uploads\/Optisert-Install-web.gif\" alt=\"\" width=\"200\" height=\"163\" \/>Optisert mejorar\u00e1 la calidad de las aplicaciones en las que se utiliza el sujetador debido al aumento en el rendimiento de extracci\u00f3n y centrifugado.<\/p>\n<p>Las aplicaciones ideales para Optisert incluyen materiales m\u00e1s blandos como aluminio, compuestos, fibra de vidrio y pl\u00e1stico. Este nuevo sujetador de carrocer\u00eda redonda ya se utiliza en las industrias de la automoci\u00f3n, <a href=\"\/es\/soluciones-de-fijacion-para-la-industria-de-vehiculos-electricos\/\">los veh\u00edculos el\u00e9ctricos<\/a> y los camiones pesados.<\/p>\n<p>El Optisert est\u00e1ndar est\u00e1 disponible en una variedad de opciones, que incluyen extremo abierto, extremo cerrado y en una variedad de recubrimientos diferentes.<\/p>\n","protected":false},"excerpt":{"rendered":"<p>El nuevo est\u00e1ndar ya est\u00e1 aqu\u00ed. Optisert\u00ae de Sherex es una innovadora tuerca remachable de cuerpo redondo que tiene resistencia, rendimiento y capacidad de giro superiores a las tuercas remachables de cuerpo redondo est\u00e1ndar t\u00edpicas. Lo que hace \u00fanico a Optisert es la combinaci\u00f3n patentada de un cuerpo moleteado dise\u00f1ado y un dise\u00f1o de cu\u00f1a [&hellip;]<\/p>\n","protected":false},"author":17,"featured_media":0,"parent":0,"menu_order":0,"comment_status":"closed","ping_status":"closed","template":"","meta":{"_acf_changed":false,"om_disable_all_campaigns":false,"inline_featured_image":false,"_monsterinsights_skip_tracking":false,"_monsterinsights_sitenote_active":false,"_monsterinsights_sitenote_note":"","_monsterinsights_sitenote_category":0,"_uf_show_specific_survey":0,"_uf_disable_surveys":false,"footnotes":""},"class_list":["post-5450","page","type-page","status-publish","hentry"],"acf":[],"yoast_head":"<!-- This site is optimized with the Yoast SEO plugin v27.4 - https:\/\/yoast.com\/product\/yoast-seo-wordpress\/ -->\n<title>Optisert | Tuerca remachable de alto rendimiento | Soluciones de fijaci\u00f3n Sherex<\/title>\n<meta name=\"description\" content=\"Optisert es la nueva tuerca remachable de alto rendimiento de Sherex y ser\u00e1 la tuerca remachable ciega de mejor rendimiento del mercado. \u00a1Descubra por qu\u00e9!\" \/>\n<meta name=\"robots\" content=\"index, follow, max-snippet:-1, max-image-preview:large, max-video-preview:-1\" \/>\n<link rel=\"canonical\" href=\"https:\/\/www.sherex.com\/es\/optisert-la-nueva-tuerca-remachable-de-cuerpo-redondo-de-sherex\/\" \/>\n<meta property=\"og:locale\" content=\"es_ES\" \/>\n<meta property=\"og:type\" content=\"article\" \/>\n<meta property=\"og:title\" content=\"Optisert | Tuerca remachable de alto rendimiento | Soluciones de fijaci\u00f3n Sherex\" \/>\n<meta property=\"og:description\" content=\"Optisert es la nueva tuerca remachable de alto rendimiento de Sherex y ser\u00e1 la tuerca remachable ciega de mejor rendimiento del mercado. \u00a1Descubra por qu\u00e9!\" \/>\n<meta property=\"og:url\" content=\"https:\/\/www.sherex.com\/es\/optisert-la-nueva-tuerca-remachable-de-cuerpo-redondo-de-sherex\/\" \/>\n<meta property=\"og:site_name\" content=\"Sherex Fastening Solutions\" \/>\n<meta property=\"article:modified_time\" content=\"2024-11-15T07:27:44+00:00\" \/>\n<meta property=\"og:image\" content=\"https:\/\/www.sherex.com\/wp-content\/uploads\/Optisert-Page-Bannerv2.jpg\" \/>\n<meta name=\"twitter:label1\" content=\"Est. reading time\" \/>\n\t<meta name=\"twitter:data1\" content=\"4 minutos\" \/>\n<script type=\"application\/ld+json\" class=\"yoast-schema-graph\">{\"@context\":\"https:\\\/\\\/schema.org\",\"@graph\":[{\"@type\":\"WebPage\",\"@id\":\"https:\\\/\\\/www.sherex.com\\\/es\\\/optisert-la-nueva-tuerca-remachable-de-cuerpo-redondo-de-sherex\\\/\",\"url\":\"https:\\\/\\\/www.sherex.com\\\/es\\\/optisert-la-nueva-tuerca-remachable-de-cuerpo-redondo-de-sherex\\\/\",\"name\":\"Optisert | Tuerca remachable de alto rendimiento | Soluciones de fijaci\u00f3n Sherex\",\"isPartOf\":{\"@id\":\"https:\\\/\\\/www.sherex.com\\\/es\\\/#website\"},\"primaryImageOfPage\":{\"@id\":\"https:\\\/\\\/www.sherex.com\\\/es\\\/optisert-la-nueva-tuerca-remachable-de-cuerpo-redondo-de-sherex\\\/#primaryimage\"},\"image\":{\"@id\":\"https:\\\/\\\/www.sherex.com\\\/es\\\/optisert-la-nueva-tuerca-remachable-de-cuerpo-redondo-de-sherex\\\/#primaryimage\"},\"thumbnailUrl\":\"https:\\\/\\\/www.sherex.com\\\/wp-content\\\/uploads\\\/Optisert-Page-Bannerv2.jpg\",\"datePublished\":\"2023-01-05T16:56:53+00:00\",\"dateModified\":\"2024-11-15T07:27:44+00:00\",\"description\":\"Optisert es la nueva tuerca remachable de alto rendimiento de Sherex y ser\u00e1 la tuerca remachable ciega de mejor rendimiento del mercado. \u00a1Descubra por qu\u00e9!\",\"breadcrumb\":{\"@id\":\"https:\\\/\\\/www.sherex.com\\\/es\\\/optisert-la-nueva-tuerca-remachable-de-cuerpo-redondo-de-sherex\\\/#breadcrumb\"},\"inLanguage\":\"es\",\"potentialAction\":[{\"@type\":\"ReadAction\",\"target\":[\"https:\\\/\\\/www.sherex.com\\\/es\\\/optisert-la-nueva-tuerca-remachable-de-cuerpo-redondo-de-sherex\\\/\"]}]},{\"@type\":\"ImageObject\",\"inLanguage\":\"es\",\"@id\":\"https:\\\/\\\/www.sherex.com\\\/es\\\/optisert-la-nueva-tuerca-remachable-de-cuerpo-redondo-de-sherex\\\/#primaryimage\",\"url\":\"https:\\\/\\\/www.sherex.com\\\/wp-content\\\/uploads\\\/Optisert-Page-Bannerv2.jpg\",\"contentUrl\":\"https:\\\/\\\/www.sherex.com\\\/wp-content\\\/uploads\\\/Optisert-Page-Bannerv2.jpg\"},{\"@type\":\"BreadcrumbList\",\"@id\":\"https:\\\/\\\/www.sherex.com\\\/es\\\/optisert-la-nueva-tuerca-remachable-de-cuerpo-redondo-de-sherex\\\/#breadcrumb\",\"itemListElement\":[{\"@type\":\"ListItem\",\"position\":1,\"name\":\"Home\",\"item\":\"https:\\\/\\\/www.sherex.com\\\/es\\\/\"},{\"@type\":\"ListItem\",\"position\":2,\"name\":\"Optisert: la nueva tuerca remachable de cuerpo redondo de Sherex\"}]},{\"@type\":\"WebSite\",\"@id\":\"https:\\\/\\\/www.sherex.com\\\/es\\\/#website\",\"url\":\"https:\\\/\\\/www.sherex.com\\\/es\\\/\",\"name\":\"Sherex Fastening Solutions\",\"description\":\"\",\"potentialAction\":[{\"@type\":\"SearchAction\",\"target\":{\"@type\":\"EntryPoint\",\"urlTemplate\":\"https:\\\/\\\/www.sherex.com\\\/es\\\/?s={search_term_string}\"},\"query-input\":{\"@type\":\"PropertyValueSpecification\",\"valueRequired\":true,\"valueName\":\"search_term_string\"}}],\"inLanguage\":\"es\"}]}<\/script>\n<!-- \/ Yoast SEO plugin. -->","yoast_head_json":{"title":"Optisert | Tuerca remachable de alto rendimiento | Soluciones de fijaci\u00f3n Sherex","description":"Optisert es la nueva tuerca remachable de alto rendimiento de Sherex y ser\u00e1 la tuerca remachable ciega de mejor rendimiento del mercado. \u00a1Descubra por qu\u00e9!","robots":{"index":"index","follow":"follow","max-snippet":"max-snippet:-1","max-image-preview":"max-image-preview:large","max-video-preview":"max-video-preview:-1"},"canonical":"https:\/\/www.sherex.com\/es\/optisert-la-nueva-tuerca-remachable-de-cuerpo-redondo-de-sherex\/","og_locale":"es_ES","og_type":"article","og_title":"Optisert | Tuerca remachable de alto rendimiento | Soluciones de fijaci\u00f3n Sherex","og_description":"Optisert es la nueva tuerca remachable de alto rendimiento de Sherex y ser\u00e1 la tuerca remachable ciega de mejor rendimiento del mercado. \u00a1Descubra por qu\u00e9!","og_url":"https:\/\/www.sherex.com\/es\/optisert-la-nueva-tuerca-remachable-de-cuerpo-redondo-de-sherex\/","og_site_name":"Sherex Fastening Solutions","article_modified_time":"2024-11-15T07:27:44+00:00","og_image":[{"url":"https:\/\/www.sherex.com\/wp-content\/uploads\/Optisert-Page-Bannerv2.jpg","type":"","width":"","height":""}],"twitter_misc":{"Est. reading time":"4 minutos"},"schema":{"@context":"https:\/\/schema.org","@graph":[{"@type":"WebPage","@id":"https:\/\/www.sherex.com\/es\/optisert-la-nueva-tuerca-remachable-de-cuerpo-redondo-de-sherex\/","url":"https:\/\/www.sherex.com\/es\/optisert-la-nueva-tuerca-remachable-de-cuerpo-redondo-de-sherex\/","name":"Optisert | Tuerca remachable de alto rendimiento | Soluciones de fijaci\u00f3n Sherex","isPartOf":{"@id":"https:\/\/www.sherex.com\/es\/#website"},"primaryImageOfPage":{"@id":"https:\/\/www.sherex.com\/es\/optisert-la-nueva-tuerca-remachable-de-cuerpo-redondo-de-sherex\/#primaryimage"},"image":{"@id":"https:\/\/www.sherex.com\/es\/optisert-la-nueva-tuerca-remachable-de-cuerpo-redondo-de-sherex\/#primaryimage"},"thumbnailUrl":"https:\/\/www.sherex.com\/wp-content\/uploads\/Optisert-Page-Bannerv2.jpg","datePublished":"2023-01-05T16:56:53+00:00","dateModified":"2024-11-15T07:27:44+00:00","description":"Optisert es la nueva tuerca remachable de alto rendimiento de Sherex y ser\u00e1 la tuerca remachable ciega de mejor rendimiento del mercado. \u00a1Descubra por qu\u00e9!","breadcrumb":{"@id":"https:\/\/www.sherex.com\/es\/optisert-la-nueva-tuerca-remachable-de-cuerpo-redondo-de-sherex\/#breadcrumb"},"inLanguage":"es","potentialAction":[{"@type":"ReadAction","target":["https:\/\/www.sherex.com\/es\/optisert-la-nueva-tuerca-remachable-de-cuerpo-redondo-de-sherex\/"]}]},{"@type":"ImageObject","inLanguage":"es","@id":"https:\/\/www.sherex.com\/es\/optisert-la-nueva-tuerca-remachable-de-cuerpo-redondo-de-sherex\/#primaryimage","url":"https:\/\/www.sherex.com\/wp-content\/uploads\/Optisert-Page-Bannerv2.jpg","contentUrl":"https:\/\/www.sherex.com\/wp-content\/uploads\/Optisert-Page-Bannerv2.jpg"},{"@type":"BreadcrumbList","@id":"https:\/\/www.sherex.com\/es\/optisert-la-nueva-tuerca-remachable-de-cuerpo-redondo-de-sherex\/#breadcrumb","itemListElement":[{"@type":"ListItem","position":1,"name":"Home","item":"https:\/\/www.sherex.com\/es\/"},{"@type":"ListItem","position":2,"name":"Optisert: la nueva tuerca remachable de cuerpo redondo de Sherex"}]},{"@type":"WebSite","@id":"https:\/\/www.sherex.com\/es\/#website","url":"https:\/\/www.sherex.com\/es\/","name":"Sherex Fastening Solutions","description":"","potentialAction":[{"@type":"SearchAction","target":{"@type":"EntryPoint","urlTemplate":"https:\/\/www.sherex.com\/es\/?s={search_term_string}"},"query-input":{"@type":"PropertyValueSpecification","valueRequired":true,"valueName":"search_term_string"}}],"inLanguage":"es"}]}},"_links":{"self":[{"href":"https:\/\/www.sherex.com\/es\/wp-json\/wp\/v2\/pages\/5450","targetHints":{"allow":["GET"]}}],"collection":[{"href":"https:\/\/www.sherex.com\/es\/wp-json\/wp\/v2\/pages"}],"about":[{"href":"https:\/\/www.sherex.com\/es\/wp-json\/wp\/v2\/types\/page"}],"author":[{"embeddable":true,"href":"https:\/\/www.sherex.com\/es\/wp-json\/wp\/v2\/users\/17"}],"replies":[{"embeddable":true,"href":"https:\/\/www.sherex.com\/es\/wp-json\/wp\/v2\/comments?post=5450"}],"version-history":[{"count":0,"href":"https:\/\/www.sherex.com\/es\/wp-json\/wp\/v2\/pages\/5450\/revisions"}],"wp:attachment":[{"href":"https:\/\/www.sherex.com\/es\/wp-json\/wp\/v2\/media?parent=5450"}],"curies":[{"name":"wp","href":"https:\/\/api.w.org\/{rel}","templated":true}]}}