{"id":5451,"date":"2024-01-08T11:45:33","date_gmt":"2024-01-08T15:45:33","guid":{"rendered":"https:\/\/www.sherex.com\/pennengineering-adquiere-sherex-fastening-solutions\/"},"modified":"2024-11-15T03:31:04","modified_gmt":"2024-11-15T07:31:04","slug":"pennengineering-adquiere-sherex-fastening-solutions","status":"publish","type":"page","link":"https:\/\/www.sherex.com\/es\/pennengineering-adquiere-sherex-fastening-solutions\/","title":{"rendered":"PennEngineering\u00ae adquiere Sherex Fastening Solutions"},"content":{"rendered":"<h3><strong><em>La adquisici\u00f3n ampl\u00eda la cartera de productos y el alcance t\u00e9cnico de PennEngineering<\/em><\/strong><\/h3>\n<p>(Danboro, PA., 01\/08\/2024) \u2013 PennEngineering<sup>\u00ae<\/sup> anunci\u00f3 hoy la adquisici\u00f3n de Sherex<sup>\u00ae<\/sup> Fastening Solutions, l\u00edder mundial en el dise\u00f1o, fabricaci\u00f3n e instalaci\u00f3n de tuercas remachables ciegas y soluciones de fijaci\u00f3n asociadas.<\/p>\n<p><img loading=\"lazy\" decoding=\"async\" width=\"300\" height=\"200\" class=\"size-thumbnail wp-image-2790 alignright\" src=\"https:\/\/www.sherex.com\/wp-content\/uploads\/Sherex-Logo-full-color-300x200.png\" alt=\"\" srcset=\"https:\/\/www.sherex.com\/wp-content\/uploads\/Sherex-Logo-full-color-300x200.png 300w, https:\/\/www.sherex.com\/wp-content\/uploads\/Sherex-Logo-full-color-500x334.png 500w, https:\/\/www.sherex.com\/wp-content\/uploads\/Sherex-Logo-full-color-1024x684.png 1024w, https:\/\/www.sherex.com\/wp-content\/uploads\/Sherex-Logo-full-color-768x513.png 768w, https:\/\/www.sherex.com\/wp-content\/uploads\/Sherex-Logo-full-color.png 1250w\" sizes=\"auto, (max-width: 709px) 85vw, (max-width: 909px) 67vw, (max-width: 1362px) 62vw, 840px\" \/>Con sede en Buffalo, Nueva York, Sherex es el principal proveedor t\u00e9cnico de tuercas remachables ciegas, con una s\u00f3lida experiencia en aplicaciones y capacidades de producci\u00f3n en todo el mundo. Sherex ha logrado una trayectoria de crecimiento impresionante y contin\u00faa creciendo a trav\u00e9s de la venta de soluciones t\u00e9cnicas, brindando las mejores soluciones de costo total de instalaci\u00f3n junto con capacidades de tuercas remachables l\u00edderes en la industria.<\/p>\n<p>\u201cAl combinarse con nuestra marca de tuercas remachables ATLAS, la adquisici\u00f3n de Sherex posiciona a la empresa como el principal proveedor de tuercas remachables en todo el mundo. Estamos muy emocionados de poder aportar la experiencia de Sherex a la familia PennEngineering<sup>\u00ae<\/sup>\u201d, afirm\u00f3 Pete George, director ejecutivo. \u201cSu esp\u00edritu emprendedor y perspicacia t\u00e9cnica, combinados con nuestra l\u00ednea de productos ATLAS y las capacidades m\u00e1s amplias de PennEngineering, fortalecer\u00e1n nuestra capacidad de ofrecer r\u00e1pidamente soluciones de fijaci\u00f3n innovadoras y de alta calidad a nuestros clientes en todo el mundo\u201d.<\/p>\n<p>Seg\u00fan el presidente de Sherex, Adam Pratt, \u201cla colaboraci\u00f3n con PennEngineering permite a Sherex ofrecer a nuestros clientes una capacidad de fabricaci\u00f3n global adicional para satisfacer sus demandas en todo el mundo. Nuestras relaciones duraderas con los clientes, combinadas con la reputaci\u00f3n y la historia de PennEngineering, nos permitir\u00e1n seguir ofreciendo un mayor valor a nuestros clientes\u201d.<\/p>\n<p>Adam Pratt asumir\u00e1 el cargo de presidente de Sherex y ATLAS, y reportar\u00e1 a Pete George, director ejecutivo de PennEngineering. Alex Hsiao seguir\u00e1 siendo director general de Sherex Taiw\u00e1n.<\/p>\n<p><strong>Acerca de PennEngineering<sup>\u00ae<\/sup><\/strong><\/p>\n<p>Desde 1942, <a href=\"https:\/\/www.pemnet.com\/\" target=\"_blank\" rel=\"noopener\">PennEngineering<sup>\u00ae<\/sup><\/a> ha disfrutado de una reputaci\u00f3n sostenida como l\u00edder mundial en la industria de la fijaci\u00f3n. Las marcas de la empresa, PEM<sup>\u00ae<\/sup>, PROFIL, ATLAS, PennAuto, se consideran el principal fabricante de sujetadores de fijaci\u00f3n mec\u00e1nica y otros sujetadores. Haeger, para sistemas de instalaci\u00f3n y Heyco, para productos moldeados y estampados.<\/p>\n<p>El firme compromiso de PennEngineering con la experiencia en ingenier\u00eda y la innovaci\u00f3n global garantiza que sigamos ampliando nuestra cartera con tecnolog\u00edas y soluciones que permiten a nuestros clientes no solo seguir el ritmo de los desaf\u00edos del mercado, sino superarlos.<\/p>\n<p><strong>Acerca de Sherex<\/strong><\/p>\n<p>Sherex Fastening Solutions es un fabricante innovador de sujetadores para una variedad de industrias. Las l\u00edneas de productos Sherex de tuercas remachables, tuercas de remache, insertos roscados, <a href=\"\/es\/arandelas-y-tuercas-de-bloqueo-de-cuna-prevencion-del-aflojamiento-por-vibracion\/\">productos de bloqueo por cu\u00f1a Disc-Lock\u00ae y TEC Series\u00ae<\/a>, y <a href=\"\/es\/sistemas-de-instalacion-de-fijaciones\/\">sistemas de instalaci\u00f3n de sujetadores<\/a> son utilizados por muchos fabricantes de equipos originales de Fortune 500 para reforzar los puntos de sujeci\u00f3n y, al mismo tiempo, reducir los tiempos de ensamblaje y los desechos.<\/p>\n<p><strong><u>Contactos<\/u><\/strong><strong>:<\/strong><\/p>\n<p><strong>PennEngineering<sup>\u00ae<\/sup><\/strong><\/p>\n<p>Suzanne Lawton<br \/>\nVicepresidenta de Marketing y Comunicaciones<br \/>\n<a href=\"mailto:slawton@pemnet.com\">slawton@pemnet.com<\/a><strong>\u00a0<\/strong><\/p>\n<p><strong>Sherex Fastening Solutions<\/strong><\/p>\n<p>Adam Pratt<br \/>\nPresidente de Sherex<br \/>\n<a href=\"mailto:apratt@sherex.com\">apratt@sherex.com<\/a><\/p>\n<p>&nbsp;<\/p>\n","protected":false},"excerpt":{"rendered":"<p>La adquisici\u00f3n ampl\u00eda la cartera de productos y el alcance t\u00e9cnico de PennEngineering (Danboro, PA., 01\/08\/2024) \u2013 PennEngineering\u00ae anunci\u00f3 hoy la adquisici\u00f3n de Sherex\u00ae Fastening Solutions, l\u00edder mundial en el dise\u00f1o, fabricaci\u00f3n e instalaci\u00f3n de tuercas remachables ciegas y soluciones de fijaci\u00f3n asociadas. Con sede en Buffalo, Nueva York, Sherex es el principal proveedor t\u00e9cnico [&hellip;]<\/p>\n","protected":false},"author":17,"featured_media":0,"parent":0,"menu_order":0,"comment_status":"closed","ping_status":"closed","template":"","meta":{"_acf_changed":false,"om_disable_all_campaigns":false,"inline_featured_image":false,"_monsterinsights_skip_tracking":false,"_monsterinsights_sitenote_active":false,"_monsterinsights_sitenote_note":"","_monsterinsights_sitenote_category":0,"_uf_show_specific_survey":0,"_uf_disable_surveys":false,"footnotes":""},"class_list":["post-5451","page","type-page","status-publish","hentry"],"acf":[],"yoast_head":"<!-- This site is optimized with the Yoast SEO plugin v27.4 - https:\/\/yoast.com\/product\/yoast-seo-wordpress\/ -->\n<title>PennEngineering adquiere Sherex Fastening Solutions | Sherex<\/title>\n<meta name=\"description\" content=\"PennEngineering adquiere Sherex Fastening Solutions para adquirir los productos ATLAS y continuar expandiendo su crecimiento en el mercado de tuercas remachables.\" \/>\n<meta name=\"robots\" content=\"index, follow, max-snippet:-1, max-image-preview:large, max-video-preview:-1\" \/>\n<link rel=\"canonical\" href=\"https:\/\/www.sherex.com\/es\/pennengineering-adquiere-sherex-fastening-solutions\/\" \/>\n<meta property=\"og:locale\" content=\"es_ES\" \/>\n<meta property=\"og:type\" content=\"article\" \/>\n<meta property=\"og:title\" content=\"PennEngineering adquiere Sherex Fastening Solutions | Sherex\" \/>\n<meta property=\"og:description\" content=\"PennEngineering adquiere Sherex Fastening Solutions para adquirir los productos ATLAS y continuar expandiendo su crecimiento en el mercado de tuercas remachables.\" \/>\n<meta property=\"og:url\" content=\"https:\/\/www.sherex.com\/es\/pennengineering-adquiere-sherex-fastening-solutions\/\" \/>\n<meta property=\"og:site_name\" content=\"Sherex Fastening Solutions\" \/>\n<meta property=\"article:modified_time\" content=\"2024-11-15T07:31:04+00:00\" \/>\n<meta property=\"og:image\" content=\"https:\/\/www.sherex.com\/wp-content\/uploads\/Sherex-Logo-full-color-300x200.png\" \/>\n<meta name=\"twitter:label1\" content=\"Est. reading time\" \/>\n\t<meta name=\"twitter:data1\" content=\"3 minutos\" \/>\n<script type=\"application\/ld+json\" class=\"yoast-schema-graph\">{\"@context\":\"https:\\\/\\\/schema.org\",\"@graph\":[{\"@type\":\"WebPage\",\"@id\":\"https:\\\/\\\/www.sherex.com\\\/es\\\/pennengineering-adquiere-sherex-fastening-solutions\\\/\",\"url\":\"https:\\\/\\\/www.sherex.com\\\/es\\\/pennengineering-adquiere-sherex-fastening-solutions\\\/\",\"name\":\"PennEngineering adquiere Sherex Fastening Solutions | Sherex\",\"isPartOf\":{\"@id\":\"https:\\\/\\\/www.sherex.com\\\/es\\\/#website\"},\"primaryImageOfPage\":{\"@id\":\"https:\\\/\\\/www.sherex.com\\\/es\\\/pennengineering-adquiere-sherex-fastening-solutions\\\/#primaryimage\"},\"image\":{\"@id\":\"https:\\\/\\\/www.sherex.com\\\/es\\\/pennengineering-adquiere-sherex-fastening-solutions\\\/#primaryimage\"},\"thumbnailUrl\":\"https:\\\/\\\/www.sherex.com\\\/wp-content\\\/uploads\\\/Sherex-Logo-full-color-300x200.png\",\"datePublished\":\"2024-01-08T15:45:33+00:00\",\"dateModified\":\"2024-11-15T07:31:04+00:00\",\"description\":\"PennEngineering adquiere Sherex Fastening Solutions para adquirir los productos ATLAS y continuar expandiendo su crecimiento en el mercado de tuercas remachables.\",\"breadcrumb\":{\"@id\":\"https:\\\/\\\/www.sherex.com\\\/es\\\/pennengineering-adquiere-sherex-fastening-solutions\\\/#breadcrumb\"},\"inLanguage\":\"es\",\"potentialAction\":[{\"@type\":\"ReadAction\",\"target\":[\"https:\\\/\\\/www.sherex.com\\\/es\\\/pennengineering-adquiere-sherex-fastening-solutions\\\/\"]}]},{\"@type\":\"ImageObject\",\"inLanguage\":\"es\",\"@id\":\"https:\\\/\\\/www.sherex.com\\\/es\\\/pennengineering-adquiere-sherex-fastening-solutions\\\/#primaryimage\",\"url\":\"https:\\\/\\\/www.sherex.com\\\/wp-content\\\/uploads\\\/Sherex-Logo-full-color-300x200.png\",\"contentUrl\":\"https:\\\/\\\/www.sherex.com\\\/wp-content\\\/uploads\\\/Sherex-Logo-full-color-300x200.png\"},{\"@type\":\"BreadcrumbList\",\"@id\":\"https:\\\/\\\/www.sherex.com\\\/es\\\/pennengineering-adquiere-sherex-fastening-solutions\\\/#breadcrumb\",\"itemListElement\":[{\"@type\":\"ListItem\",\"position\":1,\"name\":\"Home\",\"item\":\"https:\\\/\\\/www.sherex.com\\\/es\\\/\"},{\"@type\":\"ListItem\",\"position\":2,\"name\":\"PennEngineering\u00ae adquiere Sherex Fastening Solutions\"}]},{\"@type\":\"WebSite\",\"@id\":\"https:\\\/\\\/www.sherex.com\\\/es\\\/#website\",\"url\":\"https:\\\/\\\/www.sherex.com\\\/es\\\/\",\"name\":\"Sherex Fastening Solutions\",\"description\":\"\",\"potentialAction\":[{\"@type\":\"SearchAction\",\"target\":{\"@type\":\"EntryPoint\",\"urlTemplate\":\"https:\\\/\\\/www.sherex.com\\\/es\\\/?s={search_term_string}\"},\"query-input\":{\"@type\":\"PropertyValueSpecification\",\"valueRequired\":true,\"valueName\":\"search_term_string\"}}],\"inLanguage\":\"es\"}]}<\/script>\n<!-- \/ Yoast SEO plugin. -->","yoast_head_json":{"title":"PennEngineering adquiere Sherex Fastening Solutions | Sherex","description":"PennEngineering adquiere Sherex Fastening Solutions para adquirir los productos ATLAS y continuar expandiendo su crecimiento en el mercado de tuercas remachables.","robots":{"index":"index","follow":"follow","max-snippet":"max-snippet:-1","max-image-preview":"max-image-preview:large","max-video-preview":"max-video-preview:-1"},"canonical":"https:\/\/www.sherex.com\/es\/pennengineering-adquiere-sherex-fastening-solutions\/","og_locale":"es_ES","og_type":"article","og_title":"PennEngineering adquiere Sherex Fastening Solutions | Sherex","og_description":"PennEngineering adquiere Sherex Fastening Solutions para adquirir los productos ATLAS y continuar expandiendo su crecimiento en el mercado de tuercas remachables.","og_url":"https:\/\/www.sherex.com\/es\/pennengineering-adquiere-sherex-fastening-solutions\/","og_site_name":"Sherex Fastening Solutions","article_modified_time":"2024-11-15T07:31:04+00:00","og_image":[{"url":"https:\/\/www.sherex.com\/wp-content\/uploads\/Sherex-Logo-full-color-300x200.png","type":"","width":"","height":""}],"twitter_misc":{"Est. reading time":"3 minutos"},"schema":{"@context":"https:\/\/schema.org","@graph":[{"@type":"WebPage","@id":"https:\/\/www.sherex.com\/es\/pennengineering-adquiere-sherex-fastening-solutions\/","url":"https:\/\/www.sherex.com\/es\/pennengineering-adquiere-sherex-fastening-solutions\/","name":"PennEngineering adquiere Sherex Fastening Solutions | Sherex","isPartOf":{"@id":"https:\/\/www.sherex.com\/es\/#website"},"primaryImageOfPage":{"@id":"https:\/\/www.sherex.com\/es\/pennengineering-adquiere-sherex-fastening-solutions\/#primaryimage"},"image":{"@id":"https:\/\/www.sherex.com\/es\/pennengineering-adquiere-sherex-fastening-solutions\/#primaryimage"},"thumbnailUrl":"https:\/\/www.sherex.com\/wp-content\/uploads\/Sherex-Logo-full-color-300x200.png","datePublished":"2024-01-08T15:45:33+00:00","dateModified":"2024-11-15T07:31:04+00:00","description":"PennEngineering adquiere Sherex Fastening Solutions para adquirir los productos ATLAS y continuar expandiendo su crecimiento en el mercado de tuercas remachables.","breadcrumb":{"@id":"https:\/\/www.sherex.com\/es\/pennengineering-adquiere-sherex-fastening-solutions\/#breadcrumb"},"inLanguage":"es","potentialAction":[{"@type":"ReadAction","target":["https:\/\/www.sherex.com\/es\/pennengineering-adquiere-sherex-fastening-solutions\/"]}]},{"@type":"ImageObject","inLanguage":"es","@id":"https:\/\/www.sherex.com\/es\/pennengineering-adquiere-sherex-fastening-solutions\/#primaryimage","url":"https:\/\/www.sherex.com\/wp-content\/uploads\/Sherex-Logo-full-color-300x200.png","contentUrl":"https:\/\/www.sherex.com\/wp-content\/uploads\/Sherex-Logo-full-color-300x200.png"},{"@type":"BreadcrumbList","@id":"https:\/\/www.sherex.com\/es\/pennengineering-adquiere-sherex-fastening-solutions\/#breadcrumb","itemListElement":[{"@type":"ListItem","position":1,"name":"Home","item":"https:\/\/www.sherex.com\/es\/"},{"@type":"ListItem","position":2,"name":"PennEngineering\u00ae adquiere Sherex Fastening Solutions"}]},{"@type":"WebSite","@id":"https:\/\/www.sherex.com\/es\/#website","url":"https:\/\/www.sherex.com\/es\/","name":"Sherex Fastening Solutions","description":"","potentialAction":[{"@type":"SearchAction","target":{"@type":"EntryPoint","urlTemplate":"https:\/\/www.sherex.com\/es\/?s={search_term_string}"},"query-input":{"@type":"PropertyValueSpecification","valueRequired":true,"valueName":"search_term_string"}}],"inLanguage":"es"}]}},"_links":{"self":[{"href":"https:\/\/www.sherex.com\/es\/wp-json\/wp\/v2\/pages\/5451","targetHints":{"allow":["GET"]}}],"collection":[{"href":"https:\/\/www.sherex.com\/es\/wp-json\/wp\/v2\/pages"}],"about":[{"href":"https:\/\/www.sherex.com\/es\/wp-json\/wp\/v2\/types\/page"}],"author":[{"embeddable":true,"href":"https:\/\/www.sherex.com\/es\/wp-json\/wp\/v2\/users\/17"}],"replies":[{"embeddable":true,"href":"https:\/\/www.sherex.com\/es\/wp-json\/wp\/v2\/comments?post=5451"}],"version-history":[{"count":0,"href":"https:\/\/www.sherex.com\/es\/wp-json\/wp\/v2\/pages\/5451\/revisions"}],"wp:attachment":[{"href":"https:\/\/www.sherex.com\/es\/wp-json\/wp\/v2\/media?parent=5451"}],"curies":[{"name":"wp","href":"https:\/\/api.w.org\/{rel}","templated":true}]}}