{"id":5452,"date":"2014-07-10T16:09:15","date_gmt":"2014-07-10T20:09:15","guid":{"rendered":"https:\/\/www.sherex.com\/politica-de-privacidad\/"},"modified":"2025-01-10T05:59:08","modified_gmt":"2025-01-10T09:59:08","slug":"politica-de-privacidad","status":"publish","type":"page","link":"https:\/\/www.sherex.com\/es\/politica-de-privacidad\/","title":{"rendered":"pol\u00edtica de privacidad"},"content":{"rendered":"<p><strong>\u00daltima modificaci\u00f3n:<\/strong> 27 de julio de 2020<\/p>\n<p><strong>Sherex Fastening Solutions, LLC<\/strong> (\u201cSherex\u201d) respeta su privacidad y la informaci\u00f3n de los visitantes de nuestro sitio. No vendemos ni alquilamos a terceros ninguna de la informaci\u00f3n recopilada a trav\u00e9s de este sitio web.<\/p>\n<h3>Informaci\u00f3n recopilada<\/h3>\n<p>Si solicita o nos env\u00eda informaci\u00f3n mediante un correo electr\u00f3nico o completando un formulario de contacto, podemos guardar su direcci\u00f3n de correo electr\u00f3nico, as\u00ed como cualquier otra informaci\u00f3n que proporcione en los formularios del sitio web que nos env\u00ede. Esta informaci\u00f3n puede usarse para comunicarnos con usted en el futuro por correo postal, correo electr\u00f3nico o tel\u00e9fono para transmitirle informaci\u00f3n sobre nuestros productos, servicios o soluciones que creemos que pueden beneficiarlo.<\/p>\n<h3>Informaci\u00f3n recopilada por otros<\/h3>\n<p>Este aviso aborda \u00fanicamente la pol\u00edtica del sitio web de Sherex y no se aplica a los sitios a los que los usuarios acceden a trav\u00e9s de enlaces desde nuestro sitio. Sherex no es responsable de las pol\u00edticas de recopilaci\u00f3n de informaci\u00f3n de otros sitios, de las pr\u00e1cticas empleadas por los sitios web vinculados a nuestro sitio web o desde nuestro sitio web, ni de la informaci\u00f3n o el contenido que contienen. A menudo, los enlaces a otros sitios web se proporcionan \u00fanicamente sobre la base de que pueden contener informaci\u00f3n \u00fatil para los visitantes de nuestro sitio web. Se recomienda a los usuarios que revisen las pol\u00edticas de privacidad de estos otros sitios web.<\/p>\n<h3>Galletas<\/h3>\n<p>Este sitio web puede colocar cookies en su computadora. Una cookie es un archivo de texto que nuestro servidor web coloca en su computadora y ayuda a recordar su uso de este sitio web. Las cookies se generan y asignan de forma \u00fanica a usted.<\/p>\n<p>Tambi\u00e9n podemos utilizar una o m\u00e1s herramientas de seguimiento de terceros que utilizan datos recopilados para rastrear y examinar el uso de www.sherex.com y para preparar informes sobre el uso de nuestro sitio web. Estas herramientas de seguimiento de terceros no recopilan informaci\u00f3n de identificaci\u00f3n personal.<\/p>\n<h3>Otra informaci\u00f3n que recopilamos<\/h3>\n<p>Sherex puede realizar un seguimiento de la informaci\u00f3n t\u00e9cnica sobre su computadora o dispositivo m\u00f3vil, como el tipo y la versi\u00f3n del navegador, los tipos y versiones de complementos del navegador y el sistema operativo de su computadora; el proveedor de servicios de Internet (ISP) u otro proveedor que utilice para acceder a este sitio web, los enlaces en este sitio web y algunos de nuestros servicios; y su direcci\u00f3n de protocolo de Internet (IP), ubicaci\u00f3n y configuraci\u00f3n de zona horaria. Para ayudarnos a comprender el uso de este sitio web por parte de los usuarios, mejorar su experiencia en el sitio y ayudarnos en la comercializaci\u00f3n y administraci\u00f3n de este sitio web y nuestros servicios, tambi\u00e9n podemos recopilar informaci\u00f3n sobre c\u00f3mo fue dirigido a este sitio web y nuestros servicios, c\u00f3mo navega por ellos, qu\u00e9 productos o servicios visita, a qu\u00e9 sitios web externos o enlaces accede desde este sitio web. Esta informaci\u00f3n puede usarse, entre otras cosas, en la elaboraci\u00f3n de informes, comercializaci\u00f3n y an\u00e1lisis de este sitio web y sus servicios y funciones, y puede compartirse con nuestros afiliados, proveedores, proveedores y\/o sus respectivos agentes y contratistas y los nuestros.<\/p>\n<h3>Actualizaci\u00f3n, correcci\u00f3n y eliminaci\u00f3n de informaci\u00f3n personal<\/h3>\n<p>Si desea que su informaci\u00f3n personal se actualice, corrija o elimine de nuestros registros, env\u00edenos un correo electr\u00f3nico con el asunto \u201cActualizar\/Corregir o eliminar informaci\u00f3n personal\u201d  <a href=\"mailto:info@sherex.com\">info@sherex.com<\/a><\/p>\n<h3>C\u00f3mo darse de baja de los correos electr\u00f3nicos<\/h3>\n<p>Puede optar por no recibir correos electr\u00f3nicos de Sherex en cualquier momento. De vez en cuando, Sherex puede comercializar algunos de sus propios productos y servicios por correo electr\u00f3nico. Todos los correos electr\u00f3nicos enviados desde Sherex incluir\u00e1n instrucciones adecuadas para cancelar la suscripci\u00f3n. La cancelaci\u00f3n de la suscripci\u00f3n a las ofertas por correo electr\u00f3nico de un servicio espec\u00edfico de Sherex solo lo excluye de ese servicio. Para cancelar la suscripci\u00f3n a todos los mensajes de marketing por correo electr\u00f3nico de Sherex, debe enviar un correo electr\u00f3nico a info@sherex.com desde la direcci\u00f3n de correo electr\u00f3nico de la que desea cancelar la suscripci\u00f3n. Indique claramente en su correo electr\u00f3nico: \u201cCancelar mi suscripci\u00f3n a todos los mensajes de marketing por correo electr\u00f3nico de Sherex Fastening Solutions, LLC\u201d. Esta es la \u00fanica forma de asegurarse de no recibir m\u00e1s mensajes publicitarios por correo electr\u00f3nico de Sherex.<\/p>\n<h3>Seguridad de los datos<\/h3>\n<p>Tomamos precauciones razonables para mantener segura la informaci\u00f3n de los usuarios que se nos revela. Para evitar el acceso no autorizado, mantener la precisi\u00f3n de los datos y garantizar el uso adecuado de la informaci\u00f3n, hemos implementado procedimientos f\u00edsicos, electr\u00f3nicos y administrativos comercialmente razonables para salvaguardar y proteger la informaci\u00f3n que recopilamos.<\/p>\n<p>Podemos divulgar la informaci\u00f3n que recopilamos a terceros, bajo contrato con nosotros, seg\u00fan sea necesario para operar este sitio web, proporcionar ciertos servicios o funciones ofrecidas por este sitio web o para realizar funciones comerciales en nuestro nombre. Solo divulgaremos esta informaci\u00f3n a aquellas empresas que consideremos responsables. Sin embargo, no somos responsables de ninguna violaci\u00f3n de la seguridad ni de ninguna acci\u00f3n de terceros que reciban la informaci\u00f3n. Adem\u00e1s, una vez que se haya proporcionado informaci\u00f3n a un tercero, est\u00e1 fuera del control de Sherex y est\u00e1 sujeta a las pol\u00edticas de ese tercero.<\/p>\n<h3>Ni\u00f1os<\/h3>\n<p>Este sitio web no est\u00e1 destinado a ser utilizado por ni\u00f1os, y los t\u00e9rminos y condiciones que rigen el uso de este sitio web y sus funciones requieren que usted tenga al menos 18 a\u00f1os.<\/p>\n<h3>Divulgaci\u00f3n de informaci\u00f3n por obligaci\u00f3n legal<\/h3>\n<p>Sherex puede divulgar informaci\u00f3n cuando se vea obligado legalmente a hacerlo: cuando creamos de buena fe que la ley nos obliga a hacerlo o para la protecci\u00f3n de nuestros derechos legales.<\/p>\n<h3>Cambios peri\u00f3dicos de pol\u00edtica<\/h3>\n<p>Tenga en cuenta que Sherex Fastening Solutions, LLC revisa sus pr\u00e1cticas de privacidad peri\u00f3dicamente (es decir, para realizar un seguimiento de los cambios tecnol\u00f3gicos o legales) y que estas pr\u00e1cticas est\u00e1n sujetas a cambios. Para asegurarse de estar familiarizado con la versi\u00f3n m\u00e1s actualizada de nuestra pol\u00edtica de privacidad, marque esta p\u00e1gina como favorita y rev\u00edsela peri\u00f3dicamente.<\/p>\n<p>Esta declaraci\u00f3n de pol\u00edtica se realiza en nombre de Sherex Fastening Solutions, LLC y entra en vigencia a partir de la fecha de la \u00faltima modificaci\u00f3n, como se indic\u00f3 anteriormente. Esta declaraci\u00f3n no crea un acuerdo entre Sherex Fastening Solutions, LLC y los usuarios y, como tal, no crea ning\u00fan derecho legal para ninguna de las partes.<\/p>\n<h3>Cont\u00e1ctenos:<\/h3>\n<p><strong>Sherex Fastening Solutions<\/strong><br \/>\n400 Riverwalk Pkwy, Suite 600<br \/>\nTonawanda, NY 14150<\/p>\n<p>Tel\u00e9fono: 866.474.3739<br \/>\nCorreo electr\u00f3nico: <a href=\"mailto:info@sherex.com\">info@sherex.com<\/a><br \/>\nSitio web: <a href=\"\/es\/\">www.sherex.com<\/a><\/p>\n","protected":false},"excerpt":{"rendered":"<p>\u00daltima modificaci\u00f3n: 27 de julio de 2020 Sherex Fastening Solutions, LLC (\u201cSherex\u201d) respeta su privacidad y la informaci\u00f3n de los visitantes de nuestro sitio. No vendemos ni alquilamos a terceros ninguna de la informaci\u00f3n recopilada a trav\u00e9s de este sitio web. Informaci\u00f3n recopilada Si solicita o nos env\u00eda informaci\u00f3n mediante un correo electr\u00f3nico o completando [&hellip;]<\/p>\n","protected":false},"author":24,"featured_media":0,"parent":0,"menu_order":0,"comment_status":"open","ping_status":"open","template":"","meta":{"_acf_changed":false,"om_disable_all_campaigns":false,"inline_featured_image":false,"_monsterinsights_skip_tracking":false,"_monsterinsights_sitenote_active":false,"_monsterinsights_sitenote_note":"","_monsterinsights_sitenote_category":0,"_uf_show_specific_survey":0,"_uf_disable_surveys":false,"footnotes":""},"class_list":["post-5452","page","type-page","status-publish","hentry"],"acf":[],"yoast_head":"<!-- This site is optimized with the Yoast SEO plugin v27.4 - https:\/\/yoast.com\/product\/yoast-seo-wordpress\/ -->\n<title>Pol\u00edtica de privacidad \u2013 Tonawanda, Nueva York \u2013 Sherex Fastening Solutions<\/title>\n<meta name=\"description\" content=\"P\u00e1gina de Pol\u00edtica de privacidad de Sherex.\" \/>\n<meta name=\"robots\" content=\"index, follow, max-snippet:-1, max-image-preview:large, max-video-preview:-1\" \/>\n<link rel=\"canonical\" href=\"https:\/\/www.sherex.com\/es\/politica-de-privacidad\/\" \/>\n<meta property=\"og:locale\" content=\"es_ES\" \/>\n<meta property=\"og:type\" content=\"article\" \/>\n<meta property=\"og:title\" content=\"Pol\u00edtica de privacidad \u2013 Tonawanda, Nueva York \u2013 Sherex Fastening Solutions\" \/>\n<meta property=\"og:description\" content=\"P\u00e1gina de Pol\u00edtica de privacidad de Sherex.\" \/>\n<meta property=\"og:url\" content=\"https:\/\/www.sherex.com\/es\/politica-de-privacidad\/\" \/>\n<meta property=\"og:site_name\" content=\"Sherex Fastening Solutions\" \/>\n<meta property=\"article:modified_time\" content=\"2025-01-10T09:59:08+00:00\" \/>\n<meta name=\"twitter:label1\" content=\"Est. reading time\" \/>\n\t<meta name=\"twitter:data1\" content=\"5 minutos\" \/>\n<script type=\"application\/ld+json\" class=\"yoast-schema-graph\">{\"@context\":\"https:\\\/\\\/schema.org\",\"@graph\":[{\"@type\":\"WebPage\",\"@id\":\"https:\\\/\\\/www.sherex.com\\\/es\\\/politica-de-privacidad\\\/\",\"url\":\"https:\\\/\\\/www.sherex.com\\\/es\\\/politica-de-privacidad\\\/\",\"name\":\"Pol\u00edtica de privacidad \u2013 Tonawanda, Nueva York \u2013 Sherex Fastening Solutions\",\"isPartOf\":{\"@id\":\"https:\\\/\\\/www.sherex.com\\\/es\\\/#website\"},\"datePublished\":\"2014-07-10T20:09:15+00:00\",\"dateModified\":\"2025-01-10T09:59:08+00:00\",\"description\":\"P\u00e1gina de Pol\u00edtica de privacidad de Sherex.\",\"breadcrumb\":{\"@id\":\"https:\\\/\\\/www.sherex.com\\\/es\\\/politica-de-privacidad\\\/#breadcrumb\"},\"inLanguage\":\"es\",\"potentialAction\":[{\"@type\":\"ReadAction\",\"target\":[\"https:\\\/\\\/www.sherex.com\\\/es\\\/politica-de-privacidad\\\/\"]}]},{\"@type\":\"BreadcrumbList\",\"@id\":\"https:\\\/\\\/www.sherex.com\\\/es\\\/politica-de-privacidad\\\/#breadcrumb\",\"itemListElement\":[{\"@type\":\"ListItem\",\"position\":1,\"name\":\"Home\",\"item\":\"https:\\\/\\\/www.sherex.com\\\/es\\\/\"},{\"@type\":\"ListItem\",\"position\":2,\"name\":\"pol\u00edtica de privacidad\"}]},{\"@type\":\"WebSite\",\"@id\":\"https:\\\/\\\/www.sherex.com\\\/es\\\/#website\",\"url\":\"https:\\\/\\\/www.sherex.com\\\/es\\\/\",\"name\":\"Sherex Fastening Solutions\",\"description\":\"\",\"potentialAction\":[{\"@type\":\"SearchAction\",\"target\":{\"@type\":\"EntryPoint\",\"urlTemplate\":\"https:\\\/\\\/www.sherex.com\\\/es\\\/?s={search_term_string}\"},\"query-input\":{\"@type\":\"PropertyValueSpecification\",\"valueRequired\":true,\"valueName\":\"search_term_string\"}}],\"inLanguage\":\"es\"}]}<\/script>\n<!-- \/ Yoast SEO plugin. -->","yoast_head_json":{"title":"Pol\u00edtica de privacidad \u2013 Tonawanda, Nueva York \u2013 Sherex Fastening Solutions","description":"P\u00e1gina de Pol\u00edtica de privacidad de Sherex.","robots":{"index":"index","follow":"follow","max-snippet":"max-snippet:-1","max-image-preview":"max-image-preview:large","max-video-preview":"max-video-preview:-1"},"canonical":"https:\/\/www.sherex.com\/es\/politica-de-privacidad\/","og_locale":"es_ES","og_type":"article","og_title":"Pol\u00edtica de privacidad \u2013 Tonawanda, Nueva York \u2013 Sherex Fastening Solutions","og_description":"P\u00e1gina de Pol\u00edtica de privacidad de Sherex.","og_url":"https:\/\/www.sherex.com\/es\/politica-de-privacidad\/","og_site_name":"Sherex Fastening Solutions","article_modified_time":"2025-01-10T09:59:08+00:00","twitter_misc":{"Est. reading time":"5 minutos"},"schema":{"@context":"https:\/\/schema.org","@graph":[{"@type":"WebPage","@id":"https:\/\/www.sherex.com\/es\/politica-de-privacidad\/","url":"https:\/\/www.sherex.com\/es\/politica-de-privacidad\/","name":"Pol\u00edtica de privacidad \u2013 Tonawanda, Nueva York \u2013 Sherex Fastening Solutions","isPartOf":{"@id":"https:\/\/www.sherex.com\/es\/#website"},"datePublished":"2014-07-10T20:09:15+00:00","dateModified":"2025-01-10T09:59:08+00:00","description":"P\u00e1gina de Pol\u00edtica de privacidad de Sherex.","breadcrumb":{"@id":"https:\/\/www.sherex.com\/es\/politica-de-privacidad\/#breadcrumb"},"inLanguage":"es","potentialAction":[{"@type":"ReadAction","target":["https:\/\/www.sherex.com\/es\/politica-de-privacidad\/"]}]},{"@type":"BreadcrumbList","@id":"https:\/\/www.sherex.com\/es\/politica-de-privacidad\/#breadcrumb","itemListElement":[{"@type":"ListItem","position":1,"name":"Home","item":"https:\/\/www.sherex.com\/es\/"},{"@type":"ListItem","position":2,"name":"pol\u00edtica de privacidad"}]},{"@type":"WebSite","@id":"https:\/\/www.sherex.com\/es\/#website","url":"https:\/\/www.sherex.com\/es\/","name":"Sherex Fastening Solutions","description":"","potentialAction":[{"@type":"SearchAction","target":{"@type":"EntryPoint","urlTemplate":"https:\/\/www.sherex.com\/es\/?s={search_term_string}"},"query-input":{"@type":"PropertyValueSpecification","valueRequired":true,"valueName":"search_term_string"}}],"inLanguage":"es"}]}},"_links":{"self":[{"href":"https:\/\/www.sherex.com\/es\/wp-json\/wp\/v2\/pages\/5452","targetHints":{"allow":["GET"]}}],"collection":[{"href":"https:\/\/www.sherex.com\/es\/wp-json\/wp\/v2\/pages"}],"about":[{"href":"https:\/\/www.sherex.com\/es\/wp-json\/wp\/v2\/types\/page"}],"author":[{"embeddable":true,"href":"https:\/\/www.sherex.com\/es\/wp-json\/wp\/v2\/users\/24"}],"replies":[{"embeddable":true,"href":"https:\/\/www.sherex.com\/es\/wp-json\/wp\/v2\/comments?post=5452"}],"version-history":[{"count":0,"href":"https:\/\/www.sherex.com\/es\/wp-json\/wp\/v2\/pages\/5452\/revisions"}],"wp:attachment":[{"href":"https:\/\/www.sherex.com\/es\/wp-json\/wp\/v2\/media?parent=5452"}],"curies":[{"name":"wp","href":"https:\/\/api.w.org\/{rel}","templated":true}]}}