{"id":5459,"date":"2020-05-12T15:30:14","date_gmt":"2020-05-12T19:30:14","guid":{"rendered":"https:\/\/www.sherex.com\/unidad-de-calibracion-de-herramientas-manuales-sherex\/"},"modified":"2025-08-01T17:21:56","modified_gmt":"2025-08-01T21:21:56","slug":"unidad-de-calibracion-de-herramientas-manuales-sherex","status":"publish","type":"page","link":"https:\/\/www.sherex.com\/es\/unidad-de-calibracion-de-herramientas-manuales-sherex\/","title":{"rendered":"Unidad de calibraci\u00f3n de herramientas manuales Sherex"},"content":{"rendered":"<p><img loading=\"lazy\" decoding=\"async\" width=\"1000\" height=\"250\" class=\"size-full wp-image-1549 aligncenter\" src=\"https:\/\/www.sherex.com\/wp-content\/uploads\/Webpage-Header-Cal-Unit.png\" alt=\"\" srcset=\"https:\/\/www.sherex.com\/wp-content\/uploads\/Webpage-Header-Cal-Unit.png 1000w, https:\/\/www.sherex.com\/wp-content\/uploads\/Webpage-Header-Cal-Unit-500x125.png 500w, https:\/\/www.sherex.com\/wp-content\/uploads\/Webpage-Header-Cal-Unit-768x192.png 768w\" sizes=\"auto, (max-width: 709px) 85vw, (max-width: 909px) 67vw, (max-width: 1362px) 62vw, 840px\" \/><\/p>\n<p><strong>La unidad de calibraci\u00f3n de herramientas manuales de Sherex Fastening Solution<\/strong> es un instrumento que ayudar\u00e1 a los fabricantes y operadores a mejorar la calidad de sus instalaciones de tuercas remachables en tiempo real.<\/p>\n<div id=\"attachment_1576\" style=\"width: 235px\" class=\"wp-caption alignright\"><a href=\"https:\/\/www.sherex.com\/wp-content\/uploads\/Hand-tool-Calibration-2pg-1.pdf\" target=\"_blank\" rel=\"noopener noreferrer\"><img loading=\"lazy\" decoding=\"async\" aria-describedby=\"caption-attachment-1576\" class=\"wp-image-1576\" src=\"https:\/\/www.sherex.com\/wp-content\/uploads\/Hand-Tool-Cal-Unit.png\" alt=\"Hand Tool Calibration Unit Brochure\" width=\"225\" height=\"292\" srcset=\"https:\/\/www.sherex.com\/wp-content\/uploads\/Hand-Tool-Cal-Unit.png 702w, https:\/\/www.sherex.com\/wp-content\/uploads\/Hand-Tool-Cal-Unit-500x649.png 500w\" sizes=\"auto, (max-width: 709px) 85vw, (max-width: 909px) 67vw, (max-width: 1362px) 62vw, 840px\" \/><\/a><p id=\"caption-attachment-1576\" class=\"wp-caption-text\">Haga clic en la imagen para ver el folleto<\/p><\/div>\n<p>La unidad de calibraci\u00f3n de herramientas manuales mide la fuerza de tracci\u00f3n de las herramientas <a href=\"https:\/\/fasteners.sherex.com\/category\/-tooling-800-pistol-style-series-installation-tool\">neum\u00e1ticas<\/a> e <a href=\"https:\/\/fasteners.sherex.com\/category\/oling-hydro-pneumatic-spin-pull-installation-tools\">hidroneum\u00e1ticas<\/a> para garantizar que la herramienta cumpla con la fuerza de ajuste requerida para instalarla en la aplicaci\u00f3n. Con la capacidad de medir la fuerza de tracci\u00f3n de una herramienta antes de realizar una instalaci\u00f3n, los operadores tienen la seguridad de que la herramienta est\u00e1 calibrada correctamente para una <strong>instalaci\u00f3n perfecta<\/strong>.<\/p>\n<p>El proceso es Sencilla: coloque su herramienta neum\u00e1tica o hidroneum\u00e1tica en la unidad de calibraci\u00f3n de herramientas manuales. La unidad mostrar\u00e1 el valor de la fuerza de tracci\u00f3n cuando se aplica cualquier carga y la carga de las \u00faltimas siete tracciones. Tambi\u00e9n mostrar\u00e1 el promedio de todas las cargas desde que se encendi\u00f3 la unidad.<\/p>\n<p>La unidad de calibraci\u00f3n tambi\u00e9n incluye una gu\u00eda que indica cu\u00e1l debe ser la fuerza de tracci\u00f3n para cada tuerca remachable. Esto elimina las dudas a la hora de configurar la herramienta de instalaci\u00f3n.<\/p>\n<p>Esta herramienta permite a los operadores utilizar la herramienta con confianza, ya que comprueban peri\u00f3dicamente la fuerza de tracci\u00f3n de la herramienta. Tambi\u00e9n permitir\u00e1 al operador estudiar c\u00f3mo funciona la herramienta, lo que le permitir\u00e1 conocer mejor su comportamiento habitual. Si la herramienta de instalaci\u00f3n se comporta de forma inusual, esta informaci\u00f3n podr\u00eda ayudar al operador a determinar si es posible que la herramienta requiera mantenimiento o reparaci\u00f3n.<br \/>\n<iframe loading=\"lazy\" src=\"https:\/\/www.youtube.com\/embed\/jL_u8qqj0qg\" width=\"382\" height=\"215\" frameborder=\"0\" allowfullscreen=\"allowfullscreen\"><span style=\"display: inline-block; width: 0px; overflow: hidden; line-height: 0;\" data-mce-type=\"bookmark\" class=\"mce_SELRES_start\">\ufeff<\/span><span style=\"display: inline-block; width: 0px; overflow: hidden; line-height: 0;\" data-mce-type=\"bookmark\" class=\"mce_SELRES_start\">\ufeff<\/span><\/iframe><br \/>\nMejorar la calidad de las instalaciones tiene muchos otros beneficios adem\u00e1s de aumentar el rendimiento de su producto, entre ellos:<\/p>\n<ul>\n<li>Eficiencia de instalaci\u00f3n<\/li>\n<li>Reducci\u00f3n de mantenimiento<\/li>\n<li>Reducci\u00f3n de desechos<\/li>\n<li>Mejora de la funcionalidad de la herramienta<\/li>\n<li>Programaci\u00f3n del mantenimiento de la herramienta<\/li>\n<li>Capacidad de ver el rendimiento hist\u00f3rico de la herramienta o del operador<\/li>\n<li>Comparaci\u00f3n de m\u00e9todos de instalaci\u00f3n<\/li>\n<li>M\u00f3vil<\/li>\n<\/ul>\n<h3><strong>CARACTER\u00cdSTICAS:<\/strong><\/h3>\n<p><strong>Dise\u00f1o<br \/>\n<\/strong>Dise\u00f1o resistente, perfecto para una estaci\u00f3n de trabajo y lo suficientemente liviano para ser m\u00f3vil. Dos pantallas t\u00e1ctiles para un dise\u00f1o y un rendimiento superiores para el usuario.<\/p>\n<ul>\n<li>La pantalla principal muestra la curva de valores cuando se detecta la carga de la herramienta de instalaci\u00f3n.<\/li>\n<li>La pantalla secundaria muestra los datos de las siete pruebas anteriores y el promedio de cuando se encendi\u00f3 la unidad.<\/li>\n<\/ul>\n<p><strong>Almacenamiento de datos<\/strong><br \/>\nRanura para tarjeta microSD integrada para medir los datos de la herramienta o del usuario.<\/p>\n<p><strong>Fuente de alimentaci\u00f3n<br \/>\n<\/strong>La unidad de calibraci\u00f3n de herramientas manuales se puede conectar a trav\u00e9s de una conexi\u00f3n USB-C o funcionar con un paquete de bater\u00edas recargables conectado a trav\u00e9s de la entrada USB-C.<\/p>\n<p><strong>Auriculares<br \/>\n<\/strong>Auriculares f\u00e1ciles de usar e intercambiables para diferentes tama\u00f1os de rosca.<br \/>\n\n<table id=\"tablepress-8\" class=\"tablepress tablepress-id-8\">\n<thead>\n<tr class=\"row-1\">\n\t<th class=\"column-1\">N\u00famero de pieza<\/th><th class=\"column-2\">Descripci\u00f3n<\/th>\n<\/tr>\n<\/thead>\n<tbody class=\"row-striping row-hover\">\n<tr class=\"row-2\">\n\t<td class=\"column-1\">Saludos, recu\u00e9state<\/td><td class=\"column-2\">Unidad de calibraci\u00f3n principal<\/td>\n<\/tr>\n<tr class=\"row-3\">\n\t<td class=\"column-1\">SHTC-HS-0632<\/td><td class=\"column-2\">Juego de cabezales: mandril y yunque, 6-32<\/td>\n<\/tr>\n<tr class=\"row-4\">\n\t<td class=\"column-1\">SHTC-HS-0832<\/td><td class=\"column-2\">Juego de cabezales: mandril y yunque, 8-32<\/td>\n<\/tr>\n<tr class=\"row-5\">\n\t<td class=\"column-1\">SHTC-HS-1024<\/td><td class=\"column-2\">Juego de cabezales: mandril y yunque, 10-24<\/td>\n<\/tr>\n<tr class=\"row-6\">\n\t<td class=\"column-1\">SHTC-HS-1032<\/td><td class=\"column-2\">Juego de cabezales: mandril y yunque, 10-32<\/td>\n<\/tr>\n<tr class=\"row-7\">\n\t<td class=\"column-1\">SHTC-HS-2520<\/td><td class=\"column-2\">Juego de cabezales: mandril y yunque, 1\/4-20<\/td>\n<\/tr>\n<tr class=\"row-8\">\n\t<td class=\"column-1\">SHTC-HS-2528<\/td><td class=\"column-2\">Juego de cabezales: mandril y yunque, 1\/4-28<\/td>\n<\/tr>\n<tr class=\"row-9\">\n\t<td class=\"column-1\">SHTC-HS-3118<\/td><td class=\"column-2\">Juego de cabezales: mandril y yunque, 5\/16-18<\/td>\n<\/tr>\n<tr class=\"row-10\">\n\t<td class=\"column-1\">SHTC-HS-3124<\/td><td class=\"column-2\">Juego de cabezales: mandril y yunque: 5\/16-24<\/td>\n<\/tr>\n<tr class=\"row-11\">\n\t<td class=\"column-1\">SHTC-HS-3716<\/td><td class=\"column-2\">Juego de cabezales: mandril y yunque: 3\/8-16<\/td>\n<\/tr>\n<tr class=\"row-12\">\n\t<td class=\"column-1\">SHTC-HS-3724<\/td><td class=\"column-2\">Juego de cabezales: mandril y yunque: 3\/8-24<\/td>\n<\/tr>\n<tr class=\"row-13\">\n\t<td class=\"column-1\">SHTC-HS-5013<\/td><td class=\"column-2\">Juego de cabezales: mandril y yunque, 1\/2-13<\/td>\n<\/tr>\n<tr class=\"row-14\">\n\t<td class=\"column-1\">SHTC-HS-M4<\/td><td class=\"column-2\">Juego de cabezales: mandril y yunque, 4 mm<\/td>\n<\/tr>\n<tr class=\"row-15\">\n\t<td class=\"column-1\">SHTC-HS-M5<\/td><td class=\"column-2\">Juego de cabezales: mandril y yunque, 5 mm<\/td>\n<\/tr>\n<tr class=\"row-16\">\n\t<td class=\"column-1\">SHTC-HS-M6<\/td><td class=\"column-2\">Juego de cabezales: mandril y yunque, 6 mm<\/td>\n<\/tr>\n<tr class=\"row-17\">\n\t<td class=\"column-1\">SHTC-HS-M8<\/td><td class=\"column-2\">Juego de cabezales: mandril y yunque, 8 mm<\/td>\n<\/tr>\n<tr class=\"row-18\">\n\t<td class=\"column-1\">SHTC-HS-M10<\/td><td class=\"column-2\">Juego de cabezales: mandril y yunque, 10 mm<\/td>\n<\/tr>\n<tr class=\"row-19\">\n\t<td class=\"column-1\">SHTC-HS-M12<\/td><td class=\"column-2\">Juego de cabezales: mandril y yunque, 12 mm<\/td>\n<\/tr>\n<\/tbody>\n<\/table>\n<\/p>\n","protected":false},"excerpt":{"rendered":"<p>La unidad de calibraci\u00f3n de herramientas manuales de Sherex Fastening Solution es un instrumento que ayudar\u00e1 a los fabricantes y operadores a mejorar la calidad de sus instalaciones de tuercas remachables en tiempo real. La unidad de calibraci\u00f3n de herramientas manuales mide la fuerza de tracci\u00f3n de las herramientas neum\u00e1ticas e hidroneum\u00e1ticas para garantizar que [&hellip;]<\/p>\n","protected":false},"author":17,"featured_media":0,"parent":0,"menu_order":0,"comment_status":"closed","ping_status":"closed","template":"","meta":{"_acf_changed":false,"om_disable_all_campaigns":false,"inline_featured_image":false,"_monsterinsights_skip_tracking":false,"_monsterinsights_sitenote_active":false,"_monsterinsights_sitenote_note":"","_monsterinsights_sitenote_category":0,"_uf_show_specific_survey":0,"_uf_disable_surveys":false,"footnotes":""},"class_list":["post-5459","page","type-page","status-publish","hentry"],"acf":[],"yoast_head":"<!-- This site is optimized with the Yoast SEO plugin v27.4 - https:\/\/yoast.com\/product\/yoast-seo-wordpress\/ -->\n<title>Unidad de calibraci\u00f3n de herramientas manuales Sherex - Sherex Fastening Solutions<\/title>\n<meta name=\"description\" content=\"La unidad de calibraci\u00f3n de herramientas manuales Sherex puede mostrar la fuerza de tracci\u00f3n de herramientas neum\u00e1ticas e hidroneum\u00e1ticas para garantizar la instalaci\u00f3n perfecta de la tuerca remachable.\" \/>\n<meta name=\"robots\" content=\"index, follow, max-snippet:-1, max-image-preview:large, max-video-preview:-1\" \/>\n<link rel=\"canonical\" href=\"https:\/\/www.sherex.com\/es\/unidad-de-calibracion-de-herramientas-manuales-sherex\/\" \/>\n<meta property=\"og:locale\" content=\"es_ES\" \/>\n<meta property=\"og:type\" content=\"article\" \/>\n<meta property=\"og:title\" content=\"Unidad de calibraci\u00f3n de herramientas manuales Sherex - Sherex Fastening Solutions\" \/>\n<meta property=\"og:description\" content=\"La unidad de calibraci\u00f3n de herramientas manuales Sherex puede mostrar la fuerza de tracci\u00f3n de herramientas neum\u00e1ticas e hidroneum\u00e1ticas para garantizar la instalaci\u00f3n perfecta de la tuerca remachable.\" \/>\n<meta property=\"og:url\" content=\"https:\/\/www.sherex.com\/es\/unidad-de-calibracion-de-herramientas-manuales-sherex\/\" \/>\n<meta property=\"og:site_name\" content=\"Sherex Fastening Solutions\" \/>\n<meta property=\"article:modified_time\" content=\"2025-08-01T21:21:56+00:00\" \/>\n<meta property=\"og:image\" content=\"https:\/\/www.sherex.com\/wp-content\/uploads\/Webpage-Header-Cal-Unit.png\" \/>\n\t<meta property=\"og:image:width\" content=\"1000\" \/>\n\t<meta property=\"og:image:height\" content=\"250\" \/>\n\t<meta property=\"og:image:type\" content=\"image\/png\" \/>\n<meta name=\"twitter:label1\" content=\"Est. reading time\" \/>\n\t<meta name=\"twitter:data1\" content=\"4 minutos\" \/>\n<script type=\"application\/ld+json\" class=\"yoast-schema-graph\">{\"@context\":\"https:\\\/\\\/schema.org\",\"@graph\":[{\"@type\":\"WebPage\",\"@id\":\"https:\\\/\\\/www.sherex.com\\\/es\\\/unidad-de-calibracion-de-herramientas-manuales-sherex\\\/\",\"url\":\"https:\\\/\\\/www.sherex.com\\\/es\\\/unidad-de-calibracion-de-herramientas-manuales-sherex\\\/\",\"name\":\"Unidad de calibraci\u00f3n de herramientas manuales Sherex - Sherex Fastening Solutions\",\"isPartOf\":{\"@id\":\"https:\\\/\\\/www.sherex.com\\\/es\\\/#website\"},\"primaryImageOfPage\":{\"@id\":\"https:\\\/\\\/www.sherex.com\\\/es\\\/unidad-de-calibracion-de-herramientas-manuales-sherex\\\/#primaryimage\"},\"image\":{\"@id\":\"https:\\\/\\\/www.sherex.com\\\/es\\\/unidad-de-calibracion-de-herramientas-manuales-sherex\\\/#primaryimage\"},\"thumbnailUrl\":\"https:\\\/\\\/www.sherex.com\\\/wp-content\\\/uploads\\\/Webpage-Header-Cal-Unit.png\",\"datePublished\":\"2020-05-12T19:30:14+00:00\",\"dateModified\":\"2025-08-01T21:21:56+00:00\",\"description\":\"La unidad de calibraci\u00f3n de herramientas manuales Sherex puede mostrar la fuerza de tracci\u00f3n de herramientas neum\u00e1ticas e hidroneum\u00e1ticas para garantizar la instalaci\u00f3n perfecta de la tuerca remachable.\",\"breadcrumb\":{\"@id\":\"https:\\\/\\\/www.sherex.com\\\/es\\\/unidad-de-calibracion-de-herramientas-manuales-sherex\\\/#breadcrumb\"},\"inLanguage\":\"es\",\"potentialAction\":[{\"@type\":\"ReadAction\",\"target\":[\"https:\\\/\\\/www.sherex.com\\\/es\\\/unidad-de-calibracion-de-herramientas-manuales-sherex\\\/\"]}]},{\"@type\":\"ImageObject\",\"inLanguage\":\"es\",\"@id\":\"https:\\\/\\\/www.sherex.com\\\/es\\\/unidad-de-calibracion-de-herramientas-manuales-sherex\\\/#primaryimage\",\"url\":\"https:\\\/\\\/www.sherex.com\\\/wp-content\\\/uploads\\\/Webpage-Header-Cal-Unit.png\",\"contentUrl\":\"https:\\\/\\\/www.sherex.com\\\/wp-content\\\/uploads\\\/Webpage-Header-Cal-Unit.png\"},{\"@type\":\"BreadcrumbList\",\"@id\":\"https:\\\/\\\/www.sherex.com\\\/es\\\/unidad-de-calibracion-de-herramientas-manuales-sherex\\\/#breadcrumb\",\"itemListElement\":[{\"@type\":\"ListItem\",\"position\":1,\"name\":\"Home\",\"item\":\"https:\\\/\\\/www.sherex.com\\\/es\\\/\"},{\"@type\":\"ListItem\",\"position\":2,\"name\":\"Unidad de calibraci\u00f3n de herramientas manuales Sherex\"}]},{\"@type\":\"WebSite\",\"@id\":\"https:\\\/\\\/www.sherex.com\\\/es\\\/#website\",\"url\":\"https:\\\/\\\/www.sherex.com\\\/es\\\/\",\"name\":\"Sherex Fastening Solutions\",\"description\":\"\",\"potentialAction\":[{\"@type\":\"SearchAction\",\"target\":{\"@type\":\"EntryPoint\",\"urlTemplate\":\"https:\\\/\\\/www.sherex.com\\\/es\\\/?s={search_term_string}\"},\"query-input\":{\"@type\":\"PropertyValueSpecification\",\"valueRequired\":true,\"valueName\":\"search_term_string\"}}],\"inLanguage\":\"es\"}]}<\/script>\n<!-- \/ Yoast SEO plugin. -->","yoast_head_json":{"title":"Unidad de calibraci\u00f3n de herramientas manuales Sherex - Sherex Fastening Solutions","description":"La unidad de calibraci\u00f3n de herramientas manuales Sherex puede mostrar la fuerza de tracci\u00f3n de herramientas neum\u00e1ticas e hidroneum\u00e1ticas para garantizar la instalaci\u00f3n perfecta de la tuerca remachable.","robots":{"index":"index","follow":"follow","max-snippet":"max-snippet:-1","max-image-preview":"max-image-preview:large","max-video-preview":"max-video-preview:-1"},"canonical":"https:\/\/www.sherex.com\/es\/unidad-de-calibracion-de-herramientas-manuales-sherex\/","og_locale":"es_ES","og_type":"article","og_title":"Unidad de calibraci\u00f3n de herramientas manuales Sherex - Sherex Fastening Solutions","og_description":"La unidad de calibraci\u00f3n de herramientas manuales Sherex puede mostrar la fuerza de tracci\u00f3n de herramientas neum\u00e1ticas e hidroneum\u00e1ticas para garantizar la instalaci\u00f3n perfecta de la tuerca remachable.","og_url":"https:\/\/www.sherex.com\/es\/unidad-de-calibracion-de-herramientas-manuales-sherex\/","og_site_name":"Sherex Fastening Solutions","article_modified_time":"2025-08-01T21:21:56+00:00","og_image":[{"width":1000,"height":250,"url":"https:\/\/www.sherex.com\/wp-content\/uploads\/Webpage-Header-Cal-Unit.png","type":"image\/png"}],"twitter_misc":{"Est. reading time":"4 minutos"},"schema":{"@context":"https:\/\/schema.org","@graph":[{"@type":"WebPage","@id":"https:\/\/www.sherex.com\/es\/unidad-de-calibracion-de-herramientas-manuales-sherex\/","url":"https:\/\/www.sherex.com\/es\/unidad-de-calibracion-de-herramientas-manuales-sherex\/","name":"Unidad de calibraci\u00f3n de herramientas manuales Sherex - Sherex Fastening Solutions","isPartOf":{"@id":"https:\/\/www.sherex.com\/es\/#website"},"primaryImageOfPage":{"@id":"https:\/\/www.sherex.com\/es\/unidad-de-calibracion-de-herramientas-manuales-sherex\/#primaryimage"},"image":{"@id":"https:\/\/www.sherex.com\/es\/unidad-de-calibracion-de-herramientas-manuales-sherex\/#primaryimage"},"thumbnailUrl":"https:\/\/www.sherex.com\/wp-content\/uploads\/Webpage-Header-Cal-Unit.png","datePublished":"2020-05-12T19:30:14+00:00","dateModified":"2025-08-01T21:21:56+00:00","description":"La unidad de calibraci\u00f3n de herramientas manuales Sherex puede mostrar la fuerza de tracci\u00f3n de herramientas neum\u00e1ticas e hidroneum\u00e1ticas para garantizar la instalaci\u00f3n perfecta de la tuerca remachable.","breadcrumb":{"@id":"https:\/\/www.sherex.com\/es\/unidad-de-calibracion-de-herramientas-manuales-sherex\/#breadcrumb"},"inLanguage":"es","potentialAction":[{"@type":"ReadAction","target":["https:\/\/www.sherex.com\/es\/unidad-de-calibracion-de-herramientas-manuales-sherex\/"]}]},{"@type":"ImageObject","inLanguage":"es","@id":"https:\/\/www.sherex.com\/es\/unidad-de-calibracion-de-herramientas-manuales-sherex\/#primaryimage","url":"https:\/\/www.sherex.com\/wp-content\/uploads\/Webpage-Header-Cal-Unit.png","contentUrl":"https:\/\/www.sherex.com\/wp-content\/uploads\/Webpage-Header-Cal-Unit.png"},{"@type":"BreadcrumbList","@id":"https:\/\/www.sherex.com\/es\/unidad-de-calibracion-de-herramientas-manuales-sherex\/#breadcrumb","itemListElement":[{"@type":"ListItem","position":1,"name":"Home","item":"https:\/\/www.sherex.com\/es\/"},{"@type":"ListItem","position":2,"name":"Unidad de calibraci\u00f3n de herramientas manuales Sherex"}]},{"@type":"WebSite","@id":"https:\/\/www.sherex.com\/es\/#website","url":"https:\/\/www.sherex.com\/es\/","name":"Sherex Fastening Solutions","description":"","potentialAction":[{"@type":"SearchAction","target":{"@type":"EntryPoint","urlTemplate":"https:\/\/www.sherex.com\/es\/?s={search_term_string}"},"query-input":{"@type":"PropertyValueSpecification","valueRequired":true,"valueName":"search_term_string"}}],"inLanguage":"es"}]}},"_links":{"self":[{"href":"https:\/\/www.sherex.com\/es\/wp-json\/wp\/v2\/pages\/5459","targetHints":{"allow":["GET"]}}],"collection":[{"href":"https:\/\/www.sherex.com\/es\/wp-json\/wp\/v2\/pages"}],"about":[{"href":"https:\/\/www.sherex.com\/es\/wp-json\/wp\/v2\/types\/page"}],"author":[{"embeddable":true,"href":"https:\/\/www.sherex.com\/es\/wp-json\/wp\/v2\/users\/17"}],"replies":[{"embeddable":true,"href":"https:\/\/www.sherex.com\/es\/wp-json\/wp\/v2\/comments?post=5459"}],"version-history":[{"count":0,"href":"https:\/\/www.sherex.com\/es\/wp-json\/wp\/v2\/pages\/5459\/revisions"}],"wp:attachment":[{"href":"https:\/\/www.sherex.com\/es\/wp-json\/wp\/v2\/media?parent=5459"}],"curies":[{"name":"wp","href":"https:\/\/api.w.org\/{rel}","templated":true}]}}