{"id":5466,"date":"2023-02-14T15:15:11","date_gmt":"2023-02-14T19:15:11","guid":{"rendered":"https:\/\/www.sherex.com\/soluciones-para-maquinaria-de-construccion-y-agricultura\/"},"modified":"2024-11-19T03:20:09","modified_gmt":"2024-11-19T07:20:09","slug":"soluciones-para-maquinaria-de-construccion-y-agricultura","status":"publish","type":"page","link":"https:\/\/www.sherex.com\/es\/soluciones-para-maquinaria-de-construccion-y-agricultura\/","title":{"rendered":"Soluciones para maquinaria de construcci\u00f3n y agricultura"},"content":{"rendered":"<p><img loading=\"lazy\" decoding=\"async\" width=\"800\" height=\"241\" class=\"size-full wp-image-2465 aligncenter\" src=\"https:\/\/www.sherex.com\/wp-content\/uploads\/Con-Agg-Page-Header.png\" alt=\"\" srcset=\"https:\/\/www.sherex.com\/wp-content\/uploads\/Con-Agg-Page-Header.png 800w, https:\/\/www.sherex.com\/wp-content\/uploads\/Con-Agg-Page-Header-500x151.png 500w, https:\/\/www.sherex.com\/wp-content\/uploads\/Con-Agg-Page-Header-768x231.png 768w\" sizes=\"auto, (max-width: 709px) 85vw, (max-width: 909px) 67vw, (max-width: 1362px) 62vw, 840px\" \/><\/p>\n<p>Los equipos de construcci\u00f3n y agr\u00edcolas son pesados \u200b\u200by complejos. Deben ser confiables en condiciones dif\u00edciles, y sus partes giratorias, giratorias y vibrantes deben estar correctamente aseguradas para que el equipo funcione correctamente.<\/p>\n<p>Afortunadamente, Sherex tiene productos de sujeci\u00f3n innovadores para tractores, cosechadoras, gr\u00faas, cargadoras y otros veh\u00edculos grandes y pesados \u200b\u200bde la industria de equipos de construcci\u00f3n y agr\u00edcolas que los hacen m\u00e1s confiables y fortalecen sus estructuras y piezas contra los rigores de sus condiciones de trabajo.<\/p>\n<p>Las <a href=\"https:\/\/fasteners.sherex.com\/category\/all-categories-large-thread-rivet-nuts\">tuercas remachables de gran tama\u00f1o y resistentes<\/a> son las m\u00e1s populares para estos equipos. Ayudan a asegurar el exterior, como marcos de ventanas, espejos y puertas, al veh\u00edculo. Pero a pesar de lo grandes que son estas tuercas remachables (que van desde M12 a M16 \/ 1\/2\u201d a 3\/4\u201d), hemos suministrado millones de tuercas remachables n.\u00b0 10-32 a un cliente de la industria agr\u00edcola que tambi\u00e9n ensambla maquinaria pesada. Las <a href=\"https:\/\/fasteners.sherex.com\/category\/hex-body-rivet-nuts\">Tuercas remachables de cuerpo hexagonal<\/a> son los sujetadores de mejor rendimiento de Sherex y son adecuados para los rigores que los equipos agr\u00edcolas y de construcci\u00f3n soportan todos los d\u00edas.<\/p>\n<div id=\"attachment_2411\" class=\"aligncenter\" width=\"\"><a href=\"https:\/\/www.sherex.com\/wp-content\/uploads\/Con-Agg-Graphic.jpg\" target=\"_blank\" rel=\"noopener\"><img loading=\"lazy\" decoding=\"async\" class=\"wp-image-2411\" src=\"https:\/\/www.sherex.com\/wp-content\/uploads\/Con-Agg-Graphic-1024x522.jpg\" alt=\"\" width=\"480\" height=\"245\" srcset=\"https:\/\/www.sherex.com\/wp-content\/uploads\/Con-Agg-Graphic-1024x522.jpg 1024w, https:\/\/www.sherex.com\/wp-content\/uploads\/Con-Agg-Graphic-500x255.jpg 500w, https:\/\/www.sherex.com\/wp-content\/uploads\/Con-Agg-Graphic-768x392.jpg 768w, https:\/\/www.sherex.com\/wp-content\/uploads\/Con-Agg-Graphic-1536x784.jpg 1536w, https:\/\/www.sherex.com\/wp-content\/uploads\/Con-Agg-Graphic.jpg 1580w\" sizes=\"auto, (max-width: 709px) 85vw, (max-width: 909px) 67vw, (max-width: 1362px) 62vw, 840px\" \/><\/a> <span style=\"display:block;\">Haga clic para expandir<\/span><\/div>\n<p>Una de las partes m\u00e1s caras de estas grandes m\u00e1quinas de movimiento de tierra, como excavadoras, tractores o camiones volquete, son las ruedas. Las <a href=\"https:\/\/fasteners.sherex.com\/category\/disc-lock-wedge-locking-nuts\">Las tuercas de seguridad para ruedas de Disc-Lock<\/a> son una soluci\u00f3n relativamente econ\u00f3mica para mantener el neum\u00e1tico seguro y evitar que se salga una rueda. Con muchas paradas y movimientos y vibraciones, no pasar\u00e1 mucho tiempo hasta que el neum\u00e1tico se afloje, se salga y provoque lesiones o da\u00f1os. Las <a href=\"\/es\/arandelas-y-tuercas-de-bloqueo-de-cuna-prevencion-del-aflojamiento-por-vibracion\/\">Arandelas de seguridad de la serie TEC y de Disc-Lock<\/a> ayudan a evitar que las juntas se aflojen debido a la vibraci\u00f3n y se encuentran en una variedad de tama\u00f1os diferentes en tractores, cosechadoras y otros equipos agr\u00edcolas.<\/p>\n<p>Los tractores, cosechadoras y otros equipos agr\u00edcolas cuentan con una gran cantidad de acero para construir y fabricar estas enormes m\u00e1quinas. Esto no solo requiere sujetadores de acero o acero inoxidable, sino que, ante condiciones clim\u00e1ticas adversas, Sherex ofrece aerosoles o recubrimientos adicionales para ayudar a prevenir la corrosi\u00f3n de las juntas tambi\u00e9n.<\/p>\n","protected":false},"excerpt":{"rendered":"<p>Los equipos de construcci\u00f3n y agr\u00edcolas son pesados \u200b\u200by complejos. Deben ser confiables en condiciones dif\u00edciles, y sus partes giratorias, giratorias y vibrantes deben estar correctamente aseguradas para que el equipo funcione correctamente. Afortunadamente, Sherex tiene productos de sujeci\u00f3n innovadores para tractores, cosechadoras, gr\u00faas, cargadoras y otros veh\u00edculos grandes y pesados \u200b\u200bde la industria de [&hellip;]<\/p>\n","protected":false},"author":17,"featured_media":0,"parent":0,"menu_order":0,"comment_status":"closed","ping_status":"closed","template":"","meta":{"_acf_changed":false,"om_disable_all_campaigns":false,"inline_featured_image":false,"_monsterinsights_skip_tracking":false,"_monsterinsights_sitenote_active":false,"_monsterinsights_sitenote_note":"","_monsterinsights_sitenote_category":0,"_uf_show_specific_survey":0,"_uf_disable_surveys":false,"footnotes":""},"class_list":["post-5466","page","type-page","status-publish","hentry"],"acf":[],"yoast_head":"<!-- This site is optimized with the Yoast SEO plugin v27.3 - https:\/\/yoast.com\/product\/yoast-seo-wordpress\/ -->\n<title>Elementos de fijaci\u00f3n para maquinaria agr\u00edcola y de construcci\u00f3n | Sherex<\/title>\n<meta name=\"description\" content=\"Sherex tiene una variedad de soluciones para la construcci\u00f3n y la agricultura, incluidos pernos con tuercas remachables, tuercas remachables, tuercas de remache y mucho m\u00e1s.\" \/>\n<meta name=\"robots\" content=\"index, follow, max-snippet:-1, max-image-preview:large, max-video-preview:-1\" \/>\n<link rel=\"canonical\" href=\"https:\/\/www.sherex.com\/es\/soluciones-para-maquinaria-de-construccion-y-agricultura\/\" \/>\n<meta property=\"og:locale\" content=\"es_ES\" \/>\n<meta property=\"og:type\" content=\"article\" \/>\n<meta property=\"og:title\" content=\"Elementos de fijaci\u00f3n para maquinaria agr\u00edcola y de construcci\u00f3n | Sherex\" \/>\n<meta property=\"og:description\" content=\"Sherex tiene una variedad de soluciones para la construcci\u00f3n y la agricultura, incluidos pernos con tuercas remachables, tuercas remachables, tuercas de remache y mucho m\u00e1s.\" \/>\n<meta property=\"og:url\" content=\"https:\/\/www.sherex.com\/es\/soluciones-para-maquinaria-de-construccion-y-agricultura\/\" \/>\n<meta property=\"og:site_name\" content=\"Sherex Fastening Solutions\" \/>\n<meta property=\"article:modified_time\" content=\"2024-11-19T07:20:09+00:00\" \/>\n<meta property=\"og:image\" content=\"https:\/\/www.sherex.com\/wp-content\/uploads\/Con-Agg-Page-Header.png\" \/>\n<meta name=\"twitter:label1\" content=\"Est. reading time\" \/>\n\t<meta name=\"twitter:data1\" content=\"5 minutos\" \/>\n<script type=\"application\/ld+json\" class=\"yoast-schema-graph\">{\"@context\":\"https:\\\/\\\/schema.org\",\"@graph\":[{\"@type\":\"WebPage\",\"@id\":\"https:\\\/\\\/www.sherex.com\\\/es\\\/soluciones-para-maquinaria-de-construccion-y-agricultura\\\/\",\"url\":\"https:\\\/\\\/www.sherex.com\\\/es\\\/soluciones-para-maquinaria-de-construccion-y-agricultura\\\/\",\"name\":\"Elementos de fijaci\u00f3n para maquinaria agr\u00edcola y de construcci\u00f3n | Sherex\",\"isPartOf\":{\"@id\":\"https:\\\/\\\/www.sherex.com\\\/es\\\/#website\"},\"primaryImageOfPage\":{\"@id\":\"https:\\\/\\\/www.sherex.com\\\/es\\\/soluciones-para-maquinaria-de-construccion-y-agricultura\\\/#primaryimage\"},\"image\":{\"@id\":\"https:\\\/\\\/www.sherex.com\\\/es\\\/soluciones-para-maquinaria-de-construccion-y-agricultura\\\/#primaryimage\"},\"thumbnailUrl\":\"https:\\\/\\\/www.sherex.com\\\/wp-content\\\/uploads\\\/Con-Agg-Page-Header.png\",\"datePublished\":\"2023-02-14T19:15:11+00:00\",\"dateModified\":\"2024-11-19T07:20:09+00:00\",\"description\":\"Sherex tiene una variedad de soluciones para la construcci\u00f3n y la agricultura, incluidos pernos con tuercas remachables, tuercas remachables, tuercas de remache y mucho m\u00e1s.\",\"breadcrumb\":{\"@id\":\"https:\\\/\\\/www.sherex.com\\\/es\\\/soluciones-para-maquinaria-de-construccion-y-agricultura\\\/#breadcrumb\"},\"inLanguage\":\"es\",\"potentialAction\":[{\"@type\":\"ReadAction\",\"target\":[\"https:\\\/\\\/www.sherex.com\\\/es\\\/soluciones-para-maquinaria-de-construccion-y-agricultura\\\/\"]}]},{\"@type\":\"ImageObject\",\"inLanguage\":\"es\",\"@id\":\"https:\\\/\\\/www.sherex.com\\\/es\\\/soluciones-para-maquinaria-de-construccion-y-agricultura\\\/#primaryimage\",\"url\":\"https:\\\/\\\/www.sherex.com\\\/wp-content\\\/uploads\\\/Con-Agg-Page-Header.png\",\"contentUrl\":\"https:\\\/\\\/www.sherex.com\\\/wp-content\\\/uploads\\\/Con-Agg-Page-Header.png\"},{\"@type\":\"BreadcrumbList\",\"@id\":\"https:\\\/\\\/www.sherex.com\\\/es\\\/soluciones-para-maquinaria-de-construccion-y-agricultura\\\/#breadcrumb\",\"itemListElement\":[{\"@type\":\"ListItem\",\"position\":1,\"name\":\"Home\",\"item\":\"https:\\\/\\\/www.sherex.com\\\/es\\\/\"},{\"@type\":\"ListItem\",\"position\":2,\"name\":\"Soluciones para maquinaria de construcci\u00f3n y agricultura\"}]},{\"@type\":\"WebSite\",\"@id\":\"https:\\\/\\\/www.sherex.com\\\/es\\\/#website\",\"url\":\"https:\\\/\\\/www.sherex.com\\\/es\\\/\",\"name\":\"Sherex Fastening Solutions\",\"description\":\"\",\"potentialAction\":[{\"@type\":\"SearchAction\",\"target\":{\"@type\":\"EntryPoint\",\"urlTemplate\":\"https:\\\/\\\/www.sherex.com\\\/es\\\/?s={search_term_string}\"},\"query-input\":{\"@type\":\"PropertyValueSpecification\",\"valueRequired\":true,\"valueName\":\"search_term_string\"}}],\"inLanguage\":\"es\"}]}<\/script>\n<!-- \/ Yoast SEO plugin. -->","yoast_head_json":{"title":"Elementos de fijaci\u00f3n para maquinaria agr\u00edcola y de construcci\u00f3n | Sherex","description":"Sherex tiene una variedad de soluciones para la construcci\u00f3n y la agricultura, incluidos pernos con tuercas remachables, tuercas remachables, tuercas de remache y mucho m\u00e1s.","robots":{"index":"index","follow":"follow","max-snippet":"max-snippet:-1","max-image-preview":"max-image-preview:large","max-video-preview":"max-video-preview:-1"},"canonical":"https:\/\/www.sherex.com\/es\/soluciones-para-maquinaria-de-construccion-y-agricultura\/","og_locale":"es_ES","og_type":"article","og_title":"Elementos de fijaci\u00f3n para maquinaria agr\u00edcola y de construcci\u00f3n | Sherex","og_description":"Sherex tiene una variedad de soluciones para la construcci\u00f3n y la agricultura, incluidos pernos con tuercas remachables, tuercas remachables, tuercas de remache y mucho m\u00e1s.","og_url":"https:\/\/www.sherex.com\/es\/soluciones-para-maquinaria-de-construccion-y-agricultura\/","og_site_name":"Sherex Fastening Solutions","article_modified_time":"2024-11-19T07:20:09+00:00","og_image":[{"url":"https:\/\/www.sherex.com\/wp-content\/uploads\/Con-Agg-Page-Header.png","type":"","width":"","height":""}],"twitter_misc":{"Est. reading time":"5 minutos"},"schema":{"@context":"https:\/\/schema.org","@graph":[{"@type":"WebPage","@id":"https:\/\/www.sherex.com\/es\/soluciones-para-maquinaria-de-construccion-y-agricultura\/","url":"https:\/\/www.sherex.com\/es\/soluciones-para-maquinaria-de-construccion-y-agricultura\/","name":"Elementos de fijaci\u00f3n para maquinaria agr\u00edcola y de construcci\u00f3n | Sherex","isPartOf":{"@id":"https:\/\/www.sherex.com\/es\/#website"},"primaryImageOfPage":{"@id":"https:\/\/www.sherex.com\/es\/soluciones-para-maquinaria-de-construccion-y-agricultura\/#primaryimage"},"image":{"@id":"https:\/\/www.sherex.com\/es\/soluciones-para-maquinaria-de-construccion-y-agricultura\/#primaryimage"},"thumbnailUrl":"https:\/\/www.sherex.com\/wp-content\/uploads\/Con-Agg-Page-Header.png","datePublished":"2023-02-14T19:15:11+00:00","dateModified":"2024-11-19T07:20:09+00:00","description":"Sherex tiene una variedad de soluciones para la construcci\u00f3n y la agricultura, incluidos pernos con tuercas remachables, tuercas remachables, tuercas de remache y mucho m\u00e1s.","breadcrumb":{"@id":"https:\/\/www.sherex.com\/es\/soluciones-para-maquinaria-de-construccion-y-agricultura\/#breadcrumb"},"inLanguage":"es","potentialAction":[{"@type":"ReadAction","target":["https:\/\/www.sherex.com\/es\/soluciones-para-maquinaria-de-construccion-y-agricultura\/"]}]},{"@type":"ImageObject","inLanguage":"es","@id":"https:\/\/www.sherex.com\/es\/soluciones-para-maquinaria-de-construccion-y-agricultura\/#primaryimage","url":"https:\/\/www.sherex.com\/wp-content\/uploads\/Con-Agg-Page-Header.png","contentUrl":"https:\/\/www.sherex.com\/wp-content\/uploads\/Con-Agg-Page-Header.png"},{"@type":"BreadcrumbList","@id":"https:\/\/www.sherex.com\/es\/soluciones-para-maquinaria-de-construccion-y-agricultura\/#breadcrumb","itemListElement":[{"@type":"ListItem","position":1,"name":"Home","item":"https:\/\/www.sherex.com\/es\/"},{"@type":"ListItem","position":2,"name":"Soluciones para maquinaria de construcci\u00f3n y agricultura"}]},{"@type":"WebSite","@id":"https:\/\/www.sherex.com\/es\/#website","url":"https:\/\/www.sherex.com\/es\/","name":"Sherex Fastening Solutions","description":"","potentialAction":[{"@type":"SearchAction","target":{"@type":"EntryPoint","urlTemplate":"https:\/\/www.sherex.com\/es\/?s={search_term_string}"},"query-input":{"@type":"PropertyValueSpecification","valueRequired":true,"valueName":"search_term_string"}}],"inLanguage":"es"}]}},"_links":{"self":[{"href":"https:\/\/www.sherex.com\/es\/wp-json\/wp\/v2\/pages\/5466","targetHints":{"allow":["GET"]}}],"collection":[{"href":"https:\/\/www.sherex.com\/es\/wp-json\/wp\/v2\/pages"}],"about":[{"href":"https:\/\/www.sherex.com\/es\/wp-json\/wp\/v2\/types\/page"}],"author":[{"embeddable":true,"href":"https:\/\/www.sherex.com\/es\/wp-json\/wp\/v2\/users\/17"}],"replies":[{"embeddable":true,"href":"https:\/\/www.sherex.com\/es\/wp-json\/wp\/v2\/comments?post=5466"}],"version-history":[{"count":0,"href":"https:\/\/www.sherex.com\/es\/wp-json\/wp\/v2\/pages\/5466\/revisions"}],"wp:attachment":[{"href":"https:\/\/www.sherex.com\/es\/wp-json\/wp\/v2\/media?parent=5466"}],"curies":[{"name":"wp","href":"https:\/\/api.w.org\/{rel}","templated":true}]}}