{"id":5710,"date":"2023-07-27T13:14:37","date_gmt":"2023-07-27T17:14:37","guid":{"rendered":"https:\/\/www.sherex.com\/disc-lock-m22-veiligheidswielmoer\/"},"modified":"2025-08-01T17:12:50","modified_gmt":"2025-08-01T21:12:50","slug":"disc-lock-m22-veiligheidswielmoer","status":"publish","type":"page","link":"https:\/\/www.sherex.com\/nl\/disc-lock-m22-veiligheidswielmoer\/","title":{"rendered":"Disc-Lock M22 Veiligheidswielmoer"},"content":{"rendered":"<p><img loading=\"lazy\" decoding=\"async\" class=\"aligncenter wp-image-2638 size-full\" src=\"https:\/\/www.sherex.com\/wp-content\/uploads\/M22-Disc-Lock-Safety-Wheel-Nut-pg-banner.png\" title=\"Disc-Lock M22 Veiligheidswielmoer\" alt=\"Disc-Lock M22 Veiligheidswielmoer\" width=\"800\" height=\"183\" srcset=\"https:\/\/www.sherex.com\/wp-content\/uploads\/M22-Disc-Lock-Safety-Wheel-Nut-pg-banner.png 800w, https:\/\/www.sherex.com\/wp-content\/uploads\/M22-Disc-Lock-Safety-Wheel-Nut-pg-banner-500x114.png 500w, https:\/\/www.sherex.com\/wp-content\/uploads\/M22-Disc-Lock-Safety-Wheel-Nut-pg-banner-768x176.png 768w\" sizes=\"auto, (max-width: 709px) 85vw, (max-width: 909px) 67vw, (max-width: 1362px) 62vw, 840px\" \/><\/p>\n<p>De <a href=\"https:\/\/fasteners.sherex.com\/item\/disc-lock-wedge-locking-nuts\/disc-lock-three-piece-wedge-locking-nuts\/ln-sw-m22x1-5g\">M22 Safety Wheel Nut<\/a> van Disc-Lock is een 3-delige, klasse 10 wigvormige wielmoer die helpt voorkomen dat wielen losraken en uiteindelijk gevaarlijke wielafzettingen door trillingen. Ze zijn ontworpen om conventionele wielmoeren op commerci\u00eble en militaire voertuigen te vervangen.<\/p>\n<p><img loading=\"lazy\" decoding=\"async\" class=\"aligncenter wp-image-2639 \" src=\"https:\/\/www.sherex.com\/wp-content\/uploads\/Wheel-Nut-Bunch-500x212.jpg\" title=\"Disc-Lock M22 Veiligheidswielmoer\" alt=\"Disc-Lock M22 Veiligheidswielmoer\" width=\"328\" height=\"139\" srcset=\"https:\/\/www.sherex.com\/wp-content\/uploads\/Wheel-Nut-Bunch-500x212.jpg 500w, https:\/\/www.sherex.com\/wp-content\/uploads\/Wheel-Nut-Bunch-1024x435.jpg 1024w, https:\/\/www.sherex.com\/wp-content\/uploads\/Wheel-Nut-Bunch-768x326.jpg 768w, https:\/\/www.sherex.com\/wp-content\/uploads\/Wheel-Nut-Bunch-1536x652.jpg 1536w, https:\/\/www.sherex.com\/wp-content\/uploads\/Wheel-Nut-Bunch-2048x870.jpg 2048w\" sizes=\"auto, (max-width: 709px) 85vw, (max-width: 909px) 67vw, (max-width: 1362px) 62vw, 840px\" \/><\/p>\n<p><strong>Hoe de veiligheidswielmoer van Disc-Lock werkt<\/strong><\/p>\n<p>Commerci\u00eble voertuigen zijn gebouwd voor een veel zwaarder leven dan niet-commerci\u00eble voertuigen, maar de wielmoeren die bij commerci\u00eble voertuigen worden geleverd, hebben dezelfde prestaties als lichtere auto&#8217;s en vrachtwagens. Commerci\u00eble voertuigen hebben te maken met meer trillingen, gewicht, remmen, hitte, zijwaartse buiging door bochten en meer acceleratie en remmen met zware ladingen. Deze factoren dragen bij aan verzakking en losheid van normale geboute wielassemblages.<\/p>\n<p><img loading=\"lazy\" decoding=\"async\" class=\"wp-image-1454 alignright\" src=\"https:\/\/www.sherex.com\/wp-content\/uploads\/Locking-Nut-Technology-300x200.jpg\" title=\"Technologie met borgmoeren\" alt=\"Technologie met borgmoeren\" width=\"200\" height=\"133\" \/>Wanneer losraken begint op te treden, gebruiken de Safety Wheel Nuts van Disc-Lock <a href=\"https:\/\/www.sherex.com\/nl\/wigborgringen-en-moeren-voorkomen-van-losraken-door-trillingen\/\">wigvergrendelingstechnologie<\/a> om de klemkracht te behouden, aangezien de moer de wig niet kan overwinnen en los kan raken. De in elkaar grijpende nokken van de Safety Wheel Nut cre\u00ebren een wigeffect omdat de nokhoeken groter zijn dan de schroefdraad, waardoor de verbinding wordt vastgezet.<\/p>\n<p>De Safety Wheel Nuts van Disc-Lock zijn een eenvoudige en effectieve manier om te voorkomen dat wielen van trekkers, bussen, vuilniswagens, kiepwagens en militaire voertuigen afraken. Ze zijn een goedkope investering vergeleken met het geld dat bespaard wordt op dure rechtszaken als er een wiel afgaat &#8212; de NTSB schat dat er jaarlijks zo&#8217;n 750 tot 1.000 vrachtwagens betrokken zijn bij incidenten waarbij er een wiel afgaat.<\/p>\n<p>Van alle voertuigen die een Disc-Lock Wheel Nut gebruiken, is er geen enkele keer een wiel afgegaan. <a href=\"https:\/\/www.sherex.com\/wp-content\/uploads\/Wheel-Nut-Case-Study.pdf\" target=\"_blank\" rel=\"noopener\">Lees onze casestudy<\/a> over een schoolbusvloot die kostbare rechtszaken kon beperken door Safety Wheel Nuts op hun bussen te gebruiken.<\/p>\n","protected":false},"excerpt":{"rendered":"<p>De M22 Safety Wheel Nut van Disc-Lock is een 3-delige, klasse 10 wigvormige wielmoer die helpt voorkomen dat wielen losraken en uiteindelijk gevaarlijke wielafzettingen door trillingen. Ze zijn ontworpen om conventionele wielmoeren op commerci\u00eble en militaire voertuigen te vervangen. Hoe de veiligheidswielmoer van Disc-Lock werkt Commerci\u00eble voertuigen zijn gebouwd voor een veel zwaarder leven dan [&hellip;]<\/p>\n","protected":false},"author":17,"featured_media":0,"parent":0,"menu_order":0,"comment_status":"closed","ping_status":"closed","template":"","meta":{"_acf_changed":false,"om_disable_all_campaigns":false,"inline_featured_image":false,"_monsterinsights_skip_tracking":false,"_monsterinsights_sitenote_active":false,"_monsterinsights_sitenote_note":"","_monsterinsights_sitenote_category":0,"_uf_show_specific_survey":0,"_uf_disable_surveys":false,"footnotes":""},"class_list":["post-5710","page","type-page","status-publish","hentry"],"acf":[],"yoast_head":"<!-- This site is optimized with the Yoast SEO plugin v27.4 - https:\/\/yoast.com\/product\/yoast-seo-wordpress\/ -->\n<title>Disc-Lock M22 Veiligheidswielmoer - Sherex Fastening Solutions<\/title>\n<meta name=\"description\" content=\"De Disc-Lock Safety Wheel Nut voorkomt dat het wiel eraf valt door gebruik te maken van wigvergrendelingstechnologie om het wiel vast te zetten! Wordt gebruikt door veel vrachtwagenvloten!\" \/>\n<meta name=\"robots\" content=\"index, follow, max-snippet:-1, max-image-preview:large, max-video-preview:-1\" \/>\n<link rel=\"canonical\" href=\"https:\/\/www.sherex.com\/nl\/disc-lock-m22-veiligheidswielmoer\/\" \/>\n<meta property=\"og:locale\" content=\"nl_NL\" \/>\n<meta property=\"og:type\" content=\"article\" \/>\n<meta property=\"og:title\" content=\"Disc-Lock M22 Veiligheidswielmoer - Sherex Fastening Solutions\" \/>\n<meta property=\"og:description\" content=\"De Disc-Lock Safety Wheel Nut voorkomt dat het wiel eraf valt door gebruik te maken van wigvergrendelingstechnologie om het wiel vast te zetten! Wordt gebruikt door veel vrachtwagenvloten!\" \/>\n<meta property=\"og:url\" content=\"https:\/\/www.sherex.com\/nl\/disc-lock-m22-veiligheidswielmoer\/\" \/>\n<meta property=\"og:site_name\" content=\"Sherex Fastening Solutions\" \/>\n<meta property=\"article:modified_time\" content=\"2025-08-01T21:12:50+00:00\" \/>\n<meta property=\"og:image\" content=\"https:\/\/www.sherex.com\/wp-content\/uploads\/M22-Disc-Lock-Safety-Wheel-Nut-pg-banner.png\" \/>\n\t<meta property=\"og:image:width\" content=\"800\" \/>\n\t<meta property=\"og:image:height\" content=\"183\" \/>\n\t<meta property=\"og:image:type\" content=\"image\/png\" \/>\n<meta name=\"twitter:label1\" content=\"Est. reading time\" \/>\n\t<meta name=\"twitter:data1\" content=\"3 minuten\" \/>\n<script type=\"application\/ld+json\" class=\"yoast-schema-graph\">{\"@context\":\"https:\\\/\\\/schema.org\",\"@graph\":[{\"@type\":\"WebPage\",\"@id\":\"https:\\\/\\\/www.sherex.com\\\/nl\\\/disc-lock-m22-veiligheidswielmoer\\\/\",\"url\":\"https:\\\/\\\/www.sherex.com\\\/nl\\\/disc-lock-m22-veiligheidswielmoer\\\/\",\"name\":\"Disc-Lock M22 Veiligheidswielmoer - Sherex Fastening Solutions\",\"isPartOf\":{\"@id\":\"https:\\\/\\\/www.sherex.com\\\/nl\\\/#website\"},\"primaryImageOfPage\":{\"@id\":\"https:\\\/\\\/www.sherex.com\\\/nl\\\/disc-lock-m22-veiligheidswielmoer\\\/#primaryimage\"},\"image\":{\"@id\":\"https:\\\/\\\/www.sherex.com\\\/nl\\\/disc-lock-m22-veiligheidswielmoer\\\/#primaryimage\"},\"thumbnailUrl\":\"https:\\\/\\\/www.sherex.com\\\/wp-content\\\/uploads\\\/M22-Disc-Lock-Safety-Wheel-Nut-pg-banner.png\",\"datePublished\":\"2023-07-27T17:14:37+00:00\",\"dateModified\":\"2025-08-01T21:12:50+00:00\",\"description\":\"De Disc-Lock Safety Wheel Nut voorkomt dat het wiel eraf valt door gebruik te maken van wigvergrendelingstechnologie om het wiel vast te zetten! Wordt gebruikt door veel vrachtwagenvloten!\",\"breadcrumb\":{\"@id\":\"https:\\\/\\\/www.sherex.com\\\/nl\\\/disc-lock-m22-veiligheidswielmoer\\\/#breadcrumb\"},\"inLanguage\":\"nl-NL\",\"potentialAction\":[{\"@type\":\"ReadAction\",\"target\":[\"https:\\\/\\\/www.sherex.com\\\/nl\\\/disc-lock-m22-veiligheidswielmoer\\\/\"]}]},{\"@type\":\"ImageObject\",\"inLanguage\":\"nl-NL\",\"@id\":\"https:\\\/\\\/www.sherex.com\\\/nl\\\/disc-lock-m22-veiligheidswielmoer\\\/#primaryimage\",\"url\":\"https:\\\/\\\/www.sherex.com\\\/wp-content\\\/uploads\\\/M22-Disc-Lock-Safety-Wheel-Nut-pg-banner.png\",\"contentUrl\":\"https:\\\/\\\/www.sherex.com\\\/wp-content\\\/uploads\\\/M22-Disc-Lock-Safety-Wheel-Nut-pg-banner.png\"},{\"@type\":\"BreadcrumbList\",\"@id\":\"https:\\\/\\\/www.sherex.com\\\/nl\\\/disc-lock-m22-veiligheidswielmoer\\\/#breadcrumb\",\"itemListElement\":[{\"@type\":\"ListItem\",\"position\":1,\"name\":\"Home\",\"item\":\"https:\\\/\\\/www.sherex.com\\\/nl\\\/\"},{\"@type\":\"ListItem\",\"position\":2,\"name\":\"Disc-Lock M22 Veiligheidswielmoer\"}]},{\"@type\":\"WebSite\",\"@id\":\"https:\\\/\\\/www.sherex.com\\\/nl\\\/#website\",\"url\":\"https:\\\/\\\/www.sherex.com\\\/nl\\\/\",\"name\":\"Sherex Fastening Solutions\",\"description\":\"\",\"potentialAction\":[{\"@type\":\"SearchAction\",\"target\":{\"@type\":\"EntryPoint\",\"urlTemplate\":\"https:\\\/\\\/www.sherex.com\\\/nl\\\/?s={search_term_string}\"},\"query-input\":{\"@type\":\"PropertyValueSpecification\",\"valueRequired\":true,\"valueName\":\"search_term_string\"}}],\"inLanguage\":\"nl-NL\"}]}<\/script>\n<!-- \/ Yoast SEO plugin. -->","yoast_head_json":{"title":"Disc-Lock M22 Veiligheidswielmoer - Sherex Fastening Solutions","description":"De Disc-Lock Safety Wheel Nut voorkomt dat het wiel eraf valt door gebruik te maken van wigvergrendelingstechnologie om het wiel vast te zetten! Wordt gebruikt door veel vrachtwagenvloten!","robots":{"index":"index","follow":"follow","max-snippet":"max-snippet:-1","max-image-preview":"max-image-preview:large","max-video-preview":"max-video-preview:-1"},"canonical":"https:\/\/www.sherex.com\/nl\/disc-lock-m22-veiligheidswielmoer\/","og_locale":"nl_NL","og_type":"article","og_title":"Disc-Lock M22 Veiligheidswielmoer - Sherex Fastening Solutions","og_description":"De Disc-Lock Safety Wheel Nut voorkomt dat het wiel eraf valt door gebruik te maken van wigvergrendelingstechnologie om het wiel vast te zetten! Wordt gebruikt door veel vrachtwagenvloten!","og_url":"https:\/\/www.sherex.com\/nl\/disc-lock-m22-veiligheidswielmoer\/","og_site_name":"Sherex Fastening Solutions","article_modified_time":"2025-08-01T21:12:50+00:00","og_image":[{"width":800,"height":183,"url":"https:\/\/www.sherex.com\/wp-content\/uploads\/M22-Disc-Lock-Safety-Wheel-Nut-pg-banner.png","type":"image\/png"}],"twitter_misc":{"Est. reading time":"3 minuten"},"schema":{"@context":"https:\/\/schema.org","@graph":[{"@type":"WebPage","@id":"https:\/\/www.sherex.com\/nl\/disc-lock-m22-veiligheidswielmoer\/","url":"https:\/\/www.sherex.com\/nl\/disc-lock-m22-veiligheidswielmoer\/","name":"Disc-Lock M22 Veiligheidswielmoer - Sherex Fastening Solutions","isPartOf":{"@id":"https:\/\/www.sherex.com\/nl\/#website"},"primaryImageOfPage":{"@id":"https:\/\/www.sherex.com\/nl\/disc-lock-m22-veiligheidswielmoer\/#primaryimage"},"image":{"@id":"https:\/\/www.sherex.com\/nl\/disc-lock-m22-veiligheidswielmoer\/#primaryimage"},"thumbnailUrl":"https:\/\/www.sherex.com\/wp-content\/uploads\/M22-Disc-Lock-Safety-Wheel-Nut-pg-banner.png","datePublished":"2023-07-27T17:14:37+00:00","dateModified":"2025-08-01T21:12:50+00:00","description":"De Disc-Lock Safety Wheel Nut voorkomt dat het wiel eraf valt door gebruik te maken van wigvergrendelingstechnologie om het wiel vast te zetten! Wordt gebruikt door veel vrachtwagenvloten!","breadcrumb":{"@id":"https:\/\/www.sherex.com\/nl\/disc-lock-m22-veiligheidswielmoer\/#breadcrumb"},"inLanguage":"nl-NL","potentialAction":[{"@type":"ReadAction","target":["https:\/\/www.sherex.com\/nl\/disc-lock-m22-veiligheidswielmoer\/"]}]},{"@type":"ImageObject","inLanguage":"nl-NL","@id":"https:\/\/www.sherex.com\/nl\/disc-lock-m22-veiligheidswielmoer\/#primaryimage","url":"https:\/\/www.sherex.com\/wp-content\/uploads\/M22-Disc-Lock-Safety-Wheel-Nut-pg-banner.png","contentUrl":"https:\/\/www.sherex.com\/wp-content\/uploads\/M22-Disc-Lock-Safety-Wheel-Nut-pg-banner.png"},{"@type":"BreadcrumbList","@id":"https:\/\/www.sherex.com\/nl\/disc-lock-m22-veiligheidswielmoer\/#breadcrumb","itemListElement":[{"@type":"ListItem","position":1,"name":"Home","item":"https:\/\/www.sherex.com\/nl\/"},{"@type":"ListItem","position":2,"name":"Disc-Lock M22 Veiligheidswielmoer"}]},{"@type":"WebSite","@id":"https:\/\/www.sherex.com\/nl\/#website","url":"https:\/\/www.sherex.com\/nl\/","name":"Sherex Fastening Solutions","description":"","potentialAction":[{"@type":"SearchAction","target":{"@type":"EntryPoint","urlTemplate":"https:\/\/www.sherex.com\/nl\/?s={search_term_string}"},"query-input":{"@type":"PropertyValueSpecification","valueRequired":true,"valueName":"search_term_string"}}],"inLanguage":"nl-NL"}]}},"_links":{"self":[{"href":"https:\/\/www.sherex.com\/nl\/wp-json\/wp\/v2\/pages\/5710","targetHints":{"allow":["GET"]}}],"collection":[{"href":"https:\/\/www.sherex.com\/nl\/wp-json\/wp\/v2\/pages"}],"about":[{"href":"https:\/\/www.sherex.com\/nl\/wp-json\/wp\/v2\/types\/page"}],"author":[{"embeddable":true,"href":"https:\/\/www.sherex.com\/nl\/wp-json\/wp\/v2\/users\/17"}],"replies":[{"embeddable":true,"href":"https:\/\/www.sherex.com\/nl\/wp-json\/wp\/v2\/comments?post=5710"}],"version-history":[{"count":0,"href":"https:\/\/www.sherex.com\/nl\/wp-json\/wp\/v2\/pages\/5710\/revisions"}],"wp:attachment":[{"href":"https:\/\/www.sherex.com\/nl\/wp-json\/wp\/v2\/media?parent=5710"}],"curies":[{"name":"wp","href":"https:\/\/api.w.org\/{rel}","templated":true}]}}