{"id":5481,"date":"2022-03-15T15:14:17","date_gmt":"2022-03-15T19:14:17","guid":{"rendered":"https:\/\/www.sherex.com\/o\/sherex-poland\/"},"modified":"2024-11-15T01:39:12","modified_gmt":"2024-11-15T05:39:12","slug":"sherex-poland","status":"publish","type":"page","link":"https:\/\/www.sherex.com\/pl\/o\/sherex-poland\/","title":{"rendered":"Sherex Polska"},"content":{"rendered":"<p><img loading=\"lazy\" decoding=\"async\" class=\"aligncenter wp-image-2182 \" src=\"https:\/\/www.sherex.com\/wp-content\/uploads\/Warsaw-Page-Header-1.png\" alt=\"\" width=\"693\" height=\"198\" srcset=\"https:\/\/www.sherex.com\/wp-content\/uploads\/Warsaw-Page-Header-1.png 800w, https:\/\/www.sherex.com\/wp-content\/uploads\/Warsaw-Page-Header-1-500x143.png 500w, https:\/\/www.sherex.com\/wp-content\/uploads\/Warsaw-Page-Header-1-768x220.png 768w\" sizes=\"auto, (max-width: 709px) 85vw, (max-width: 909px) 67vw, (max-width: 1362px) 62vw, 840px\" \/><\/p>\n<h4 style=\"text-align: center;\">Sprzeda\u017c, magazynowanie i in\u017cynieria element\u00f3w z\u0142\u0105cznych Sherex na Europ\u0119<\/h4>\n<p><strong>Sherex Poland<\/strong> to nowe centrum sprzeda\u017cy, magazynowania, in\u017cynierii i dystrybucji zlokalizowane w Warszawie, w Polsce, dla Sherex Products.<\/p>\n<p><img loading=\"lazy\" decoding=\"async\" class=\" wp-image-2176 alignleft\" src=\"https:\/\/www.sherex.com\/wp-content\/uploads\/Tonawanda-warehosue-3-scaled.jpg\" alt=\"Sherex Warehouse\" width=\"180\" height=\"320\" srcset=\"https:\/\/www.sherex.com\/wp-content\/uploads\/Tonawanda-warehosue-3-scaled.jpg 1440w, https:\/\/www.sherex.com\/wp-content\/uploads\/Tonawanda-warehosue-3-394x700.jpg 394w, https:\/\/www.sherex.com\/wp-content\/uploads\/Tonawanda-warehosue-3-576x1024.jpg 576w, https:\/\/www.sherex.com\/wp-content\/uploads\/Tonawanda-warehosue-3-768x1365.jpg 768w, https:\/\/www.sherex.com\/wp-content\/uploads\/Tonawanda-warehosue-3-864x1536.jpg 864w, https:\/\/www.sherex.com\/wp-content\/uploads\/Tonawanda-warehosue-3-1152x2048.jpg 1152w\" sizes=\"auto, (max-width: 709px) 85vw, (max-width: 909px) 67vw, (max-width: 1362px) 62vw, 840px\" \/>Z naszego zak\u0142adu w Polsce Sherex b\u0119dzie m\u00f3g\u0142 wspiera\u0107 klient\u00f3w z ca\u0142ej Europy, kt\u00f3rzy b\u0119d\u0105 mogli liczy\u0107 na szybsze terminy realizacji i bardziej dedykowane wsparcie techniczne i in\u017cynieryjne. Sherex wspiera\u0142 dziesi\u0105tki klient\u00f3w i projekt\u00f3w mocuj\u0105cych w Europie na przestrzeni lat, a ekspansja do Polski ma sens, aby zapewni\u0107 bardziej centraln\u0105 lokalizacj\u0119 do \u015bwiadczenia wsparcia.<\/p>\n<p>To drugi zak\u0142ad Sherex w Europie w ci\u0105gu nieca\u0142ych dw\u00f3ch lat.<\/p>\n<p>\u201eDzi\u0119ki sukcesowi naszego <a href=\"https:\/\/www.sherex.com\/pl\/o\/sherex-wielka-brytania\/\">biura w Wielkiej Brytanii<\/a>, nasz zak\u0142ad w Polsce zapewni naszym europejskim klientom bli\u017cszy dost\u0119p i po\u015bwi\u0119ci im jeszcze wi\u0119cej uwagi\u201d \u2014 powiedzia\u0142 dyrektor zarz\u0105dzaj\u0105cy Sherex UK and Poland, Michael Carbine. \u201ePomo\u017ce nam to r\u00f3wnie\u017c lepiej porusza\u0107 si\u0119 po nowych przepisach dotycz\u0105cych Brexitu mi\u0119dzy Uni\u0105 Europejsk\u0105 a Wielk\u0105 Brytani\u0105\u201d.<\/p>\n<p>W naszej lokalizacji Sherex Poland uzyskasz szybkie terminy realizacji wszystkich produkt\u00f3w, w tym <a href=\"https:\/\/fasteners.sherex.com\/category\/blind-rivet-nuts\">nakr\u0119tek nitowych<\/a>, <a href=\"https:\/\/www.sherex.com\/pl\/systemy-montazu-elementow-zlacznych\/\">produkt\u00f3w Disc-Lock i TEC Series Wedge Locking<\/a> oraz wszystkich <a href=\"https:\/\/www.sherex.com\/pl\/systemy-montazu-elementow-zlacznych\/\">system\u00f3w instalacji element\u00f3w z\u0142\u0105cznych<\/a>.<\/p>\n<p>Skontaktuj si\u0119 z <a href=\"mailto:sales@sherex.pl\">sales@sherex.pl<\/a>, aby dowiedzie\u0107 si\u0119, w jaki spos\u00f3b Sherex Poland mo\u017ce pom\u00f3c europejskim producentom poprawi\u0107 jako\u015b\u0107 ich produkt\u00f3w dzi\u0119ki wysokiej jako\u015bci rozwi\u0105zaniom w zakresie mocowania.<\/p>\n","protected":false},"excerpt":{"rendered":"<p>Sprzeda\u017c, magazynowanie i in\u017cynieria element\u00f3w z\u0142\u0105cznych Sherex na Europ\u0119 Sherex Poland to nowe centrum sprzeda\u017cy, magazynowania, in\u017cynierii i dystrybucji zlokalizowane w Warszawie, w Polsce, dla Sherex Products. Z naszego zak\u0142adu w Polsce Sherex b\u0119dzie m\u00f3g\u0142 wspiera\u0107 klient\u00f3w z ca\u0142ej Europy, kt\u00f3rzy b\u0119d\u0105 mogli liczy\u0107 na szybsze terminy realizacji i bardziej dedykowane wsparcie techniczne i in\u017cynieryjne. [&hellip;]<\/p>\n","protected":false},"author":17,"featured_media":0,"parent":5477,"menu_order":0,"comment_status":"closed","ping_status":"closed","template":"","meta":{"_acf_changed":false,"om_disable_all_campaigns":false,"inline_featured_image":false,"_monsterinsights_skip_tracking":false,"_monsterinsights_sitenote_active":false,"_monsterinsights_sitenote_note":"","_monsterinsights_sitenote_category":0,"_uf_show_specific_survey":0,"_uf_disable_surveys":false,"footnotes":""},"class_list":["post-5481","page","type-page","status-publish","hentry"],"acf":[],"yoast_head":"<!-- This site is optimized with the Yoast SEO plugin v27.5 - https:\/\/yoast.com\/product\/yoast-seo-wordpress\/ -->\n<title>Sherex Polska - Sherex Fastening Solutions<\/title>\n<meta name=\"robots\" content=\"index, follow, max-snippet:-1, max-image-preview:large, max-video-preview:-1\" \/>\n<link rel=\"canonical\" href=\"https:\/\/www.sherex.com\/pl\/o\/sherex-poland\/\" \/>\n<meta property=\"og:locale\" content=\"pl_PL\" \/>\n<meta property=\"og:type\" content=\"article\" \/>\n<meta property=\"og:title\" content=\"Sherex Polska - Sherex Fastening Solutions\" \/>\n<meta property=\"og:description\" content=\"Sprzeda\u017c, magazynowanie i in\u017cynieria element\u00f3w z\u0142\u0105cznych Sherex na Europ\u0119 Sherex Poland to nowe centrum sprzeda\u017cy, magazynowania, in\u017cynierii i dystrybucji zlokalizowane w Warszawie, w Polsce, dla Sherex Products. Z naszego zak\u0142adu w Polsce Sherex b\u0119dzie m\u00f3g\u0142 wspiera\u0107 klient\u00f3w z ca\u0142ej Europy, kt\u00f3rzy b\u0119d\u0105 mogli liczy\u0107 na szybsze terminy realizacji i bardziej dedykowane wsparcie techniczne i in\u017cynieryjne. [&hellip;]\" \/>\n<meta property=\"og:url\" content=\"https:\/\/www.sherex.com\/pl\/o\/sherex-poland\/\" \/>\n<meta property=\"og:site_name\" content=\"Sherex Fastening Solutions\" \/>\n<meta property=\"article:modified_time\" content=\"2024-11-15T05:39:12+00:00\" \/>\n<meta property=\"og:image\" content=\"https:\/\/www.sherex.com\/wp-content\/uploads\/Warsaw-Page-Header-1.png\" \/>\n<meta name=\"twitter:label1\" content=\"Est. reading time\" \/>\n\t<meta name=\"twitter:data1\" content=\"3 minuty\" \/>\n<script type=\"application\/ld+json\" class=\"yoast-schema-graph\">{\"@context\":\"https:\\\/\\\/schema.org\",\"@graph\":[{\"@type\":\"WebPage\",\"@id\":\"https:\\\/\\\/www.sherex.com\\\/pl\\\/o\\\/sherex-poland\\\/\",\"url\":\"https:\\\/\\\/www.sherex.com\\\/pl\\\/o\\\/sherex-poland\\\/\",\"name\":\"Sherex Polska - Sherex Fastening Solutions\",\"isPartOf\":{\"@id\":\"https:\\\/\\\/www.sherex.com\\\/pl\\\/#website\"},\"primaryImageOfPage\":{\"@id\":\"https:\\\/\\\/www.sherex.com\\\/pl\\\/o\\\/sherex-poland\\\/#primaryimage\"},\"image\":{\"@id\":\"https:\\\/\\\/www.sherex.com\\\/pl\\\/o\\\/sherex-poland\\\/#primaryimage\"},\"thumbnailUrl\":\"https:\\\/\\\/www.sherex.com\\\/wp-content\\\/uploads\\\/Warsaw-Page-Header-1.png\",\"datePublished\":\"2022-03-15T19:14:17+00:00\",\"dateModified\":\"2024-11-15T05:39:12+00:00\",\"breadcrumb\":{\"@id\":\"https:\\\/\\\/www.sherex.com\\\/pl\\\/o\\\/sherex-poland\\\/#breadcrumb\"},\"inLanguage\":\"pl-PL\",\"potentialAction\":[{\"@type\":\"ReadAction\",\"target\":[\"https:\\\/\\\/www.sherex.com\\\/pl\\\/o\\\/sherex-poland\\\/\"]}]},{\"@type\":\"ImageObject\",\"inLanguage\":\"pl-PL\",\"@id\":\"https:\\\/\\\/www.sherex.com\\\/pl\\\/o\\\/sherex-poland\\\/#primaryimage\",\"url\":\"https:\\\/\\\/www.sherex.com\\\/wp-content\\\/uploads\\\/Warsaw-Page-Header-1.png\",\"contentUrl\":\"https:\\\/\\\/www.sherex.com\\\/wp-content\\\/uploads\\\/Warsaw-Page-Header-1.png\"},{\"@type\":\"BreadcrumbList\",\"@id\":\"https:\\\/\\\/www.sherex.com\\\/pl\\\/o\\\/sherex-poland\\\/#breadcrumb\",\"itemListElement\":[{\"@type\":\"ListItem\",\"position\":1,\"name\":\"Home\",\"item\":\"https:\\\/\\\/www.sherex.com\\\/pl\\\/\"},{\"@type\":\"ListItem\",\"position\":2,\"name\":\"O rozwi\u0105zaniach mocuj\u0105cych Sherex\",\"item\":\"https:\\\/\\\/www.sherex.com\\\/pl\\\/o\\\/\"},{\"@type\":\"ListItem\",\"position\":3,\"name\":\"Sherex Polska\"}]},{\"@type\":\"WebSite\",\"@id\":\"https:\\\/\\\/www.sherex.com\\\/pl\\\/#website\",\"url\":\"https:\\\/\\\/www.sherex.com\\\/pl\\\/\",\"name\":\"Sherex Fastening Solutions\",\"description\":\"\",\"potentialAction\":[{\"@type\":\"SearchAction\",\"target\":{\"@type\":\"EntryPoint\",\"urlTemplate\":\"https:\\\/\\\/www.sherex.com\\\/pl\\\/?s={search_term_string}\"},\"query-input\":{\"@type\":\"PropertyValueSpecification\",\"valueRequired\":true,\"valueName\":\"search_term_string\"}}],\"inLanguage\":\"pl-PL\"}]}<\/script>\n<!-- \/ Yoast SEO plugin. -->","yoast_head_json":{"title":"Sherex Polska - Sherex Fastening Solutions","robots":{"index":"index","follow":"follow","max-snippet":"max-snippet:-1","max-image-preview":"max-image-preview:large","max-video-preview":"max-video-preview:-1"},"canonical":"https:\/\/www.sherex.com\/pl\/o\/sherex-poland\/","og_locale":"pl_PL","og_type":"article","og_title":"Sherex Polska - Sherex Fastening Solutions","og_description":"Sprzeda\u017c, magazynowanie i in\u017cynieria element\u00f3w z\u0142\u0105cznych Sherex na Europ\u0119 Sherex Poland to nowe centrum sprzeda\u017cy, magazynowania, in\u017cynierii i dystrybucji zlokalizowane w Warszawie, w Polsce, dla Sherex Products. Z naszego zak\u0142adu w Polsce Sherex b\u0119dzie m\u00f3g\u0142 wspiera\u0107 klient\u00f3w z ca\u0142ej Europy, kt\u00f3rzy b\u0119d\u0105 mogli liczy\u0107 na szybsze terminy realizacji i bardziej dedykowane wsparcie techniczne i in\u017cynieryjne. [&hellip;]","og_url":"https:\/\/www.sherex.com\/pl\/o\/sherex-poland\/","og_site_name":"Sherex Fastening Solutions","article_modified_time":"2024-11-15T05:39:12+00:00","og_image":[{"url":"https:\/\/www.sherex.com\/wp-content\/uploads\/Warsaw-Page-Header-1.png","type":"","width":"","height":""}],"twitter_misc":{"Est. reading time":"3 minuty"},"schema":{"@context":"https:\/\/schema.org","@graph":[{"@type":"WebPage","@id":"https:\/\/www.sherex.com\/pl\/o\/sherex-poland\/","url":"https:\/\/www.sherex.com\/pl\/o\/sherex-poland\/","name":"Sherex Polska - Sherex Fastening Solutions","isPartOf":{"@id":"https:\/\/www.sherex.com\/pl\/#website"},"primaryImageOfPage":{"@id":"https:\/\/www.sherex.com\/pl\/o\/sherex-poland\/#primaryimage"},"image":{"@id":"https:\/\/www.sherex.com\/pl\/o\/sherex-poland\/#primaryimage"},"thumbnailUrl":"https:\/\/www.sherex.com\/wp-content\/uploads\/Warsaw-Page-Header-1.png","datePublished":"2022-03-15T19:14:17+00:00","dateModified":"2024-11-15T05:39:12+00:00","breadcrumb":{"@id":"https:\/\/www.sherex.com\/pl\/o\/sherex-poland\/#breadcrumb"},"inLanguage":"pl-PL","potentialAction":[{"@type":"ReadAction","target":["https:\/\/www.sherex.com\/pl\/o\/sherex-poland\/"]}]},{"@type":"ImageObject","inLanguage":"pl-PL","@id":"https:\/\/www.sherex.com\/pl\/o\/sherex-poland\/#primaryimage","url":"https:\/\/www.sherex.com\/wp-content\/uploads\/Warsaw-Page-Header-1.png","contentUrl":"https:\/\/www.sherex.com\/wp-content\/uploads\/Warsaw-Page-Header-1.png"},{"@type":"BreadcrumbList","@id":"https:\/\/www.sherex.com\/pl\/o\/sherex-poland\/#breadcrumb","itemListElement":[{"@type":"ListItem","position":1,"name":"Home","item":"https:\/\/www.sherex.com\/pl\/"},{"@type":"ListItem","position":2,"name":"O rozwi\u0105zaniach mocuj\u0105cych Sherex","item":"https:\/\/www.sherex.com\/pl\/o\/"},{"@type":"ListItem","position":3,"name":"Sherex Polska"}]},{"@type":"WebSite","@id":"https:\/\/www.sherex.com\/pl\/#website","url":"https:\/\/www.sherex.com\/pl\/","name":"Sherex Fastening Solutions","description":"","potentialAction":[{"@type":"SearchAction","target":{"@type":"EntryPoint","urlTemplate":"https:\/\/www.sherex.com\/pl\/?s={search_term_string}"},"query-input":{"@type":"PropertyValueSpecification","valueRequired":true,"valueName":"search_term_string"}}],"inLanguage":"pl-PL"}]}},"_links":{"self":[{"href":"https:\/\/www.sherex.com\/pl\/wp-json\/wp\/v2\/pages\/5481","targetHints":{"allow":["GET"]}}],"collection":[{"href":"https:\/\/www.sherex.com\/pl\/wp-json\/wp\/v2\/pages"}],"about":[{"href":"https:\/\/www.sherex.com\/pl\/wp-json\/wp\/v2\/types\/page"}],"author":[{"embeddable":true,"href":"https:\/\/www.sherex.com\/pl\/wp-json\/wp\/v2\/users\/17"}],"replies":[{"embeddable":true,"href":"https:\/\/www.sherex.com\/pl\/wp-json\/wp\/v2\/comments?post=5481"}],"version-history":[{"count":0,"href":"https:\/\/www.sherex.com\/pl\/wp-json\/wp\/v2\/pages\/5481\/revisions"}],"up":[{"embeddable":true,"href":"https:\/\/www.sherex.com\/pl\/wp-json\/wp\/v2\/pages\/5477"}],"wp:attachment":[{"href":"https:\/\/www.sherex.com\/pl\/wp-json\/wp\/v2\/media?parent=5481"}],"curies":[{"name":"wp","href":"https:\/\/api.w.org\/{rel}","templated":true}]}}