{"id":5490,"date":"2019-12-06T10:48:43","date_gmt":"2019-12-06T14:48:43","guid":{"rendered":"https:\/\/www.sherex.com\/orzechy-zaciskowe\/"},"modified":"2024-11-15T09:40:44","modified_gmt":"2024-11-15T13:40:44","slug":"orzechy-zaciskowe","status":"publish","type":"page","link":"https:\/\/www.sherex.com\/pl\/orzechy-zaciskowe\/","title":{"rendered":"Orzechy zaciskowe"},"content":{"rendered":"<p><strong><a href=\"https:\/\/fasteners.sherex.com\/category\/all-categories\">Wszystkie kategorie<\/a> &gt; <a href=\"https:\/\/fasteners.sherex.com\/category\/fasteners-for-thin-sheet-attachments\">\u0141\u0105czniki do mocowania cienkich arkuszy<\/a> &gt; Nakr\u0119tki zaciskowe<\/strong><\/p>\n<p><img loading=\"lazy\" decoding=\"async\" class=\"aligncenter wp-image-1425\" src=\"https:\/\/www.sherex.com\/wp-content\/uploads\/Clinch-Nut-Banner-1024x183.png\" alt=\"Nakr\u0119tki zaciskowe, Zainstalowana nakr\u0119tka zaciskowa, nakr\u0119tka zaciskowa Sherex\" title=\"Nakr\u0119tki zaciskowe, Zainstalowana nakr\u0119tka zaciskowa, nakr\u0119tka zaciskowa Sherex\" width=\"800\" height=\"143\" srcset=\"https:\/\/www.sherex.com\/wp-content\/uploads\/Clinch-Nut-Banner-1024x183.png 1024w, https:\/\/www.sherex.com\/wp-content\/uploads\/Clinch-Nut-Banner-500x89.png 500w, https:\/\/www.sherex.com\/wp-content\/uploads\/Clinch-Nut-Banner-768x137.png 768w, https:\/\/www.sherex.com\/wp-content\/uploads\/Clinch-Nut-Banner.png 2000w\" sizes=\"auto, (max-width: 709px) 85vw, (max-width: 909px) 67vw, (max-width: 1362px) 62vw, 840px\" \/><\/p>\n<p>Nakr\u0119tki zaciskowe to samozaciskowe nakr\u0119tki z gwintem wewn\u0119trznym, kt\u00f3re s\u0105 wciskane w materia\u0142 bazowy. Cz\u0119sto te wytrzyma\u0142e \u0142\u0105czniki s\u0105 u\u017cywane w materia\u0142ach, kt\u00f3re s\u0105 zbyt cienkie, aby gwintowa\u0107 gwinty.<\/p>\n<div id=\"attachment_1431\" style=\"width: 260px\" class=\"wp-caption alignright\"><a href=\"https:\/\/www.sherex.com\/wp-content\/uploads\/Sherex_VP_Clinch.pdf\" target=\"_blank\" rel=\"noopener\"><img loading=\"lazy\" decoding=\"async\" aria-describedby=\"caption-attachment-1431\" class=\"wp-image-1431\" src=\"https:\/\/www.sherex.com\/wp-content\/uploads\/Clinch-Nut-CS.png\" alt=\"Studium przypadku nakr\u0119tki zaciskowej\" title=\"Studium przypadku nakr\u0119tki zaciskowej\" width=\"250\" height=\"323\" srcset=\"https:\/\/www.sherex.com\/wp-content\/uploads\/Clinch-Nut-CS.png 704w, https:\/\/www.sherex.com\/wp-content\/uploads\/Clinch-Nut-CS-500x647.png 500w\" sizes=\"auto, (max-width: 709px) 85vw, (max-width: 909px) 67vw, (max-width: 1362px) 62vw, 840px\" \/><\/a><p id=\"caption-attachment-1431\" class=\"wp-caption-text\">Przeczytaj nasze studium przypadku, aby zobaczy\u0107, jak nasze nakr\u0119tki zaciskowe natychmiast wp\u0142yn\u0119\u0142y na du\u017c\u0105 firm\u0119 produkuj\u0105c\u0105 samochody<\/p><\/div>\n<p>Monta\u017c nakr\u0119tki zaciskowej zwykle skutkuje monta\u017cem na r\u00f3wno z materia\u0142em bazowym, co jest po\u017c\u0105dane przez wielu producent\u00f3w. Innym powodem, dla kt\u00f3rego nakr\u0119tki zaciskowe zapewniaj\u0105 doskona\u0142\u0105 warto\u015b\u0107, jest to, \u017ce mo\u017cna je instalowa\u0107 w du\u017cych ilo\u015bciach przy u\u017cyciu <a href=\"https:\/\/fasteners.sherex.com\/item\/fastener-installation-systems\/category-3001428\/4483\">linii automatycznych<\/a> lub r\u0119cznie zaciska\u0107 za pomoc\u0105 prasy trzpieniowej lub nit\u00f3w.<\/p>\n<p>Nakr\u0119tki zaciskowe s\u0105 bezpo\u015brednim zamiennikiem nakr\u0119tek spawanych i oferuj\u0105 lepszy obr\u00f3t i wyci\u0105gni\u0119cie ni\u017c tradycyjne nakr\u0119tki spawane, a ponadto s\u0105 szybsze w monta\u017cu. Te elementy z\u0142\u0105czne cz\u0119sto zapewniaj\u0105 natychmiastowy zwrot z inwestycji dla klient\u00f3w przechodz\u0105cych z nakr\u0119tek spawanych.<\/p>\n<p>Nakr\u0119tki zaciskowe s\u0105 stosowane w ca\u0142ym przemy\u015ble samochodowym, w zderzakach, pasach bezpiecze\u0144stwa i przedniej cz\u0119\u015bci pojazdu, w tym w mocowaniu silnika. <a href=\"https:\/\/www.sherex.com\/wp-content\/uploads\/Sherex_VP_Clinch.pdf\" target=\"_blank\" rel=\"noopener\">Przeczytaj nasze studium przypadku<\/a>, aby zobaczy\u0107, jak jeden z najwi\u0119kszych producent\u00f3w samochod\u00f3w zaoszcz\u0119dzi\u0142 setki tysi\u0119cy dolar\u00f3w, przechodz\u0105c na nakr\u0119tki zaciskowe.<\/p>\n<p>Idealne do zastosowa\u0144, kt\u00f3re wymagaj\u0105:<\/p>\n<ul>\n<li>Dost\u0119pu do obu stron materia\u0142u bazowego<\/li>\n<li>Wysokiej wytrzyma\u0142o\u015bci gwintu i doskona\u0142ych wymaga\u0144 si\u0142y wyci\u0105gania<\/li>\n<li>Materia\u0142\u00f3w bazowych z metalu: stali, stali nierdzewnej i aluminium<\/li>\n<\/ul>\n<p>Aby uzyska\u0107 pomys\u0142y na to, jak mo\u017cesz u\u017cy\u0107 nakr\u0119tek zaciskowych w swoim kolejnym projekcie, <a href=\"https:\/\/www.sherex.com\/pl\/skontaktuj-sie-z-nami\/\">skontaktuj si\u0119 z nami<\/a>.<\/p>\n","protected":false},"excerpt":{"rendered":"<p>Wszystkie kategorie &gt; \u0141\u0105czniki do mocowania cienkich arkuszy &gt; Nakr\u0119tki zaciskowe Nakr\u0119tki zaciskowe to samozaciskowe nakr\u0119tki z gwintem wewn\u0119trznym, kt\u00f3re s\u0105 wciskane w materia\u0142 bazowy. Cz\u0119sto te wytrzyma\u0142e \u0142\u0105czniki s\u0105 u\u017cywane w materia\u0142ach, kt\u00f3re s\u0105 zbyt cienkie, aby gwintowa\u0107 gwinty. Monta\u017c nakr\u0119tki zaciskowej zwykle skutkuje monta\u017cem na r\u00f3wno z materia\u0142em bazowym, co jest po\u017c\u0105dane przez [&hellip;]<\/p>\n","protected":false},"author":17,"featured_media":0,"parent":0,"menu_order":0,"comment_status":"closed","ping_status":"closed","template":"","meta":{"_acf_changed":false,"om_disable_all_campaigns":false,"inline_featured_image":false,"_monsterinsights_skip_tracking":false,"_monsterinsights_sitenote_active":false,"_monsterinsights_sitenote_note":"","_monsterinsights_sitenote_category":0,"_uf_show_specific_survey":0,"_uf_disable_surveys":false,"footnotes":""},"class_list":["post-5490","page","type-page","status-publish","hentry"],"acf":[],"yoast_head":"<!-- This site is optimized with the Yoast SEO plugin v27.5 - https:\/\/yoast.com\/product\/yoast-seo-wordpress\/ -->\n<title>Nakr\u0119tki zaciskowe | Mocowania o wysokiej wytrzyma\u0142o\u015bci | Rozwi\u0105zania mocuj\u0105ce Sherex<\/title>\n<meta name=\"description\" content=\"Sherex jest wiod\u0105cym producentem nakr\u0119tek zaciskowych o wysokiej wytrzyma\u0142o\u015bci dla r\u00f3\u017cnych bran\u017c. Zobacz r\u00f3\u017cne linie produkt\u00f3w zaciskowych She.\" \/>\n<meta name=\"robots\" content=\"index, follow, max-snippet:-1, max-image-preview:large, max-video-preview:-1\" \/>\n<link rel=\"canonical\" href=\"https:\/\/www.sherex.com\/pl\/orzechy-zaciskowe\/\" \/>\n<meta property=\"og:locale\" content=\"pl_PL\" \/>\n<meta property=\"og:type\" content=\"article\" \/>\n<meta property=\"og:title\" content=\"Nakr\u0119tki zaciskowe | Mocowania o wysokiej wytrzyma\u0142o\u015bci | Rozwi\u0105zania mocuj\u0105ce Sherex\" \/>\n<meta property=\"og:description\" content=\"Sherex jest wiod\u0105cym producentem nakr\u0119tek zaciskowych o wysokiej wytrzyma\u0142o\u015bci dla r\u00f3\u017cnych bran\u017c. Zobacz r\u00f3\u017cne linie produkt\u00f3w zaciskowych She.\" \/>\n<meta property=\"og:url\" content=\"https:\/\/www.sherex.com\/pl\/orzechy-zaciskowe\/\" \/>\n<meta property=\"og:site_name\" content=\"Sherex Fastening Solutions\" \/>\n<meta property=\"article:modified_time\" content=\"2024-11-15T13:40:44+00:00\" \/>\n<meta property=\"og:image\" content=\"https:\/\/www.sherex.com\/wp-content\/uploads\/Clinch-Nut-Banner-1024x183.png\" \/>\n<meta name=\"twitter:label1\" content=\"Est. reading time\" \/>\n\t<meta name=\"twitter:data1\" content=\"3 minuty\" \/>\n<script type=\"application\/ld+json\" class=\"yoast-schema-graph\">{\"@context\":\"https:\\\/\\\/schema.org\",\"@graph\":[{\"@type\":\"WebPage\",\"@id\":\"https:\\\/\\\/www.sherex.com\\\/pl\\\/orzechy-zaciskowe\\\/\",\"url\":\"https:\\\/\\\/www.sherex.com\\\/pl\\\/orzechy-zaciskowe\\\/\",\"name\":\"Nakr\u0119tki zaciskowe | Mocowania o wysokiej wytrzyma\u0142o\u015bci | Rozwi\u0105zania mocuj\u0105ce Sherex\",\"isPartOf\":{\"@id\":\"https:\\\/\\\/www.sherex.com\\\/pl\\\/#website\"},\"primaryImageOfPage\":{\"@id\":\"https:\\\/\\\/www.sherex.com\\\/pl\\\/orzechy-zaciskowe\\\/#primaryimage\"},\"image\":{\"@id\":\"https:\\\/\\\/www.sherex.com\\\/pl\\\/orzechy-zaciskowe\\\/#primaryimage\"},\"thumbnailUrl\":\"https:\\\/\\\/www.sherex.com\\\/wp-content\\\/uploads\\\/Clinch-Nut-Banner-1024x183.png\",\"datePublished\":\"2019-12-06T14:48:43+00:00\",\"dateModified\":\"2024-11-15T13:40:44+00:00\",\"description\":\"Sherex jest wiod\u0105cym producentem nakr\u0119tek zaciskowych o wysokiej wytrzyma\u0142o\u015bci dla r\u00f3\u017cnych bran\u017c. Zobacz r\u00f3\u017cne linie produkt\u00f3w zaciskowych She.\",\"breadcrumb\":{\"@id\":\"https:\\\/\\\/www.sherex.com\\\/pl\\\/orzechy-zaciskowe\\\/#breadcrumb\"},\"inLanguage\":\"pl-PL\",\"potentialAction\":[{\"@type\":\"ReadAction\",\"target\":[\"https:\\\/\\\/www.sherex.com\\\/pl\\\/orzechy-zaciskowe\\\/\"]}]},{\"@type\":\"ImageObject\",\"inLanguage\":\"pl-PL\",\"@id\":\"https:\\\/\\\/www.sherex.com\\\/pl\\\/orzechy-zaciskowe\\\/#primaryimage\",\"url\":\"https:\\\/\\\/www.sherex.com\\\/wp-content\\\/uploads\\\/Clinch-Nut-Banner-1024x183.png\",\"contentUrl\":\"https:\\\/\\\/www.sherex.com\\\/wp-content\\\/uploads\\\/Clinch-Nut-Banner-1024x183.png\"},{\"@type\":\"BreadcrumbList\",\"@id\":\"https:\\\/\\\/www.sherex.com\\\/pl\\\/orzechy-zaciskowe\\\/#breadcrumb\",\"itemListElement\":[{\"@type\":\"ListItem\",\"position\":1,\"name\":\"Home\",\"item\":\"https:\\\/\\\/www.sherex.com\\\/pl\\\/\"},{\"@type\":\"ListItem\",\"position\":2,\"name\":\"Orzechy zaciskowe\"}]},{\"@type\":\"WebSite\",\"@id\":\"https:\\\/\\\/www.sherex.com\\\/pl\\\/#website\",\"url\":\"https:\\\/\\\/www.sherex.com\\\/pl\\\/\",\"name\":\"Sherex Fastening Solutions\",\"description\":\"\",\"potentialAction\":[{\"@type\":\"SearchAction\",\"target\":{\"@type\":\"EntryPoint\",\"urlTemplate\":\"https:\\\/\\\/www.sherex.com\\\/pl\\\/?s={search_term_string}\"},\"query-input\":{\"@type\":\"PropertyValueSpecification\",\"valueRequired\":true,\"valueName\":\"search_term_string\"}}],\"inLanguage\":\"pl-PL\"}]}<\/script>\n<!-- \/ Yoast SEO plugin. -->","yoast_head_json":{"title":"Nakr\u0119tki zaciskowe | Mocowania o wysokiej wytrzyma\u0142o\u015bci | Rozwi\u0105zania mocuj\u0105ce Sherex","description":"Sherex jest wiod\u0105cym producentem nakr\u0119tek zaciskowych o wysokiej wytrzyma\u0142o\u015bci dla r\u00f3\u017cnych bran\u017c. Zobacz r\u00f3\u017cne linie produkt\u00f3w zaciskowych She.","robots":{"index":"index","follow":"follow","max-snippet":"max-snippet:-1","max-image-preview":"max-image-preview:large","max-video-preview":"max-video-preview:-1"},"canonical":"https:\/\/www.sherex.com\/pl\/orzechy-zaciskowe\/","og_locale":"pl_PL","og_type":"article","og_title":"Nakr\u0119tki zaciskowe | Mocowania o wysokiej wytrzyma\u0142o\u015bci | Rozwi\u0105zania mocuj\u0105ce Sherex","og_description":"Sherex jest wiod\u0105cym producentem nakr\u0119tek zaciskowych o wysokiej wytrzyma\u0142o\u015bci dla r\u00f3\u017cnych bran\u017c. Zobacz r\u00f3\u017cne linie produkt\u00f3w zaciskowych She.","og_url":"https:\/\/www.sherex.com\/pl\/orzechy-zaciskowe\/","og_site_name":"Sherex Fastening Solutions","article_modified_time":"2024-11-15T13:40:44+00:00","og_image":[{"url":"https:\/\/www.sherex.com\/wp-content\/uploads\/Clinch-Nut-Banner-1024x183.png","type":"","width":"","height":""}],"twitter_misc":{"Est. reading time":"3 minuty"},"schema":{"@context":"https:\/\/schema.org","@graph":[{"@type":"WebPage","@id":"https:\/\/www.sherex.com\/pl\/orzechy-zaciskowe\/","url":"https:\/\/www.sherex.com\/pl\/orzechy-zaciskowe\/","name":"Nakr\u0119tki zaciskowe | Mocowania o wysokiej wytrzyma\u0142o\u015bci | Rozwi\u0105zania mocuj\u0105ce Sherex","isPartOf":{"@id":"https:\/\/www.sherex.com\/pl\/#website"},"primaryImageOfPage":{"@id":"https:\/\/www.sherex.com\/pl\/orzechy-zaciskowe\/#primaryimage"},"image":{"@id":"https:\/\/www.sherex.com\/pl\/orzechy-zaciskowe\/#primaryimage"},"thumbnailUrl":"https:\/\/www.sherex.com\/wp-content\/uploads\/Clinch-Nut-Banner-1024x183.png","datePublished":"2019-12-06T14:48:43+00:00","dateModified":"2024-11-15T13:40:44+00:00","description":"Sherex jest wiod\u0105cym producentem nakr\u0119tek zaciskowych o wysokiej wytrzyma\u0142o\u015bci dla r\u00f3\u017cnych bran\u017c. Zobacz r\u00f3\u017cne linie produkt\u00f3w zaciskowych She.","breadcrumb":{"@id":"https:\/\/www.sherex.com\/pl\/orzechy-zaciskowe\/#breadcrumb"},"inLanguage":"pl-PL","potentialAction":[{"@type":"ReadAction","target":["https:\/\/www.sherex.com\/pl\/orzechy-zaciskowe\/"]}]},{"@type":"ImageObject","inLanguage":"pl-PL","@id":"https:\/\/www.sherex.com\/pl\/orzechy-zaciskowe\/#primaryimage","url":"https:\/\/www.sherex.com\/wp-content\/uploads\/Clinch-Nut-Banner-1024x183.png","contentUrl":"https:\/\/www.sherex.com\/wp-content\/uploads\/Clinch-Nut-Banner-1024x183.png"},{"@type":"BreadcrumbList","@id":"https:\/\/www.sherex.com\/pl\/orzechy-zaciskowe\/#breadcrumb","itemListElement":[{"@type":"ListItem","position":1,"name":"Home","item":"https:\/\/www.sherex.com\/pl\/"},{"@type":"ListItem","position":2,"name":"Orzechy zaciskowe"}]},{"@type":"WebSite","@id":"https:\/\/www.sherex.com\/pl\/#website","url":"https:\/\/www.sherex.com\/pl\/","name":"Sherex Fastening Solutions","description":"","potentialAction":[{"@type":"SearchAction","target":{"@type":"EntryPoint","urlTemplate":"https:\/\/www.sherex.com\/pl\/?s={search_term_string}"},"query-input":{"@type":"PropertyValueSpecification","valueRequired":true,"valueName":"search_term_string"}}],"inLanguage":"pl-PL"}]}},"_links":{"self":[{"href":"https:\/\/www.sherex.com\/pl\/wp-json\/wp\/v2\/pages\/5490","targetHints":{"allow":["GET"]}}],"collection":[{"href":"https:\/\/www.sherex.com\/pl\/wp-json\/wp\/v2\/pages"}],"about":[{"href":"https:\/\/www.sherex.com\/pl\/wp-json\/wp\/v2\/types\/page"}],"author":[{"embeddable":true,"href":"https:\/\/www.sherex.com\/pl\/wp-json\/wp\/v2\/users\/17"}],"replies":[{"embeddable":true,"href":"https:\/\/www.sherex.com\/pl\/wp-json\/wp\/v2\/comments?post=5490"}],"version-history":[{"count":0,"href":"https:\/\/www.sherex.com\/pl\/wp-json\/wp\/v2\/pages\/5490\/revisions"}],"wp:attachment":[{"href":"https:\/\/www.sherex.com\/pl\/wp-json\/wp\/v2\/media?parent=5490"}],"curies":[{"name":"wp","href":"https:\/\/api.w.org\/{rel}","templated":true}]}}