{"id":5492,"date":"2018-05-10T18:06:11","date_gmt":"2018-05-10T22:06:11","guid":{"rendered":"https:\/\/www.sherex.com\/skontaktuj-sie-z-nami\/"},"modified":"2025-08-01T17:00:42","modified_gmt":"2025-08-01T21:00:42","slug":"skontaktuj-sie-z-nami","status":"publish","type":"page","link":"https:\/\/www.sherex.com\/pl\/skontaktuj-sie-z-nami\/","title":{"rendered":"Skontaktuj si\u0119 z nami"},"content":{"rendered":"<p>Sherex to co\u015b wi\u0119cej ni\u017c producent element\u00f3w z\u0142\u0105cznych, jeste\u015bmy innowatorami. Mamy kompletny zesp\u00f3\u0142 profesjonalist\u00f3w sprzeda\u017cy i in\u017cynier\u00f3w gotowych pom\u00f3c w realizacji Twojego kolejnego projektu. Mamy pi\u0119\u0107 lokalizacji na ca\u0142ym \u015bwiecie, kt\u00f3re pomog\u0105 Ci w realizacji projekt\u00f3w zwi\u0105zanych z elementami z\u0142\u0105cznymi, ale zach\u0119camy do kontaktu z siedzib\u0105 g\u0142\u00f3wn\u0105 Sherex w celu uzyskania informacji o sprzeda\u017cy i produktach.<\/p>\n<p style=\"text-align: center;\"><a href=\"https:\/\/www.sherex.com\/pl\/globalny-zasieg\/\"><strong>Siedziba g\u0142\u00f3wna Sherex<\/strong><\/a> | <strong><a href=\"https:\/\/www.sherex.com\/pl\/globalny-zasieg\/#akron\">Sherex Akron<\/a><\/strong> | <strong><a href=\"https:\/\/www.sherex.com\/pl\/globalny-zasieg\/#taiwan\">Sherex Tajwan<\/a><\/strong> | <strong><a href=\"https:\/\/www.sherex.com\/pl\/globalny-zasieg\/#uk\">Sherex UK<\/a><\/strong> | <strong><a href=\"https:\/\/www.sherex.com\/pl\/globalny-zasieg\/#mexico\">Sherex Mexico<\/a><br \/>\n<a href=\"https:\/\/www.sherex.com\/pl\/kariera\/\">Kariera w Sherex<\/a><br \/>\n<\/strong><\/p>\n<p>Je\u015bli masz pytania lub zapytania dotycz\u0105ce Sherex i tego, jak mo\u017cemy pom\u00f3c w Twoim kolejnym projekcie, wype\u0142nij poni\u017cszy formularz.<br \/>\nZatrudniamy! Odwied\u017a nasz\u0105 <a href=\"https:\/\/www.sherex.com\/pl\/kariera\/\">stron\u0119 z ofertami pracy<\/a>, aby uzyska\u0107 wi\u0119cej informacji.<\/p>\n<p><a href=\"tel:8664743739\">Bezp\u0142atny numer: 866.474.3739<\/a><br \/>\ninfo@sherex.com<\/p>\n<p><script charset=\"utf-8\" type=\"text\/javascript\" src=\"\/\/js.hsforms.net\/forms\/embed\/v2.js\"><\/script><br \/>\n<script> \n  hbspt.forms.create({ \n    portalId: \"6581177\", \n    formId: \"bc63bb4b-e20d-416c-9558-eb831b87b1c8\", \n    region: \"na1\" \n  }); \n<\/script> <\/p>\n","protected":false},"excerpt":{"rendered":"<p>Sherex to co\u015b wi\u0119cej ni\u017c producent element\u00f3w z\u0142\u0105cznych, jeste\u015bmy innowatorami. Mamy kompletny zesp\u00f3\u0142 profesjonalist\u00f3w sprzeda\u017cy i in\u017cynier\u00f3w gotowych pom\u00f3c w realizacji Twojego kolejnego projektu. Mamy pi\u0119\u0107 lokalizacji na ca\u0142ym \u015bwiecie, kt\u00f3re pomog\u0105 Ci w realizacji projekt\u00f3w zwi\u0105zanych z elementami z\u0142\u0105cznymi, ale zach\u0119camy do kontaktu z siedzib\u0105 g\u0142\u00f3wn\u0105 Sherex w celu uzyskania informacji o sprzeda\u017cy i [&hellip;]<\/p>\n","protected":false},"author":19,"featured_media":0,"parent":0,"menu_order":0,"comment_status":"closed","ping_status":"closed","template":"","meta":{"_acf_changed":false,"om_disable_all_campaigns":false,"inline_featured_image":false,"_monsterinsights_skip_tracking":false,"_monsterinsights_sitenote_active":false,"_monsterinsights_sitenote_note":"","_monsterinsights_sitenote_category":0,"_uf_show_specific_survey":0,"_uf_disable_surveys":false,"footnotes":""},"class_list":["post-5492","page","type-page","status-publish","hentry"],"acf":[],"yoast_head":"<!-- This site is optimized with the Yoast SEO plugin v27.6 - https:\/\/yoast.com\/product\/yoast-seo-wordpress\/ -->\n<title>Skontaktuj si\u0119 z nami | Sherex UK | Sherex Mexico | Sherex Taiwan<\/title>\n<meta name=\"description\" content=\"Skontaktuj si\u0119 z Sherex w dowolnej z naszych pi\u0119ciu lokalizacji. Sherex to globalna firma z produkcj\u0105 w Akron i na Tajwanie oraz biurami w Meksyku, Wielkiej Brytanii i USA.\" \/>\n<meta name=\"robots\" content=\"index, follow, max-snippet:-1, max-image-preview:large, max-video-preview:-1\" \/>\n<link rel=\"canonical\" href=\"https:\/\/www.sherex.com\/pl\/skontaktuj-sie-z-nami\/\" \/>\n<meta property=\"og:locale\" content=\"pl_PL\" \/>\n<meta property=\"og:type\" content=\"article\" \/>\n<meta property=\"og:title\" content=\"Skontaktuj si\u0119 z nami | Sherex UK | Sherex Mexico | Sherex Taiwan\" \/>\n<meta property=\"og:description\" content=\"Skontaktuj si\u0119 z Sherex w dowolnej z naszych pi\u0119ciu lokalizacji. Sherex to globalna firma z produkcj\u0105 w Akron i na Tajwanie oraz biurami w Meksyku, Wielkiej Brytanii i USA.\" \/>\n<meta property=\"og:url\" content=\"https:\/\/www.sherex.com\/pl\/skontaktuj-sie-z-nami\/\" \/>\n<meta property=\"og:site_name\" content=\"Sherex Fastening Solutions\" \/>\n<meta property=\"article:modified_time\" content=\"2025-08-01T21:00:42+00:00\" \/>\n<meta name=\"twitter:label1\" content=\"Est. reading time\" \/>\n\t<meta name=\"twitter:data1\" content=\"1 minuta\" \/>\n<script type=\"application\/ld+json\" class=\"yoast-schema-graph\">{\"@context\":\"https:\\\/\\\/schema.org\",\"@graph\":[{\"@type\":\"WebPage\",\"@id\":\"https:\\\/\\\/www.sherex.com\\\/pl\\\/skontaktuj-sie-z-nami\\\/\",\"url\":\"https:\\\/\\\/www.sherex.com\\\/pl\\\/skontaktuj-sie-z-nami\\\/\",\"name\":\"Skontaktuj si\u0119 z nami | Sherex UK | Sherex Mexico | Sherex Taiwan\",\"isPartOf\":{\"@id\":\"https:\\\/\\\/www.sherex.com\\\/pl\\\/#website\"},\"datePublished\":\"2018-05-10T22:06:11+00:00\",\"dateModified\":\"2025-08-01T21:00:42+00:00\",\"description\":\"Skontaktuj si\u0119 z Sherex w dowolnej z naszych pi\u0119ciu lokalizacji. Sherex to globalna firma z produkcj\u0105 w Akron i na Tajwanie oraz biurami w Meksyku, Wielkiej Brytanii i USA.\",\"breadcrumb\":{\"@id\":\"https:\\\/\\\/www.sherex.com\\\/pl\\\/skontaktuj-sie-z-nami\\\/#breadcrumb\"},\"inLanguage\":\"pl-PL\",\"potentialAction\":[{\"@type\":\"ReadAction\",\"target\":[\"https:\\\/\\\/www.sherex.com\\\/pl\\\/skontaktuj-sie-z-nami\\\/\"]}]},{\"@type\":\"BreadcrumbList\",\"@id\":\"https:\\\/\\\/www.sherex.com\\\/pl\\\/skontaktuj-sie-z-nami\\\/#breadcrumb\",\"itemListElement\":[{\"@type\":\"ListItem\",\"position\":1,\"name\":\"Home\",\"item\":\"https:\\\/\\\/www.sherex.com\\\/pl\\\/\"},{\"@type\":\"ListItem\",\"position\":2,\"name\":\"Skontaktuj si\u0119 z nami\"}]},{\"@type\":\"WebSite\",\"@id\":\"https:\\\/\\\/www.sherex.com\\\/pl\\\/#website\",\"url\":\"https:\\\/\\\/www.sherex.com\\\/pl\\\/\",\"name\":\"Sherex Fastening Solutions\",\"description\":\"\",\"potentialAction\":[{\"@type\":\"SearchAction\",\"target\":{\"@type\":\"EntryPoint\",\"urlTemplate\":\"https:\\\/\\\/www.sherex.com\\\/pl\\\/?s={search_term_string}\"},\"query-input\":{\"@type\":\"PropertyValueSpecification\",\"valueRequired\":true,\"valueName\":\"search_term_string\"}}],\"inLanguage\":\"pl-PL\"}]}<\/script>\n<!-- \/ Yoast SEO plugin. -->","yoast_head_json":{"title":"Skontaktuj si\u0119 z nami | Sherex UK | Sherex Mexico | Sherex Taiwan","description":"Skontaktuj si\u0119 z Sherex w dowolnej z naszych pi\u0119ciu lokalizacji. Sherex to globalna firma z produkcj\u0105 w Akron i na Tajwanie oraz biurami w Meksyku, Wielkiej Brytanii i USA.","robots":{"index":"index","follow":"follow","max-snippet":"max-snippet:-1","max-image-preview":"max-image-preview:large","max-video-preview":"max-video-preview:-1"},"canonical":"https:\/\/www.sherex.com\/pl\/skontaktuj-sie-z-nami\/","og_locale":"pl_PL","og_type":"article","og_title":"Skontaktuj si\u0119 z nami | Sherex UK | Sherex Mexico | Sherex Taiwan","og_description":"Skontaktuj si\u0119 z Sherex w dowolnej z naszych pi\u0119ciu lokalizacji. Sherex to globalna firma z produkcj\u0105 w Akron i na Tajwanie oraz biurami w Meksyku, Wielkiej Brytanii i USA.","og_url":"https:\/\/www.sherex.com\/pl\/skontaktuj-sie-z-nami\/","og_site_name":"Sherex Fastening Solutions","article_modified_time":"2025-08-01T21:00:42+00:00","twitter_misc":{"Est. reading time":"1 minuta"},"schema":{"@context":"https:\/\/schema.org","@graph":[{"@type":"WebPage","@id":"https:\/\/www.sherex.com\/pl\/skontaktuj-sie-z-nami\/","url":"https:\/\/www.sherex.com\/pl\/skontaktuj-sie-z-nami\/","name":"Skontaktuj si\u0119 z nami | Sherex UK | Sherex Mexico | Sherex Taiwan","isPartOf":{"@id":"https:\/\/www.sherex.com\/pl\/#website"},"datePublished":"2018-05-10T22:06:11+00:00","dateModified":"2025-08-01T21:00:42+00:00","description":"Skontaktuj si\u0119 z Sherex w dowolnej z naszych pi\u0119ciu lokalizacji. Sherex to globalna firma z produkcj\u0105 w Akron i na Tajwanie oraz biurami w Meksyku, Wielkiej Brytanii i USA.","breadcrumb":{"@id":"https:\/\/www.sherex.com\/pl\/skontaktuj-sie-z-nami\/#breadcrumb"},"inLanguage":"pl-PL","potentialAction":[{"@type":"ReadAction","target":["https:\/\/www.sherex.com\/pl\/skontaktuj-sie-z-nami\/"]}]},{"@type":"BreadcrumbList","@id":"https:\/\/www.sherex.com\/pl\/skontaktuj-sie-z-nami\/#breadcrumb","itemListElement":[{"@type":"ListItem","position":1,"name":"Home","item":"https:\/\/www.sherex.com\/pl\/"},{"@type":"ListItem","position":2,"name":"Skontaktuj si\u0119 z nami"}]},{"@type":"WebSite","@id":"https:\/\/www.sherex.com\/pl\/#website","url":"https:\/\/www.sherex.com\/pl\/","name":"Sherex Fastening Solutions","description":"","potentialAction":[{"@type":"SearchAction","target":{"@type":"EntryPoint","urlTemplate":"https:\/\/www.sherex.com\/pl\/?s={search_term_string}"},"query-input":{"@type":"PropertyValueSpecification","valueRequired":true,"valueName":"search_term_string"}}],"inLanguage":"pl-PL"}]}},"_links":{"self":[{"href":"https:\/\/www.sherex.com\/pl\/wp-json\/wp\/v2\/pages\/5492","targetHints":{"allow":["GET"]}}],"collection":[{"href":"https:\/\/www.sherex.com\/pl\/wp-json\/wp\/v2\/pages"}],"about":[{"href":"https:\/\/www.sherex.com\/pl\/wp-json\/wp\/v2\/types\/page"}],"author":[{"embeddable":true,"href":"https:\/\/www.sherex.com\/pl\/wp-json\/wp\/v2\/users\/19"}],"replies":[{"embeddable":true,"href":"https:\/\/www.sherex.com\/pl\/wp-json\/wp\/v2\/comments?post=5492"}],"version-history":[{"count":0,"href":"https:\/\/www.sherex.com\/pl\/wp-json\/wp\/v2\/pages\/5492\/revisions"}],"wp:attachment":[{"href":"https:\/\/www.sherex.com\/pl\/wp-json\/wp\/v2\/media?parent=5492"}],"curies":[{"name":"wp","href":"https:\/\/api.w.org\/{rel}","templated":true}]}}