{"id":5500,"date":"2023-06-26T14:37:37","date_gmt":"2023-06-26T18:37:37","guid":{"rendered":"https:\/\/www.sherex.com\/rozwiazania-mocujace-dla-przemyslu-ciezarowek\/"},"modified":"2024-11-18T10:11:33","modified_gmt":"2024-11-18T14:11:33","slug":"rozwiazania-mocujace-dla-przemyslu-ciezarowek","status":"publish","type":"page","link":"https:\/\/www.sherex.com\/pl\/rozwiazania-mocujace-dla-przemyslu-ciezarowek\/","title":{"rendered":"Rozwi\u0105zania mocuj\u0105ce dla przemys\u0142u ci\u0119\u017car\u00f3wek"},"content":{"rendered":"<p><img loading=\"lazy\" decoding=\"async\" class=\"wp-image-2615 aligncenter\" src=\"https:\/\/www.sherex.com\/wp-content\/uploads\/Solutions-for-Heavy-Truck-1024x293.png\" alt=\"Rozwi\u0105zania mocuj\u0105ce dla przemys\u0142u ci\u0119\u017car\u00f3wek\" title=\"Rozwi\u0105zania mocuj\u0105ce dla przemys\u0142u ci\u0119\u017car\u00f3wek\" width=\"794\" height=\"227\" srcset=\"https:\/\/www.sherex.com\/wp-content\/uploads\/Solutions-for-Heavy-Truck-1024x293.png 1024w, https:\/\/www.sherex.com\/wp-content\/uploads\/Solutions-for-Heavy-Truck-500x143.png 500w, https:\/\/www.sherex.com\/wp-content\/uploads\/Solutions-for-Heavy-Truck-768x220.png 768w, https:\/\/www.sherex.com\/wp-content\/uploads\/Solutions-for-Heavy-Truck-1536x439.png 1536w, https:\/\/www.sherex.com\/wp-content\/uploads\/Solutions-for-Heavy-Truck-2048x585.png 2048w\" sizes=\"auto, (max-width: 709px) 85vw, (max-width: 909px) 67vw, (max-width: 1362px) 62vw, 840px\" \/><\/p>\n<p>Ci\u0119\u017car\u00f3wki i ci\u0105gniki siod\u0142owe s\u0105 nieocenione dla gospodarek tego \u015bwiata. Dostarczaj\u0105 towary na wszystkie kra\u0144ce ziemi. Jednak aby te ci\u0119\u017car\u00f3wki mog\u0142y dotrze\u0107 z punktu A do punktu B, musz\u0105 by\u0107 bezpieczne i niezawodne.<\/p>\n<p>Niezawodno\u015b\u0107 ci\u0119\u017car\u00f3wek i ci\u0105gnik\u00f3w siod\u0142owych zaczyna si\u0119 na linii monta\u017cowej, gdzie operatorzy i instalatorzy buduj\u0105 ci\u0119\u017car\u00f3wk\u0119 do produkcji.<\/p>\n<p>Sherex ma wiele unikalnych rozwi\u0105za\u0144 mocuj\u0105cych do ci\u0119\u017car\u00f3wek i ci\u0105gnik\u00f3w siod\u0142owych. \u0141\u0105czniki Sherex, w tym <a href=\"https:\/\/fasteners.sherex.com\/category\/blind-rivet-nuts\">nakr\u0119tki nitowe<\/a>, <a href=\"https:\/\/www.sherex.com\/pl\/orzechy-zaciskowe\/\">nakr\u0119tki zaciskowe<\/a>, nakr\u0119tki napinaj\u0105ce i <a href=\"https:\/\/www.sherex.com\/pl\/podkladki-i-nakretki-blokujace-kliny-zapobieganie-luzowaniu-sie-pod-wplywem-drgan\/\">podk\u0142adki i nakr\u0119tki blokuj\u0105ce kliny<\/a> wytrzymuj\u0105 du\u017ce wibracje i obci\u0105\u017cenia wysokim momentem obrotowym w przypadku niekt\u00f3rych z najpopularniejszych ci\u0105gnik\u00f3w siod\u0142owych na drodze. W przypadku pojazd\u00f3w w pe\u0142ni za\u0142adowanych \u0142adunkiem wa\u017c\u0105cym ponad 80 000 funt\u00f3w, ka\u017cdy element mocuj\u0105cy odgrywa kluczow\u0105 rol\u0119 w bezpiecze\u0144stwie ka\u017cdej ci\u0119\u017car\u00f3wki na drodze. Je\u015bli kt\u00f3rykolwiek z tych element\u00f3w mocuj\u0105cych si\u0119 poluzuje, mo\u017ce doj\u015b\u0107 do potencjalnie niebezpiecznej sytuacji.<\/p>\n<p>W przypadku k\u00f3\u0142 floty ci\u0119\u017car\u00f3wek dostosowa\u0142y <a href=\"https:\/\/fasteners.sherex.com\/viewitems\/disc-lock-wedge-locking-nuts\/disc-lock-three-piece-wedge-locking-nuts\">nakr\u0119tk\u0119 zabezpieczaj\u0105c\u0105 ko\u0142a M22 Disc-Lock<\/a>, aby zapobiec niebezpiecznym wypadni\u0119ciom k\u00f3\u0142, w kt\u00f3rych ko\u0142a staj\u0105 si\u0119 tak lu\u017ane, \u017ce spadaj\u0105 z ci\u0119\u017car\u00f3wki, gdy jest ona w ruchu. Spo\u015br\u00f3d setek tysi\u0119cy k\u00f3\u0142 z nakr\u0119tk\u0105 zabezpieczaj\u0105c\u0105 ko\u0142a Disc-Lock nie odnotowano \u017bADNEGO przypadku odpadni\u0119cia ko\u0142a.<\/p>\n<p><a href=\"https:\/\/www.sherex.com\/wp-content\/uploads\/Heavy-Truck-Graphic.png\" target=\"_blank\" rel=\"noopener\"><img loading=\"lazy\" decoding=\"async\" class=\"wp-image-2620 aligncenter\" src=\"https:\/\/www.sherex.com\/wp-content\/uploads\/Heavy-Truck-Graphic.png\" alt=\"Rozwi\u0105zania mocuj\u0105ce dla przemys\u0142u ci\u0119\u017car\u00f3wek\" title=\"Rozwi\u0105zania mocuj\u0105ce dla przemys\u0142u ci\u0119\u017car\u00f3wek\" width=\"601\" height=\"320\" srcset=\"https:\/\/www.sherex.com\/wp-content\/uploads\/Heavy-Truck-Graphic.png 1500w, https:\/\/www.sherex.com\/wp-content\/uploads\/Heavy-Truck-Graphic-500x266.png 500w, https:\/\/www.sherex.com\/wp-content\/uploads\/Heavy-Truck-Graphic-1024x545.png 1024w, https:\/\/www.sherex.com\/wp-content\/uploads\/Heavy-Truck-Graphic-768x409.png 768w\" sizes=\"auto, (max-width: 709px) 85vw, (max-width: 909px) 67vw, (max-width: 1362px) 62vw, 840px\" \/><\/a><\/p>\n<p>W przypadku wielu projekt\u00f3w mocowa\u0144 do ci\u0119\u017car\u00f3wek firma Sherex projektuje niestandardowe mocowania specyficzne dla danego zastosowania. Obejmuje to specjalne poszycia, mocowania z uszczelkami pod \u0142bem, ograniczniki kompresji, <a href=\"https:\/\/www.sherex.com\/pl\/blog\/nakretki-nitowe-ograniczajace-sciskanie\/\">nakr\u0119tki nitowe ograniczaj\u0105ce kompresj\u0119,<\/a> nakr\u0119tki zaciskowe i nakr\u0119tki nitowe.<\/p>\n<p>Sp\u00f3jrz na niekt\u00f3re z popularnych rozwi\u0105za\u0144, kt\u00f3re firma Sherex oferuje producentom ci\u0119\u017car\u00f3wek poni\u017cej:<\/p>\n","protected":false},"excerpt":{"rendered":"<p>Ci\u0119\u017car\u00f3wki i ci\u0105gniki siod\u0142owe s\u0105 nieocenione dla gospodarek tego \u015bwiata. Dostarczaj\u0105 towary na wszystkie kra\u0144ce ziemi. Jednak aby te ci\u0119\u017car\u00f3wki mog\u0142y dotrze\u0107 z punktu A do punktu B, musz\u0105 by\u0107 bezpieczne i niezawodne. Niezawodno\u015b\u0107 ci\u0119\u017car\u00f3wek i ci\u0105gnik\u00f3w siod\u0142owych zaczyna si\u0119 na linii monta\u017cowej, gdzie operatorzy i instalatorzy buduj\u0105 ci\u0119\u017car\u00f3wk\u0119 do produkcji. Sherex ma wiele unikalnych [&hellip;]<\/p>\n","protected":false},"author":17,"featured_media":0,"parent":0,"menu_order":0,"comment_status":"closed","ping_status":"closed","template":"","meta":{"_acf_changed":false,"om_disable_all_campaigns":false,"inline_featured_image":false,"_monsterinsights_skip_tracking":false,"_monsterinsights_sitenote_active":false,"_monsterinsights_sitenote_note":"","_monsterinsights_sitenote_category":0,"_uf_show_specific_survey":0,"_uf_disable_surveys":false,"footnotes":""},"class_list":["post-5500","page","type-page","status-publish","hentry"],"acf":[],"yoast_head":"<!-- This site is optimized with the Yoast SEO plugin v27.4 - https:\/\/yoast.com\/product\/yoast-seo-wordpress\/ -->\n<title>Rozwi\u0105zania mocuj\u0105ce dla ci\u0119\u017car\u00f3wek | Rozwi\u0105zania mocuj\u0105ce Sherex<\/title>\n<meta name=\"description\" content=\"Sherex dostarcza rozwi\u0105zania mocuj\u0105ce dla przemys\u0142u ci\u0119\u017car\u00f3wek i ci\u0105gnik\u00f3w siod\u0142owych. Obejmuje to r\u00f3wnie\u017c rozwi\u0105zania dostosowane do potrzeb klienta!\" \/>\n<meta name=\"robots\" content=\"index, follow, max-snippet:-1, max-image-preview:large, max-video-preview:-1\" \/>\n<link rel=\"canonical\" href=\"https:\/\/www.sherex.com\/pl\/rozwiazania-mocujace-dla-przemyslu-ciezarowek\/\" \/>\n<meta property=\"og:locale\" content=\"pl_PL\" \/>\n<meta property=\"og:type\" content=\"article\" \/>\n<meta property=\"og:title\" content=\"Rozwi\u0105zania mocuj\u0105ce dla ci\u0119\u017car\u00f3wek | Rozwi\u0105zania mocuj\u0105ce Sherex\" \/>\n<meta property=\"og:description\" content=\"Sherex dostarcza rozwi\u0105zania mocuj\u0105ce dla przemys\u0142u ci\u0119\u017car\u00f3wek i ci\u0105gnik\u00f3w siod\u0142owych. Obejmuje to r\u00f3wnie\u017c rozwi\u0105zania dostosowane do potrzeb klienta!\" \/>\n<meta property=\"og:url\" content=\"https:\/\/www.sherex.com\/pl\/rozwiazania-mocujace-dla-przemyslu-ciezarowek\/\" \/>\n<meta property=\"og:site_name\" content=\"Sherex Fastening Solutions\" \/>\n<meta property=\"article:modified_time\" content=\"2024-11-18T14:11:33+00:00\" \/>\n<meta property=\"og:image\" content=\"https:\/\/www.sherex.com\/wp-content\/uploads\/Solutions-for-Heavy-Truck-1024x293.png\" \/>\n<meta name=\"twitter:label1\" content=\"Est. reading time\" \/>\n\t<meta name=\"twitter:data1\" content=\"4 minuty\" \/>\n<script type=\"application\/ld+json\" class=\"yoast-schema-graph\">{\"@context\":\"https:\\\/\\\/schema.org\",\"@graph\":[{\"@type\":\"WebPage\",\"@id\":\"https:\\\/\\\/www.sherex.com\\\/pl\\\/rozwiazania-mocujace-dla-przemyslu-ciezarowek\\\/\",\"url\":\"https:\\\/\\\/www.sherex.com\\\/pl\\\/rozwiazania-mocujace-dla-przemyslu-ciezarowek\\\/\",\"name\":\"Rozwi\u0105zania mocuj\u0105ce dla ci\u0119\u017car\u00f3wek | Rozwi\u0105zania mocuj\u0105ce Sherex\",\"isPartOf\":{\"@id\":\"https:\\\/\\\/www.sherex.com\\\/pl\\\/#website\"},\"primaryImageOfPage\":{\"@id\":\"https:\\\/\\\/www.sherex.com\\\/pl\\\/rozwiazania-mocujace-dla-przemyslu-ciezarowek\\\/#primaryimage\"},\"image\":{\"@id\":\"https:\\\/\\\/www.sherex.com\\\/pl\\\/rozwiazania-mocujace-dla-przemyslu-ciezarowek\\\/#primaryimage\"},\"thumbnailUrl\":\"https:\\\/\\\/www.sherex.com\\\/wp-content\\\/uploads\\\/Solutions-for-Heavy-Truck-1024x293.png\",\"datePublished\":\"2023-06-26T18:37:37+00:00\",\"dateModified\":\"2024-11-18T14:11:33+00:00\",\"description\":\"Sherex dostarcza rozwi\u0105zania mocuj\u0105ce dla przemys\u0142u ci\u0119\u017car\u00f3wek i ci\u0105gnik\u00f3w siod\u0142owych. Obejmuje to r\u00f3wnie\u017c rozwi\u0105zania dostosowane do potrzeb klienta!\",\"breadcrumb\":{\"@id\":\"https:\\\/\\\/www.sherex.com\\\/pl\\\/rozwiazania-mocujace-dla-przemyslu-ciezarowek\\\/#breadcrumb\"},\"inLanguage\":\"pl-PL\",\"potentialAction\":[{\"@type\":\"ReadAction\",\"target\":[\"https:\\\/\\\/www.sherex.com\\\/pl\\\/rozwiazania-mocujace-dla-przemyslu-ciezarowek\\\/\"]}]},{\"@type\":\"ImageObject\",\"inLanguage\":\"pl-PL\",\"@id\":\"https:\\\/\\\/www.sherex.com\\\/pl\\\/rozwiazania-mocujace-dla-przemyslu-ciezarowek\\\/#primaryimage\",\"url\":\"https:\\\/\\\/www.sherex.com\\\/wp-content\\\/uploads\\\/Solutions-for-Heavy-Truck-1024x293.png\",\"contentUrl\":\"https:\\\/\\\/www.sherex.com\\\/wp-content\\\/uploads\\\/Solutions-for-Heavy-Truck-1024x293.png\"},{\"@type\":\"BreadcrumbList\",\"@id\":\"https:\\\/\\\/www.sherex.com\\\/pl\\\/rozwiazania-mocujace-dla-przemyslu-ciezarowek\\\/#breadcrumb\",\"itemListElement\":[{\"@type\":\"ListItem\",\"position\":1,\"name\":\"Home\",\"item\":\"https:\\\/\\\/www.sherex.com\\\/pl\\\/\"},{\"@type\":\"ListItem\",\"position\":2,\"name\":\"Rozwi\u0105zania mocuj\u0105ce dla przemys\u0142u ci\u0119\u017car\u00f3wek\"}]},{\"@type\":\"WebSite\",\"@id\":\"https:\\\/\\\/www.sherex.com\\\/pl\\\/#website\",\"url\":\"https:\\\/\\\/www.sherex.com\\\/pl\\\/\",\"name\":\"Sherex Fastening Solutions\",\"description\":\"\",\"potentialAction\":[{\"@type\":\"SearchAction\",\"target\":{\"@type\":\"EntryPoint\",\"urlTemplate\":\"https:\\\/\\\/www.sherex.com\\\/pl\\\/?s={search_term_string}\"},\"query-input\":{\"@type\":\"PropertyValueSpecification\",\"valueRequired\":true,\"valueName\":\"search_term_string\"}}],\"inLanguage\":\"pl-PL\"}]}<\/script>\n<!-- \/ Yoast SEO plugin. -->","yoast_head_json":{"title":"Rozwi\u0105zania mocuj\u0105ce dla ci\u0119\u017car\u00f3wek | Rozwi\u0105zania mocuj\u0105ce Sherex","description":"Sherex dostarcza rozwi\u0105zania mocuj\u0105ce dla przemys\u0142u ci\u0119\u017car\u00f3wek i ci\u0105gnik\u00f3w siod\u0142owych. Obejmuje to r\u00f3wnie\u017c rozwi\u0105zania dostosowane do potrzeb klienta!","robots":{"index":"index","follow":"follow","max-snippet":"max-snippet:-1","max-image-preview":"max-image-preview:large","max-video-preview":"max-video-preview:-1"},"canonical":"https:\/\/www.sherex.com\/pl\/rozwiazania-mocujace-dla-przemyslu-ciezarowek\/","og_locale":"pl_PL","og_type":"article","og_title":"Rozwi\u0105zania mocuj\u0105ce dla ci\u0119\u017car\u00f3wek | Rozwi\u0105zania mocuj\u0105ce Sherex","og_description":"Sherex dostarcza rozwi\u0105zania mocuj\u0105ce dla przemys\u0142u ci\u0119\u017car\u00f3wek i ci\u0105gnik\u00f3w siod\u0142owych. Obejmuje to r\u00f3wnie\u017c rozwi\u0105zania dostosowane do potrzeb klienta!","og_url":"https:\/\/www.sherex.com\/pl\/rozwiazania-mocujace-dla-przemyslu-ciezarowek\/","og_site_name":"Sherex Fastening Solutions","article_modified_time":"2024-11-18T14:11:33+00:00","og_image":[{"url":"https:\/\/www.sherex.com\/wp-content\/uploads\/Solutions-for-Heavy-Truck-1024x293.png","type":"","width":"","height":""}],"twitter_misc":{"Est. reading time":"4 minuty"},"schema":{"@context":"https:\/\/schema.org","@graph":[{"@type":"WebPage","@id":"https:\/\/www.sherex.com\/pl\/rozwiazania-mocujace-dla-przemyslu-ciezarowek\/","url":"https:\/\/www.sherex.com\/pl\/rozwiazania-mocujace-dla-przemyslu-ciezarowek\/","name":"Rozwi\u0105zania mocuj\u0105ce dla ci\u0119\u017car\u00f3wek | Rozwi\u0105zania mocuj\u0105ce Sherex","isPartOf":{"@id":"https:\/\/www.sherex.com\/pl\/#website"},"primaryImageOfPage":{"@id":"https:\/\/www.sherex.com\/pl\/rozwiazania-mocujace-dla-przemyslu-ciezarowek\/#primaryimage"},"image":{"@id":"https:\/\/www.sherex.com\/pl\/rozwiazania-mocujace-dla-przemyslu-ciezarowek\/#primaryimage"},"thumbnailUrl":"https:\/\/www.sherex.com\/wp-content\/uploads\/Solutions-for-Heavy-Truck-1024x293.png","datePublished":"2023-06-26T18:37:37+00:00","dateModified":"2024-11-18T14:11:33+00:00","description":"Sherex dostarcza rozwi\u0105zania mocuj\u0105ce dla przemys\u0142u ci\u0119\u017car\u00f3wek i ci\u0105gnik\u00f3w siod\u0142owych. Obejmuje to r\u00f3wnie\u017c rozwi\u0105zania dostosowane do potrzeb klienta!","breadcrumb":{"@id":"https:\/\/www.sherex.com\/pl\/rozwiazania-mocujace-dla-przemyslu-ciezarowek\/#breadcrumb"},"inLanguage":"pl-PL","potentialAction":[{"@type":"ReadAction","target":["https:\/\/www.sherex.com\/pl\/rozwiazania-mocujace-dla-przemyslu-ciezarowek\/"]}]},{"@type":"ImageObject","inLanguage":"pl-PL","@id":"https:\/\/www.sherex.com\/pl\/rozwiazania-mocujace-dla-przemyslu-ciezarowek\/#primaryimage","url":"https:\/\/www.sherex.com\/wp-content\/uploads\/Solutions-for-Heavy-Truck-1024x293.png","contentUrl":"https:\/\/www.sherex.com\/wp-content\/uploads\/Solutions-for-Heavy-Truck-1024x293.png"},{"@type":"BreadcrumbList","@id":"https:\/\/www.sherex.com\/pl\/rozwiazania-mocujace-dla-przemyslu-ciezarowek\/#breadcrumb","itemListElement":[{"@type":"ListItem","position":1,"name":"Home","item":"https:\/\/www.sherex.com\/pl\/"},{"@type":"ListItem","position":2,"name":"Rozwi\u0105zania mocuj\u0105ce dla przemys\u0142u ci\u0119\u017car\u00f3wek"}]},{"@type":"WebSite","@id":"https:\/\/www.sherex.com\/pl\/#website","url":"https:\/\/www.sherex.com\/pl\/","name":"Sherex Fastening Solutions","description":"","potentialAction":[{"@type":"SearchAction","target":{"@type":"EntryPoint","urlTemplate":"https:\/\/www.sherex.com\/pl\/?s={search_term_string}"},"query-input":{"@type":"PropertyValueSpecification","valueRequired":true,"valueName":"search_term_string"}}],"inLanguage":"pl-PL"}]}},"_links":{"self":[{"href":"https:\/\/www.sherex.com\/pl\/wp-json\/wp\/v2\/pages\/5500","targetHints":{"allow":["GET"]}}],"collection":[{"href":"https:\/\/www.sherex.com\/pl\/wp-json\/wp\/v2\/pages"}],"about":[{"href":"https:\/\/www.sherex.com\/pl\/wp-json\/wp\/v2\/types\/page"}],"author":[{"embeddable":true,"href":"https:\/\/www.sherex.com\/pl\/wp-json\/wp\/v2\/users\/17"}],"replies":[{"embeddable":true,"href":"https:\/\/www.sherex.com\/pl\/wp-json\/wp\/v2\/comments?post=5500"}],"version-history":[{"count":0,"href":"https:\/\/www.sherex.com\/pl\/wp-json\/wp\/v2\/pages\/5500\/revisions"}],"wp:attachment":[{"href":"https:\/\/www.sherex.com\/pl\/wp-json\/wp\/v2\/media?parent=5500"}],"curies":[{"name":"wp","href":"https:\/\/api.w.org\/{rel}","templated":true}]}}