{"id":5514,"date":"2022-12-29T12:24:38","date_gmt":"2022-12-29T16:24:38","guid":{"rendered":"https:\/\/www.sherex.com\/sherex-meksyk\/"},"modified":"2025-01-10T03:09:38","modified_gmt":"2025-01-10T07:09:38","slug":"sherex-meksyk","status":"publish","type":"page","link":"https:\/\/www.sherex.com\/pl\/sherex-meksyk\/","title":{"rendered":"Sherex Meksyk"},"content":{"rendered":"<p><img loading=\"lazy\" decoding=\"async\" class=\"wp-image-2405 aligncenter\" src=\"https:\/\/www.sherex.com\/wp-content\/uploads\/SherexMexico-Page-header-1024x293.png\" alt=\"\" width=\"801\" height=\"229\" srcset=\"https:\/\/www.sherex.com\/wp-content\/uploads\/SherexMexico-Page-header-1024x293.png 1024w, https:\/\/www.sherex.com\/wp-content\/uploads\/SherexMexico-Page-header-500x143.png 500w, https:\/\/www.sherex.com\/wp-content\/uploads\/SherexMexico-Page-header-768x220.png 768w, https:\/\/www.sherex.com\/wp-content\/uploads\/SherexMexico-Page-header.png 1500w\" sizes=\"auto, (max-width: 709px) 85vw, (max-width: 909px) 67vw, (max-width: 1362px) 62vw, 840px\" \/><\/p>\n<p><strong>Sherex Mexico<\/strong> to centrum sprzeda\u017cy, obs\u0142ugi klienta, in\u017cynierii, magazynowania i dystrybucji Sherex zlokalizowane w Santiago de Quer\u00e9taro w Meksyku dla Sherex Products.<\/p>\n<p>Z naszego zak\u0142adu w Meksyku Sherex b\u0119dzie w stanie wspiera\u0107 klient\u00f3w z ca\u0142ego Meksyku, Ameryki \u0141aci\u0144skiej i Ameryki Po\u0142udniowej, a te lokalizacje b\u0119d\u0105 mia\u0142y szybkie terminy realizacji i dedykowane wsparcie techniczne i in\u017cynieryjne.<\/p>\n<div id=\"attachment_2406\" style=\"width: 410px\" class=\"wp-caption alignright\"><a href=\"https:\/\/www.sherex.com\/wp-content\/uploads\/Sherex-Collage.jpg\" class=\"lightbox\"><img loading=\"lazy\" decoding=\"async\" aria-describedby=\"caption-attachment-2406\" class=\"wp-image-2406\" src=\"https:\/\/www.sherex.com\/wp-content\/uploads\/Sherex-Collage-1024x614.jpg\" alt=\"\" width=\"400\" height=\"240\" srcset=\"https:\/\/www.sherex.com\/wp-content\/uploads\/Sherex-Collage-1024x614.jpg 1024w, https:\/\/www.sherex.com\/wp-content\/uploads\/Sherex-Collage-500x300.jpg 500w, https:\/\/www.sherex.com\/wp-content\/uploads\/Sherex-Collage-768x461.jpg 768w, https:\/\/www.sherex.com\/wp-content\/uploads\/Sherex-Collage.jpg 1500w\" sizes=\"auto, (max-width: 709px) 85vw, (max-width: 909px) 67vw, (max-width: 1362px) 62vw, 840px\" \/><\/a><p id=\"caption-attachment-2406\" class=\"wp-caption-text\">Sherex Mexico co roku dostarcza miliony element\u00f3w z\u0142\u0105cznych Sherex i system\u00f3w narz\u0119dzi do element\u00f3w z\u0142\u0105cznych do Meksyku i Ameryki \u0141aci\u0144skiej<\/p><\/div>\n<p>Od 2009 roku Sherex wspiera\u0142 tysi\u0105ce projekt\u00f3w mocowa\u0144 w Meksyku, a ta plac\u00f3wka przybli\u017ca nas do klient\u00f3w i naszych partner\u00f3w. Z naszej lokalizacji Sherex w Meksyku mo\u017cesz uzyska\u0107 szybsze terminy realizacji wszystkich produkt\u00f3w, w tym <a href=\"https:\/\/fasteners.sherex.com\/category\/blind-rivet-nuts\">nakr\u0119tek nitowych<\/a>, <a href=\"\/pl\/orzechy-zaciskowe\/\">nakr\u0119tek zaciskowych<\/a>, <a href=\"\/pl\/systemy-montazu-elementow-zlacznych\/\">produkt\u00f3w z blokad\u0105 klinow\u0105 Disc-Lock\u00ae i TEC Series\u00ae<\/a> oraz wszystkich <a href=\"https:\/\/www.sherex.com\/fastener-installation-systems\/\">system\u00f3w monta\u017cu element\u00f3w z\u0142\u0105cznych<\/a>.<\/p>\n<p>Maj\u0105c dziesi\u0105tki zak\u0142ad\u00f3w monta\u017cowych producent\u00f3w samochod\u00f3w zlokalizowanych w Meksyku, Sherex Mexico ma du\u017ce do\u015bwiadczenie w <strong>bran\u017cy element\u00f3w z\u0142\u0105cznych samochodowych<\/strong> i specjalizuje si\u0119 w opracowywaniu unikalnych, dostosowanych element\u00f3w z\u0142\u0105cznych, kt\u00f3re pomagaj\u0105 poprawi\u0107 wydajno\u015b\u0107 aplikacji, jednocze\u015bnie skracaj\u0105c czas przer\u00f3bek i monta\u017cu. Ostatnio Sherex Mexico pracowa\u0142 nad r\u00f3\u017cnymi <a href=\"\/pl\/rozwiazania-mocujace-dla-branzy-pojazdow-elektrycznych\/\">projektami element\u00f3w z\u0142\u0105cznych do pojazd\u00f3w elektrycznych<\/a>, poniewa\u017c produkcja zaczyna si\u0119 rozkr\u0119ca\u0107.<\/p>\n<p>Sherex Mexico by\u0142o pierwszym biurem sprzeda\u017cy i dystrybucji Sherex zlokalizowanym poza Stanami Zjednoczonymi. Sherex niedawno otworzy\u0142 <a href=\"\/pl\/o\/sherex-wielka-brytania\/\">Sherex UK<\/a> i <a href=\"\/pl\/o\/sherex-poland\/\">Sherex Poland<\/a>, aby zapewni\u0107 wsparcie klientom z Europy i Bliskiego Wschodu.<\/p>\n<p>Skontaktuj si\u0119 z <a href=\"mailto:gerencia.general@sherexmx.com\">gerencia.general@sherexmx.com<\/a>, aby dowiedzie\u0107 si\u0119, w jaki spos\u00f3b Sherex Mexico mo\u017ce pom\u00f3c meksyka\u0144skim, latynoameryka\u0144skim i po\u0142udniowoameryka\u0144skim producentom poprawi\u0107 jako\u015b\u0107 ich produkt\u00f3w dzi\u0119ki innowacyjnym rozwi\u0105zaniom mocuj\u0105cym.<\/p>\n<p><strong>Sherex Mexico S. de R. L. de C.V.<\/strong><br \/>\nWiniarnia Balvanera Circuit 5A 11<br \/>\nPark Przemys\u0142owy Balvanera<br \/>\nCorregidora, Queretaro<br \/>\nC.P. 76900 Meksyk<\/p>\n<p>Telefon: +52 (442) 196-8354<br \/>\nE-mail: <a href=\"mailto:gerencia.general@sherexmx.com\">gerencia.general@sherexmx.com<\/a><\/p>\n<p><iframe loading=\"lazy\" style=\"border: 0;\" src=\"https:\/\/www.google.com\/maps\/embed?pb=!1m18!1m12!1m3!1d79788.05158310133!2d-100.44844673605056!3d20.553632110138885!2m3!1f0!2f0!3f0!3m2!1i1024!2i768!4f13.1!3m3!1m2!1s0x85d344b384b800a1%3A0x2f0b7c4ab09eb0b0!2sSherex%20Mexico%20S%20de%20RL%20de%20CV!5e0!3m2!1sen!2sus!4v1571339609133!5m2!1sen!2sus\" width=\"400\" height=\"300\" frameborder=\"0\" allowfullscreen=\"allowfullscreen\"><span style=\"display: inline-block; width: 0px; overflow: hidden; line-height: 0;\" data-mce-type=\"bookmark\" class=\"mce_SELRES_start\">\ufeff<\/span><\/iframe><\/p>\n","protected":false},"excerpt":{"rendered":"<p>Sherex Mexico to centrum sprzeda\u017cy, obs\u0142ugi klienta, in\u017cynierii, magazynowania i dystrybucji Sherex zlokalizowane w Santiago de Quer\u00e9taro w Meksyku dla Sherex Products. Z naszego zak\u0142adu w Meksyku Sherex b\u0119dzie w stanie wspiera\u0107 klient\u00f3w z ca\u0142ego Meksyku, Ameryki \u0141aci\u0144skiej i Ameryki Po\u0142udniowej, a te lokalizacje b\u0119d\u0105 mia\u0142y szybkie terminy realizacji i dedykowane wsparcie techniczne i in\u017cynieryjne. [&hellip;]<\/p>\n","protected":false},"author":17,"featured_media":0,"parent":0,"menu_order":0,"comment_status":"closed","ping_status":"closed","template":"","meta":{"_acf_changed":false,"om_disable_all_campaigns":false,"inline_featured_image":false,"_monsterinsights_skip_tracking":false,"_monsterinsights_sitenote_active":false,"_monsterinsights_sitenote_note":"","_monsterinsights_sitenote_category":0,"_uf_show_specific_survey":0,"_uf_disable_surveys":false,"footnotes":""},"class_list":["post-5514","page","type-page","status-publish","hentry"],"acf":[],"yoast_head":"<!-- This site is optimized with the Yoast SEO plugin v27.5 - https:\/\/yoast.com\/product\/yoast-seo-wordpress\/ -->\n<title>Sherex Meksyk | Elementy z\u0142\u0105czne dla Meksyku, Ameryki \u0141aci\u0144skiej<\/title>\n<meta name=\"description\" content=\"Sherex Mexico oferuje szerok\u0105 gam\u0119 rozwi\u0105za\u0144 w zakresie element\u00f3w z\u0142\u0105cznych i narz\u0119dzi dla Meksyku, Ameryki \u0141aci\u0144skiej i Ameryki Po\u0142udniowej.\" \/>\n<meta name=\"robots\" content=\"index, follow, max-snippet:-1, max-image-preview:large, max-video-preview:-1\" \/>\n<link rel=\"canonical\" href=\"https:\/\/www.sherex.com\/pl\/sherex-meksyk\/\" \/>\n<meta property=\"og:locale\" content=\"pl_PL\" \/>\n<meta property=\"og:type\" content=\"article\" \/>\n<meta property=\"og:title\" content=\"Sherex Meksyk | Elementy z\u0142\u0105czne dla Meksyku, Ameryki \u0141aci\u0144skiej\" \/>\n<meta property=\"og:description\" content=\"Sherex Mexico oferuje szerok\u0105 gam\u0119 rozwi\u0105za\u0144 w zakresie element\u00f3w z\u0142\u0105cznych i narz\u0119dzi dla Meksyku, Ameryki \u0141aci\u0144skiej i Ameryki Po\u0142udniowej.\" \/>\n<meta property=\"og:url\" content=\"https:\/\/www.sherex.com\/pl\/sherex-meksyk\/\" \/>\n<meta property=\"og:site_name\" content=\"Sherex Fastening Solutions\" \/>\n<meta property=\"article:modified_time\" content=\"2025-01-10T07:09:38+00:00\" \/>\n<meta property=\"og:image\" content=\"https:\/\/www.sherex.com\/wp-content\/uploads\/SherexMexico-Page-header.png\" \/>\n\t<meta property=\"og:image:width\" content=\"1500\" \/>\n\t<meta property=\"og:image:height\" content=\"429\" \/>\n\t<meta property=\"og:image:type\" content=\"image\/png\" \/>\n<meta name=\"twitter:label1\" content=\"Est. reading time\" \/>\n\t<meta name=\"twitter:data1\" content=\"2 minuty\" \/>\n<script type=\"application\/ld+json\" class=\"yoast-schema-graph\">{\"@context\":\"https:\\\/\\\/schema.org\",\"@graph\":[{\"@type\":\"WebPage\",\"@id\":\"https:\\\/\\\/www.sherex.com\\\/pl\\\/sherex-meksyk\\\/\",\"url\":\"https:\\\/\\\/www.sherex.com\\\/pl\\\/sherex-meksyk\\\/\",\"name\":\"Sherex Meksyk | Elementy z\u0142\u0105czne dla Meksyku, Ameryki \u0141aci\u0144skiej\",\"isPartOf\":{\"@id\":\"https:\\\/\\\/www.sherex.com\\\/pl\\\/#website\"},\"primaryImageOfPage\":{\"@id\":\"https:\\\/\\\/www.sherex.com\\\/pl\\\/sherex-meksyk\\\/#primaryimage\"},\"image\":{\"@id\":\"https:\\\/\\\/www.sherex.com\\\/pl\\\/sherex-meksyk\\\/#primaryimage\"},\"thumbnailUrl\":\"https:\\\/\\\/www.sherex.com\\\/wp-content\\\/uploads\\\/SherexMexico-Page-header-1024x293.png\",\"datePublished\":\"2022-12-29T16:24:38+00:00\",\"dateModified\":\"2025-01-10T07:09:38+00:00\",\"description\":\"Sherex Mexico oferuje szerok\u0105 gam\u0119 rozwi\u0105za\u0144 w zakresie element\u00f3w z\u0142\u0105cznych i narz\u0119dzi dla Meksyku, Ameryki \u0141aci\u0144skiej i Ameryki Po\u0142udniowej.\",\"breadcrumb\":{\"@id\":\"https:\\\/\\\/www.sherex.com\\\/pl\\\/sherex-meksyk\\\/#breadcrumb\"},\"inLanguage\":\"pl-PL\",\"potentialAction\":[{\"@type\":\"ReadAction\",\"target\":[\"https:\\\/\\\/www.sherex.com\\\/pl\\\/sherex-meksyk\\\/\"]}]},{\"@type\":\"ImageObject\",\"inLanguage\":\"pl-PL\",\"@id\":\"https:\\\/\\\/www.sherex.com\\\/pl\\\/sherex-meksyk\\\/#primaryimage\",\"url\":\"https:\\\/\\\/www.sherex.com\\\/wp-content\\\/uploads\\\/SherexMexico-Page-header-1024x293.png\",\"contentUrl\":\"https:\\\/\\\/www.sherex.com\\\/wp-content\\\/uploads\\\/SherexMexico-Page-header-1024x293.png\"},{\"@type\":\"BreadcrumbList\",\"@id\":\"https:\\\/\\\/www.sherex.com\\\/pl\\\/sherex-meksyk\\\/#breadcrumb\",\"itemListElement\":[{\"@type\":\"ListItem\",\"position\":1,\"name\":\"Home\",\"item\":\"https:\\\/\\\/www.sherex.com\\\/pl\\\/\"},{\"@type\":\"ListItem\",\"position\":2,\"name\":\"Sherex Meksyk\"}]},{\"@type\":\"WebSite\",\"@id\":\"https:\\\/\\\/www.sherex.com\\\/pl\\\/#website\",\"url\":\"https:\\\/\\\/www.sherex.com\\\/pl\\\/\",\"name\":\"Sherex Fastening Solutions\",\"description\":\"\",\"potentialAction\":[{\"@type\":\"SearchAction\",\"target\":{\"@type\":\"EntryPoint\",\"urlTemplate\":\"https:\\\/\\\/www.sherex.com\\\/pl\\\/?s={search_term_string}\"},\"query-input\":{\"@type\":\"PropertyValueSpecification\",\"valueRequired\":true,\"valueName\":\"search_term_string\"}}],\"inLanguage\":\"pl-PL\"}]}<\/script>\n<!-- \/ Yoast SEO plugin. -->","yoast_head_json":{"title":"Sherex Meksyk | Elementy z\u0142\u0105czne dla Meksyku, Ameryki \u0141aci\u0144skiej","description":"Sherex Mexico oferuje szerok\u0105 gam\u0119 rozwi\u0105za\u0144 w zakresie element\u00f3w z\u0142\u0105cznych i narz\u0119dzi dla Meksyku, Ameryki \u0141aci\u0144skiej i Ameryki Po\u0142udniowej.","robots":{"index":"index","follow":"follow","max-snippet":"max-snippet:-1","max-image-preview":"max-image-preview:large","max-video-preview":"max-video-preview:-1"},"canonical":"https:\/\/www.sherex.com\/pl\/sherex-meksyk\/","og_locale":"pl_PL","og_type":"article","og_title":"Sherex Meksyk | Elementy z\u0142\u0105czne dla Meksyku, Ameryki \u0141aci\u0144skiej","og_description":"Sherex Mexico oferuje szerok\u0105 gam\u0119 rozwi\u0105za\u0144 w zakresie element\u00f3w z\u0142\u0105cznych i narz\u0119dzi dla Meksyku, Ameryki \u0141aci\u0144skiej i Ameryki Po\u0142udniowej.","og_url":"https:\/\/www.sherex.com\/pl\/sherex-meksyk\/","og_site_name":"Sherex Fastening Solutions","article_modified_time":"2025-01-10T07:09:38+00:00","og_image":[{"width":1500,"height":429,"url":"https:\/\/www.sherex.com\/wp-content\/uploads\/SherexMexico-Page-header.png","type":"image\/png"}],"twitter_misc":{"Est. reading time":"2 minuty"},"schema":{"@context":"https:\/\/schema.org","@graph":[{"@type":"WebPage","@id":"https:\/\/www.sherex.com\/pl\/sherex-meksyk\/","url":"https:\/\/www.sherex.com\/pl\/sherex-meksyk\/","name":"Sherex Meksyk | Elementy z\u0142\u0105czne dla Meksyku, Ameryki \u0141aci\u0144skiej","isPartOf":{"@id":"https:\/\/www.sherex.com\/pl\/#website"},"primaryImageOfPage":{"@id":"https:\/\/www.sherex.com\/pl\/sherex-meksyk\/#primaryimage"},"image":{"@id":"https:\/\/www.sherex.com\/pl\/sherex-meksyk\/#primaryimage"},"thumbnailUrl":"https:\/\/www.sherex.com\/wp-content\/uploads\/SherexMexico-Page-header-1024x293.png","datePublished":"2022-12-29T16:24:38+00:00","dateModified":"2025-01-10T07:09:38+00:00","description":"Sherex Mexico oferuje szerok\u0105 gam\u0119 rozwi\u0105za\u0144 w zakresie element\u00f3w z\u0142\u0105cznych i narz\u0119dzi dla Meksyku, Ameryki \u0141aci\u0144skiej i Ameryki Po\u0142udniowej.","breadcrumb":{"@id":"https:\/\/www.sherex.com\/pl\/sherex-meksyk\/#breadcrumb"},"inLanguage":"pl-PL","potentialAction":[{"@type":"ReadAction","target":["https:\/\/www.sherex.com\/pl\/sherex-meksyk\/"]}]},{"@type":"ImageObject","inLanguage":"pl-PL","@id":"https:\/\/www.sherex.com\/pl\/sherex-meksyk\/#primaryimage","url":"https:\/\/www.sherex.com\/wp-content\/uploads\/SherexMexico-Page-header-1024x293.png","contentUrl":"https:\/\/www.sherex.com\/wp-content\/uploads\/SherexMexico-Page-header-1024x293.png"},{"@type":"BreadcrumbList","@id":"https:\/\/www.sherex.com\/pl\/sherex-meksyk\/#breadcrumb","itemListElement":[{"@type":"ListItem","position":1,"name":"Home","item":"https:\/\/www.sherex.com\/pl\/"},{"@type":"ListItem","position":2,"name":"Sherex Meksyk"}]},{"@type":"WebSite","@id":"https:\/\/www.sherex.com\/pl\/#website","url":"https:\/\/www.sherex.com\/pl\/","name":"Sherex Fastening Solutions","description":"","potentialAction":[{"@type":"SearchAction","target":{"@type":"EntryPoint","urlTemplate":"https:\/\/www.sherex.com\/pl\/?s={search_term_string}"},"query-input":{"@type":"PropertyValueSpecification","valueRequired":true,"valueName":"search_term_string"}}],"inLanguage":"pl-PL"}]}},"_links":{"self":[{"href":"https:\/\/www.sherex.com\/pl\/wp-json\/wp\/v2\/pages\/5514","targetHints":{"allow":["GET"]}}],"collection":[{"href":"https:\/\/www.sherex.com\/pl\/wp-json\/wp\/v2\/pages"}],"about":[{"href":"https:\/\/www.sherex.com\/pl\/wp-json\/wp\/v2\/types\/page"}],"author":[{"embeddable":true,"href":"https:\/\/www.sherex.com\/pl\/wp-json\/wp\/v2\/users\/17"}],"replies":[{"embeddable":true,"href":"https:\/\/www.sherex.com\/pl\/wp-json\/wp\/v2\/comments?post=5514"}],"version-history":[{"count":0,"href":"https:\/\/www.sherex.com\/pl\/wp-json\/wp\/v2\/pages\/5514\/revisions"}],"wp:attachment":[{"href":"https:\/\/www.sherex.com\/pl\/wp-json\/wp\/v2\/media?parent=5514"}],"curies":[{"name":"wp","href":"https:\/\/api.w.org\/{rel}","templated":true}]}}