{"id":6107,"date":"2014-07-10T16:09:15","date_gmt":"2014-07-10T20:09:15","guid":{"rendered":"https:\/\/www.sherex.com\/?page_id=6107"},"modified":"2025-01-10T05:58:28","modified_gmt":"2025-01-10T09:58:28","slug":"polityka-prywatnosci","status":"publish","type":"page","link":"https:\/\/www.sherex.com\/pl\/polityka-prywatnosci\/","title":{"rendered":"Polityka prywatno\u015bci"},"content":{"rendered":"<p><strong>Ostatnia modyfikacja:<\/strong> 27 lipca 2020<\/p>\n<p><strong>Sherex Fastening Solutions, LLC<\/strong> (\u201eSherex\u201d) szanuje Twoj\u0105 prywatno\u015b\u0107 i informacje odwiedzaj\u0105cych nasz\u0105 witryn\u0119. Nie sprzedajemy ani nie wynajmujemy osobom trzecim \u017cadnych informacji zebranych za po\u015brednictwem tej witryny.<\/p>\n<h3>Zbierane informacje<\/h3>\n<p>Je\u015bli poprosisz nas o informacje lub prze\u015blesz je nam, wysy\u0142aj\u0105c wiadomo\u015b\u0107 e-mail lub wype\u0142niaj\u0105c formularz kontaktowy, mo\u017cemy zapisa\u0107 Tw\u00f3j adres e-mail, a tak\u017ce wszelkie inne informacje, kt\u00f3re podasz w formularzach witryny przes\u0142anych do nas. Informacje te mog\u0105 by\u0107 wykorzystane do skontaktowania si\u0119 z Tob\u0105 w przysz\u0142o\u015bci poczt\u0105, e-mailem lub telefonicznie w celu przekazania informacji o naszych produktach, us\u0142ugach lub rozwi\u0105zaniach, kt\u00f3re naszym zdaniem mog\u0105 Ci pom\u00f3c.<\/p>\n<h3>Informacje zbierane przez inne osoby<\/h3>\n<p>Niniejsze powiadomienie dotyczy wy\u0142\u0105cznie polityki witryny Sherex i nie ma zastosowania do witryn, do kt\u00f3rych u\u017cytkownicy uzyskuj\u0105 dost\u0119p za po\u015brednictwem link\u00f3w z naszej witryny. Sherex nie ponosi odpowiedzialno\u015bci za zasady gromadzenia informacji innych witryn, za praktyki stosowane przez witryny po\u0142\u0105czone z nasz\u0105 witryn\u0105 lub z niej, ani za informacje lub tre\u015bci w nich zawarte. Cz\u0119sto linki do innych witryn s\u0105 udost\u0119pniane wy\u0142\u0105cznie na podstawie tego, \u017ce mog\u0105 zawiera\u0107 przydatne informacje dla odwiedzaj\u0105cych nasz\u0105 witryn\u0119. U\u017cytkownikom zaleca si\u0119 zapoznanie si\u0119 z polityk\u0105 prywatno\u015bci tych innych witryn.<\/p>\n<h3>Pliki cookie<\/h3>\n<p>Ta witryna mo\u017ce umieszcza\u0107 pliki cookie na Twoim komputerze. Plik cookie to plik tekstowy, kt\u00f3ry jest umieszczany na Twoim komputerze przez nasz serwer internetowy i pomaga zapami\u0119ta\u0107 spos\u00f3b korzystania z tej witryny. Pliki cookie s\u0105 generowane w unikalny spos\u00f3b i przypisywane do Ciebie.<\/p>\n<p>Mo\u017cemy r\u00f3wnie\u017c u\u017cywa\u0107 jednego lub wi\u0119cej narz\u0119dzi \u015bledz\u0105cych stron trzecich, kt\u00f3re wykorzystuj\u0105 zebrane dane do \u015bledzenia i badania korzystania z sherexfastestg.wpenginepowered.com oraz do przygotowywania raport\u00f3w dotycz\u0105cych korzystania z naszej witryny. Te narz\u0119dzia \u015bledz\u0105ce stron trzecich nie zbieraj\u0105 danych osobowych. <\/p>\n<h3>Inne informacje, kt\u00f3re zbieramy<\/h3>\n<p>Sherex mo\u017ce \u015bledzi\u0107 informacje techniczne o Twoim komputerze lub urz\u0105dzeniu mobilnym, takie jak typ i wersja przegl\u0105darki, typy i wersje wtyczek do przegl\u0105darki oraz system operacyjny Twojego komputera; dostawca us\u0142ug internetowych (ISP) lub inny dostawca, z kt\u00f3rego korzystasz, aby uzyska\u0107 dost\u0119p do tej witryny, linki na tej witrynie i niekt\u00f3re z naszych us\u0142ug; a tak\u017ce Tw\u00f3j adres protoko\u0142u internetowego (IP), lokalizacja i ustawienia strefy czasowej. Aby pom\u00f3c nam zrozumie\u0107, jak u\u017cytkownicy korzystaj\u0105 z tej witryny, ulepszy\u0107 Twoje do\u015bwiadczenia na stronie i pom\u00f3c nam w marketingu i zarz\u0105dzaniu t\u0105 witryn\u0105 i naszymi us\u0142ugami, mo\u017cemy r\u00f3wnie\u017c zbiera\u0107 informacje o tym, w jaki spos\u00f3b zosta\u0142e\u015b przekierowany do tej witryny i naszych us\u0142ug, w jaki spos\u00f3b si\u0119 po nich poruszasz, jakie produkty lub us\u0142ugi przegl\u0105dasz, do kt\u00f3rych zewn\u0119trznych witryn lub link\u00f3w uzyskujesz dost\u0119p z tej witryny. Informacje te mog\u0105 by\u0107 wykorzystywane mi\u0119dzy innymi w raportowaniu, marketingu i analizie tej witryny oraz jej us\u0142ug i funkcji i mog\u0105 by\u0107 udost\u0119pniane naszym podmiotom stowarzyszonym, dostawcom, us\u0142ugodawcom i\/lub ich oraz naszym odpowiednim agentom i kontrahentom. <\/p>\n<h3>Aktualizowanie, korygowanie i usuwanie danych osobowych<\/h3>\n<p>Je\u015bli chcesz zaktualizowa\u0107, poprawi\u0107 lub usun\u0105\u0107 swoje dane osobowe z naszych rejestr\u00f3w, wy\u015blij wiadomo\u015b\u0107 e-mail z tematem \u201eAktualizuj\/popraw lub usu\u0144 dane osobowe\u201d na adres <a href=\"mailto:info@sherex.com\">info@sherex.com<\/a><\/p>\n<h3>Rezygnacja z otrzymywania wiadomo\u015bci e-mail<\/h3>\n<p>Mo\u017cesz zrezygnowa\u0107 z otrzymywania wiadomo\u015bci e-mail od Sherex w dowolnym momencie. Od czasu do czasu Sherex mo\u017ce reklamowa\u0107 niekt\u00f3re ze swoich produkt\u00f3w i us\u0142ug za po\u015brednictwem poczty e-mail. Ka\u017cda wiadomo\u015b\u0107 e-mail wys\u0142ana przez Sherex b\u0119dzie zawiera\u0107 odpowiednie instrukcje dotycz\u0105ce rezygnacji z subskrypcji. Rezygnacja z ofert e-mailowych dotycz\u0105cych okre\u015blonej us\u0142ugi Sherex powoduje rezygnacj\u0119 tylko z tej us\u0142ugi. Aby zrezygnowa\u0107 ze wszystkich wiadomo\u015bci e-mail marketingowych od Sherex, musisz wys\u0142a\u0107 wiadomo\u015b\u0107 e-mail na adres info@sherex.com z adresu e-mail, z kt\u00f3rego chcesz zrezygnowa\u0107. W wiadomo\u015bci e-mail wyra\u017anie zaznacz: \u201eWypisz mnie ze wszystkich wiadomo\u015bci e-mail marketingowych Sherex Fastening Solutions, LLC\u201d. To jedyny spos\u00f3b, aby mie\u0107 pewno\u015b\u0107, \u017ce nie b\u0119dziesz ju\u017c otrzymywa\u0107 wiadomo\u015bci e-mail reklamowych od Sherex.<\/p>\n<h3>Bezpiecze\u0144stwo danych<\/h3>\n<p>Stosujemy rozs\u0105dne \u015brodki ostro\u017cno\u015bci, aby zapewni\u0107 bezpiecze\u0144stwo udost\u0119pnionych nam informacji u\u017cytkownik\u00f3w. Aby zapobiec nieautoryzowanemu dost\u0119powi, zachowa\u0107 dok\u0142adno\u015b\u0107 danych i zapewni\u0107 w\u0142a\u015bciwe wykorzystanie informacji, wdro\u017cyli\u015bmy komercyjnie uzasadnione procedury fizyczne, elektroniczne i zarz\u0105dcze w celu ochrony i zabezpieczenia gromadzonych przez nas informacji.<\/p>\n<p>Mo\u017cemy ujawnia\u0107 informacje, kt\u00f3re zbieramy, stronom trzecim, na podstawie umowy z nami, w zakresie wymaganym do obs\u0142ugi tej witryny, \u015bwiadczenia okre\u015blonych us\u0142ug lub funkcji oferowanych przez t\u0119 witryn\u0119 lub wykonywania funkcji biznesowych w naszym imieniu. Udost\u0119pnimy te informacje tylko tym firmom, kt\u00f3re naszym zdaniem ponosz\u0105 odpowiedzialno\u015b\u0107. Nie ponosimy jednak odpowiedzialno\u015bci za jakiekolwiek naruszenia bezpiecze\u0144stwa ani za dzia\u0142ania os\u00f3b trzecich, kt\u00f3re otrzymuj\u0105 informacje. Ponadto, po przekazaniu informacji osobie trzeciej, s\u0105 one poza kontrol\u0105 Sherex i podlegaj\u0105 zasadom tej osoby trzeciej.<\/p>\n<h3>Dzieci<\/h3>\n<p>Ta witryna nie jest przeznaczona do u\u017cytku przez dzieci, a warunki korzystania z tej witryny i jej funkcji wymagaj\u0105, aby mie\u0107 uko\u0144czone 18 lat, aby z nich korzysta\u0107.<\/p>\n<h3>Prawnie wymagane ujawnienie informacji<\/h3>\n<p>Sherex mo\u017ce ujawni\u0107 informacje, gdy jest to prawnie wymagane: gdy w dobrej wierze uwa\u017camy, \u017ce prawo wymaga od nas tego lub w celu ochrony naszych praw. <\/p>\n<h3>Okresowe zmiany polityki<\/h3>\n<p>Nale\u017cy pami\u0119ta\u0107, \u017ce Sherex Fastening Solutions, LLC okresowo dokonuje przegl\u0105du swoich praktyk dotycz\u0105cych prywatno\u015bci (tj. w celu \u015bledzenia zmian technologicznych i\/lub prawnych) i \u017ce praktyki te podlegaj\u0105 zmianom. Aby mie\u0107 pewno\u015b\u0107, \u017ce jeste\u015b na bie\u017c\u0105co z najnowsz\u0105 wersj\u0105 naszej polityki prywatno\u015bci, dodaj t\u0119 stron\u0119 do zak\u0142adek i okresowo j\u0105 przegl\u0105daj.<\/p>\n<p>Niniejsze o\u015bwiadczenie dotycz\u0105ce polityki zosta\u0142o sporz\u0105dzone w imieniu Sherex Fastening Solutions, LLC i obowi\u0105zuje od daty ostatniej modyfikacji, jak wskazano powy\u017cej. Niniejsze o\u015bwiadczenie nie tworzy umowy mi\u0119dzy Sherex Fastening Solutions, LLC a u\u017cytkownikami i jako takie nie tworzy \u017cadnych prawnych uprawnie\u0144 dla \u017cadnej ze stron.<\/p>\n<h3>Skontaktuj si\u0119 z nami:<\/h3>\n<p><strong>Rozwi\u0105zania mocuj\u0105ce Sherex<\/strong><br \/>\n400 Riverwalk Pkwy, Apartament 600<br \/>\nTonawanda, Nowy Jork 14150<\/p>\n<p>Telefon: 866.474.3739<br \/>\nE-mail: <a href=\"mailto:info@sherex.com\">info@sherex.com<\/a><br \/>\nStrona internetowa: <a href=\"\/pl\/\">www.sherex.com<\/a><\/p>\n","protected":false},"excerpt":{"rendered":"<p>Ostatnia modyfikacja: 27 lipca 2020 Sherex Fastening Solutions, LLC (\u201eSherex\u201d) szanuje Twoj\u0105 prywatno\u015b\u0107 i informacje odwiedzaj\u0105cych nasz\u0105 witryn\u0119. Nie sprzedajemy ani nie wynajmujemy osobom trzecim \u017cadnych informacji zebranych za po\u015brednictwem tej witryny. Zbierane informacje Je\u015bli poprosisz nas o informacje lub prze\u015blesz je nam, wysy\u0142aj\u0105c wiadomo\u015b\u0107 e-mail lub wype\u0142niaj\u0105c formularz kontaktowy, mo\u017cemy zapisa\u0107 Tw\u00f3j adres e-mail, [&hellip;]<\/p>\n","protected":false},"author":22,"featured_media":0,"parent":0,"menu_order":0,"comment_status":"open","ping_status":"open","template":"","meta":{"_acf_changed":false,"om_disable_all_campaigns":false,"inline_featured_image":false,"_monsterinsights_skip_tracking":false,"_monsterinsights_sitenote_active":false,"_monsterinsights_sitenote_note":"","_monsterinsights_sitenote_category":0,"_uf_show_specific_survey":0,"_uf_disable_surveys":false,"footnotes":""},"class_list":["post-6107","page","type-page","status-publish","hentry"],"acf":[],"yoast_head":"<!-- This site is optimized with the Yoast SEO plugin v27.5 - https:\/\/yoast.com\/product\/yoast-seo-wordpress\/ -->\n<title>Polityka prywatno\u015bci \u2013 Tonawanda, Nowy Jork \u2013 Sherex Fastening Solutions<\/title>\n<meta name=\"description\" content=\"Strona Polityki Prywatno\u015bci Sherex.\" \/>\n<meta name=\"robots\" content=\"index, follow, max-snippet:-1, max-image-preview:large, max-video-preview:-1\" \/>\n<link rel=\"canonical\" href=\"https:\/\/www.sherex.com\/pl\/polityka-prywatnosci\/\" \/>\n<meta property=\"og:locale\" content=\"pl_PL\" \/>\n<meta property=\"og:type\" content=\"article\" \/>\n<meta property=\"og:title\" content=\"Polityka prywatno\u015bci \u2013 Tonawanda, Nowy Jork \u2013 Sherex Fastening Solutions\" \/>\n<meta property=\"og:description\" content=\"Strona Polityki Prywatno\u015bci Sherex.\" \/>\n<meta property=\"og:url\" content=\"https:\/\/www.sherex.com\/pl\/polityka-prywatnosci\/\" \/>\n<meta property=\"og:site_name\" content=\"Sherex Fastening Solutions\" \/>\n<meta property=\"article:modified_time\" content=\"2025-01-10T09:58:28+00:00\" \/>\n<meta name=\"twitter:label1\" content=\"Est. reading time\" \/>\n\t<meta name=\"twitter:data1\" content=\"4 minuty\" \/>\n<script type=\"application\/ld+json\" class=\"yoast-schema-graph\">{\"@context\":\"https:\\\/\\\/schema.org\",\"@graph\":[{\"@type\":\"WebPage\",\"@id\":\"https:\\\/\\\/www.sherex.com\\\/pl\\\/polityka-prywatnosci\\\/\",\"url\":\"https:\\\/\\\/www.sherex.com\\\/pl\\\/polityka-prywatnosci\\\/\",\"name\":\"Polityka prywatno\u015bci \u2013 Tonawanda, Nowy Jork \u2013 Sherex Fastening Solutions\",\"isPartOf\":{\"@id\":\"https:\\\/\\\/www.sherex.com\\\/pl\\\/#website\"},\"datePublished\":\"2014-07-10T20:09:15+00:00\",\"dateModified\":\"2025-01-10T09:58:28+00:00\",\"description\":\"Strona Polityki Prywatno\u015bci Sherex.\",\"breadcrumb\":{\"@id\":\"https:\\\/\\\/www.sherex.com\\\/pl\\\/polityka-prywatnosci\\\/#breadcrumb\"},\"inLanguage\":\"pl-PL\",\"potentialAction\":[{\"@type\":\"ReadAction\",\"target\":[\"https:\\\/\\\/www.sherex.com\\\/pl\\\/polityka-prywatnosci\\\/\"]}]},{\"@type\":\"BreadcrumbList\",\"@id\":\"https:\\\/\\\/www.sherex.com\\\/pl\\\/polityka-prywatnosci\\\/#breadcrumb\",\"itemListElement\":[{\"@type\":\"ListItem\",\"position\":1,\"name\":\"Home\",\"item\":\"https:\\\/\\\/www.sherex.com\\\/pl\\\/\"},{\"@type\":\"ListItem\",\"position\":2,\"name\":\"Polityka prywatno\u015bci\"}]},{\"@type\":\"WebSite\",\"@id\":\"https:\\\/\\\/www.sherex.com\\\/pl\\\/#website\",\"url\":\"https:\\\/\\\/www.sherex.com\\\/pl\\\/\",\"name\":\"Sherex Fastening Solutions\",\"description\":\"\",\"potentialAction\":[{\"@type\":\"SearchAction\",\"target\":{\"@type\":\"EntryPoint\",\"urlTemplate\":\"https:\\\/\\\/www.sherex.com\\\/pl\\\/?s={search_term_string}\"},\"query-input\":{\"@type\":\"PropertyValueSpecification\",\"valueRequired\":true,\"valueName\":\"search_term_string\"}}],\"inLanguage\":\"pl-PL\"}]}<\/script>\n<!-- \/ Yoast SEO plugin. -->","yoast_head_json":{"title":"Polityka prywatno\u015bci \u2013 Tonawanda, Nowy Jork \u2013 Sherex Fastening Solutions","description":"Strona Polityki Prywatno\u015bci Sherex.","robots":{"index":"index","follow":"follow","max-snippet":"max-snippet:-1","max-image-preview":"max-image-preview:large","max-video-preview":"max-video-preview:-1"},"canonical":"https:\/\/www.sherex.com\/pl\/polityka-prywatnosci\/","og_locale":"pl_PL","og_type":"article","og_title":"Polityka prywatno\u015bci \u2013 Tonawanda, Nowy Jork \u2013 Sherex Fastening Solutions","og_description":"Strona Polityki Prywatno\u015bci Sherex.","og_url":"https:\/\/www.sherex.com\/pl\/polityka-prywatnosci\/","og_site_name":"Sherex Fastening Solutions","article_modified_time":"2025-01-10T09:58:28+00:00","twitter_misc":{"Est. reading time":"4 minuty"},"schema":{"@context":"https:\/\/schema.org","@graph":[{"@type":"WebPage","@id":"https:\/\/www.sherex.com\/pl\/polityka-prywatnosci\/","url":"https:\/\/www.sherex.com\/pl\/polityka-prywatnosci\/","name":"Polityka prywatno\u015bci \u2013 Tonawanda, Nowy Jork \u2013 Sherex Fastening Solutions","isPartOf":{"@id":"https:\/\/www.sherex.com\/pl\/#website"},"datePublished":"2014-07-10T20:09:15+00:00","dateModified":"2025-01-10T09:58:28+00:00","description":"Strona Polityki Prywatno\u015bci Sherex.","breadcrumb":{"@id":"https:\/\/www.sherex.com\/pl\/polityka-prywatnosci\/#breadcrumb"},"inLanguage":"pl-PL","potentialAction":[{"@type":"ReadAction","target":["https:\/\/www.sherex.com\/pl\/polityka-prywatnosci\/"]}]},{"@type":"BreadcrumbList","@id":"https:\/\/www.sherex.com\/pl\/polityka-prywatnosci\/#breadcrumb","itemListElement":[{"@type":"ListItem","position":1,"name":"Home","item":"https:\/\/www.sherex.com\/pl\/"},{"@type":"ListItem","position":2,"name":"Polityka prywatno\u015bci"}]},{"@type":"WebSite","@id":"https:\/\/www.sherex.com\/pl\/#website","url":"https:\/\/www.sherex.com\/pl\/","name":"Sherex Fastening Solutions","description":"","potentialAction":[{"@type":"SearchAction","target":{"@type":"EntryPoint","urlTemplate":"https:\/\/www.sherex.com\/pl\/?s={search_term_string}"},"query-input":{"@type":"PropertyValueSpecification","valueRequired":true,"valueName":"search_term_string"}}],"inLanguage":"pl-PL"}]}},"_links":{"self":[{"href":"https:\/\/www.sherex.com\/pl\/wp-json\/wp\/v2\/pages\/6107","targetHints":{"allow":["GET"]}}],"collection":[{"href":"https:\/\/www.sherex.com\/pl\/wp-json\/wp\/v2\/pages"}],"about":[{"href":"https:\/\/www.sherex.com\/pl\/wp-json\/wp\/v2\/types\/page"}],"author":[{"embeddable":true,"href":"https:\/\/www.sherex.com\/pl\/wp-json\/wp\/v2\/users\/22"}],"replies":[{"embeddable":true,"href":"https:\/\/www.sherex.com\/pl\/wp-json\/wp\/v2\/comments?post=6107"}],"version-history":[{"count":0,"href":"https:\/\/www.sherex.com\/pl\/wp-json\/wp\/v2\/pages\/6107\/revisions"}],"wp:attachment":[{"href":"https:\/\/www.sherex.com\/pl\/wp-json\/wp\/v2\/media?parent=6107"}],"curies":[{"name":"wp","href":"https:\/\/api.w.org\/{rel}","templated":true}]}}